{"id":2710,"date":"2025-07-18T14:38:13","date_gmt":"2025-07-18T14:38:13","guid":{"rendered":"https:\/\/vandalvan.com\/?post_type=product&#038;p=2710"},"modified":"2025-09-17T05:55:02","modified_gmt":"2025-09-17T05:55:02","slug":"bilet-biwak-kamper","status":"publish","type":"product","link":"https:\/\/vandalvan.com\/index.php\/product\/bilet-biwak-kamper\/","title":{"rendered":"ZRZUTKA na Biwak VANClan (kamper) &#8211; 19-21.09.2025"},"content":{"rendered":"<p><strong>ZRZUTKA w formie biletu dla jednej osoby<\/strong> z noclegiem w\u0142asnym na polu kempingowym w Zubrzycy G\u00f3rnej (<a href=\"https:\/\/maps.app.goo.gl\/WTZnLtxiJrL3NkHx9\">link<\/a>)<\/p>\n<p>Bilet uprawnia do:<br \/>\n&#8211; noclegu na polu kempingowym z podstawow\u0105 infrastruktur\u0105 sanitarn\u0105<br \/>\n&#8211; uczestnictwa we wszystkich wydarzeniach organizowanych w ramach zlotu (ogniska, wycieczka w g\u00f3ry, ruskie banie, regionalne kolacje)<br \/>\nProgram imprezy zosta\u0142 opisany w folderze (<a href=\"https:\/\/drive.google.com\/file\/d\/1F4XinsdLLMd5AJU4JO9yCuZBkoXHA4Tv\/view?usp=drive_link\">link<\/a>)<\/p>\n<p>Uczestnictwo wi\u0105\u017ce si\u0119 z akceptacj\u0105 regulaminu imprezy (<a href=\"https:\/\/drive.google.com\/file\/d\/1QCBm4T7rwakNskhtA3IORxK86Os0e1eX\/view?usp=sharing\">link<\/a>)<\/p>\n<p>Impreza ma charakter rodzinny &#8211; mo\u017cecie do\u0142\u0105cza\u0107 z Partnerem, Partnerkom dzieciakami, zwirzakami \ud83d\ude0a Bilet jest form\u0105 sk\u0142adki wy\u0142\u0105cznie na koszty organizacji imprezy.<\/p>\n<p>Cena 250 z\u0142 (zawiera 8% VAT)<\/p>\n<p>(pro\u015bba o indywidualny kontakt w przypadku potrzeby otrzymania faktury)<\/p>\n","protected":false},"excerpt":{"rendered":"<p>ZRZUTKA w formie biletu dla jednej osoby z noclegiem w\u0142asnym na polu kempingowym w Zubrzycy G\u00f3rnej (link) Bilet uprawnia do: &#8211; noclegu na polu kempingowym z podstawow\u0105 infrastruktur\u0105 sanitarn\u0105 &#8211; uczestnictwa we wszystkich wydarzeniach organizowanych w ramach zlotu (ogniska, wycieczka w g\u00f3ry, ruskie banie, regionalne kolacje) Program imprezy zosta\u0142 opisany w folderze (link) Uczestnictwo wi\u0105\u017ce &hellip; <\/p>\n<p class=\"link-more\"><a href=\"https:\/\/vandalvan.com\/index.php\/product\/bilet-biwak-kamper\/\" class=\"more-link\">Czytaj dalej<span class=\"screen-reader-text\"> \u201eZRZUTKA na Biwak VANClan (kamper) &#8211; 19-21.09.2025\u201d<\/span><\/a><\/p>\n","protected":false},"featured_media":2713,"comment_status":"open","ping_status":"closed","template":"","meta":[],"product_brand":[],"product_cat":[96],"product_tag":[],"class_list":{"0":"post-2710","1":"product","2":"type-product","3":"status-publish","4":"has-post-thumbnail","6":"product_cat-uncategorized","8":"first","9":"outofstock","10":"taxable","11":"shipping-taxable","12":"purchasable","13":"product-type-simple"},"yoast_head":"<!-- This site is optimized with the Yoast SEO plugin v26.8 - https:\/\/yoast.com\/product\/yoast-seo-wordpress\/ -->\n<title>ZRZUTKA na Biwak VANClan (kamper) - 19-21.09.2025 - VANDALVAN<\/title>\n<meta name=\"robots\" content=\"index, follow, max-snippet:-1, max-image-preview:large, max-video-preview:-1\" \/>\n<link rel=\"canonical\" href=\"https:\/\/vandalvan.com\/index.php\/product\/bilet-biwak-kamper\/\" \/>\n<meta property=\"og:locale\" content=\"pl_PL\" \/>\n<meta property=\"og:type\" content=\"article\" \/>\n<meta property=\"og:title\" content=\"ZRZUTKA na Biwak VANClan (kamper) - 19-21.09.2025 - VANDALVAN\" \/>\n<meta property=\"og:description\" content=\"ZRZUTKA w formie biletu dla jednej osoby z noclegiem w\u0142asnym na polu kempingowym w Zubrzycy G\u00f3rnej (link) Bilet uprawnia do: &#8211; noclegu na polu kempingowym z podstawow\u0105 infrastruktur\u0105 sanitarn\u0105 &#8211; uczestnictwa we wszystkich wydarzeniach organizowanych w ramach zlotu (ogniska, wycieczka w g\u00f3ry, ruskie banie, regionalne kolacje) Program imprezy zosta\u0142 opisany w folderze (link) Uczestnictwo wi\u0105\u017ce &hellip; Czytaj dalej \u201eZRZUTKA na Biwak VANClan (kamper) &#8211; 19-21.09.2025\u201d\" \/>\n<meta property=\"og:url\" content=\"https:\/\/vandalvan.com\/index.php\/product\/bilet-biwak-kamper\/\" \/>\n<meta property=\"og:site_name\" content=\"VANDALVAN\" \/>\n<meta property=\"article:modified_time\" content=\"2025-09-17T05:55:02+00:00\" \/>\n<meta property=\"og:image\" content=\"https:\/\/vandalvan.com\/wp-content\/uploads\/2025\/07\/BIWAK-W-BESKIDACH.png\" \/>\n\t<meta property=\"og:image:width\" content=\"1000\" \/>\n\t<meta property=\"og:image:height\" content=\"1000\" \/>\n\t<meta property=\"og:image:type\" content=\"image\/png\" \/>\n<meta name=\"twitter:card\" content=\"summary_large_image\" \/>\n<meta name=\"twitter:label1\" content=\"Szacowany czas czytania\" \/>\n\t<meta name=\"twitter:data1\" content=\"1 minuta\" \/>\n<script type=\"application\/ld+json\" class=\"yoast-schema-graph\">{\"@context\":\"https:\/\/schema.org\",\"@graph\":[{\"@type\":\"WebPage\",\"@id\":\"https:\/\/vandalvan.com\/index.php\/product\/bilet-biwak-kamper\/\",\"url\":\"https:\/\/vandalvan.com\/index.php\/product\/bilet-biwak-kamper\/\",\"name\":\"ZRZUTKA na Biwak VANClan (kamper) - 19-21.09.2025 - VANDALVAN\",\"isPartOf\":{\"@id\":\"https:\/\/vandalvan.com\/#website\"},\"primaryImageOfPage\":{\"@id\":\"https:\/\/vandalvan.com\/index.php\/product\/bilet-biwak-kamper\/#primaryimage\"},\"image\":{\"@id\":\"https:\/\/vandalvan.com\/index.php\/product\/bilet-biwak-kamper\/#primaryimage\"},\"thumbnailUrl\":\"https:\/\/vandalvan.com\/wp-content\/uploads\/2025\/07\/BIWAK-W-BESKIDACH.png\",\"datePublished\":\"2025-07-18T14:38:13+00:00\",\"dateModified\":\"2025-09-17T05:55:02+00:00\",\"breadcrumb\":{\"@id\":\"https:\/\/vandalvan.com\/index.php\/product\/bilet-biwak-kamper\/#breadcrumb\"},\"inLanguage\":\"pl-PL\",\"potentialAction\":[{\"@type\":\"ReadAction\",\"target\":[\"https:\/\/vandalvan.com\/index.php\/product\/bilet-biwak-kamper\/\"]}]},{\"@type\":\"ImageObject\",\"inLanguage\":\"pl-PL\",\"@id\":\"https:\/\/vandalvan.com\/index.php\/product\/bilet-biwak-kamper\/#primaryimage\",\"url\":\"https:\/\/vandalvan.com\/wp-content\/uploads\/2025\/07\/BIWAK-W-BESKIDACH.png\",\"contentUrl\":\"https:\/\/vandalvan.com\/wp-content\/uploads\/2025\/07\/BIWAK-W-BESKIDACH.png\",\"width\":1000,\"height\":1000},{\"@type\":\"BreadcrumbList\",\"@id\":\"https:\/\/vandalvan.com\/index.php\/product\/bilet-biwak-kamper\/#breadcrumb\",\"itemListElement\":[{\"@type\":\"ListItem\",\"position\":1,\"name\":\"Strona g\u0142\u00f3wna\",\"item\":\"https:\/\/vandalvan.com\/\"},{\"@type\":\"ListItem\",\"position\":2,\"name\":\"Koszyk\",\"item\":\"https:\/\/vandalvan.com\/index.php\/koszyk\/\"},{\"@type\":\"ListItem\",\"position\":3,\"name\":\"ZRZUTKA na Biwak VANClan (kamper) &#8211; 19-21.09.2025\"}]},{\"@type\":\"WebSite\",\"@id\":\"https:\/\/vandalvan.com\/#website\",\"url\":\"https:\/\/vandalvan.com\/\",\"name\":\"VANDALVAN\",\"description\":\"Feels like home\",\"publisher\":{\"@id\":\"https:\/\/vandalvan.com\/#organization\"},\"potentialAction\":[{\"@type\":\"SearchAction\",\"target\":{\"@type\":\"EntryPoint\",\"urlTemplate\":\"https:\/\/vandalvan.com\/?s={search_term_string}\"},\"query-input\":{\"@type\":\"PropertyValueSpecification\",\"valueRequired\":true,\"valueName\":\"search_term_string\"}}],\"inLanguage\":\"pl-PL\"},{\"@type\":\"Organization\",\"@id\":\"https:\/\/vandalvan.com\/#organization\",\"name\":\"VANDALVAN\",\"url\":\"https:\/\/vandalvan.com\/\",\"logo\":{\"@type\":\"ImageObject\",\"inLanguage\":\"pl-PL\",\"@id\":\"https:\/\/vandalvan.com\/#\/schema\/logo\/image\/\",\"url\":\"https:\/\/vandalvan.com\/wp-content\/uploads\/2022\/08\/cropped-VANDALVAN-logo-haslo_biale.png\",\"contentUrl\":\"https:\/\/vandalvan.com\/wp-content\/uploads\/2022\/08\/cropped-VANDALVAN-logo-haslo_biale.png\",\"width\":631,\"height\":250,\"caption\":\"VANDALVAN\"},\"image\":{\"@id\":\"https:\/\/vandalvan.com\/#\/schema\/logo\/image\/\"}}]}<\/script>\n<!-- \/ Yoast SEO plugin. -->","yoast_head_json":{"title":"ZRZUTKA na Biwak VANClan (kamper) - 19-21.09.2025 - VANDALVAN","robots":{"index":"index","follow":"follow","max-snippet":"max-snippet:-1","max-image-preview":"max-image-preview:large","max-video-preview":"max-video-preview:-1"},"canonical":"https:\/\/vandalvan.com\/index.php\/product\/bilet-biwak-kamper\/","og_locale":"pl_PL","og_type":"article","og_title":"ZRZUTKA na Biwak VANClan (kamper) - 19-21.09.2025 - VANDALVAN","og_description":"ZRZUTKA w formie biletu dla jednej osoby z noclegiem w\u0142asnym na polu kempingowym w Zubrzycy G\u00f3rnej (link) Bilet uprawnia do: &#8211; noclegu na polu kempingowym z podstawow\u0105 infrastruktur\u0105 sanitarn\u0105 &#8211; uczestnictwa we wszystkich wydarzeniach organizowanych w ramach zlotu (ogniska, wycieczka w g\u00f3ry, ruskie banie, regionalne kolacje) Program imprezy zosta\u0142 opisany w folderze (link) Uczestnictwo wi\u0105\u017ce &hellip; Czytaj dalej \u201eZRZUTKA na Biwak VANClan (kamper) &#8211; 19-21.09.2025\u201d","og_url":"https:\/\/vandalvan.com\/index.php\/product\/bilet-biwak-kamper\/","og_site_name":"VANDALVAN","article_modified_time":"2025-09-17T05:55:02+00:00","og_image":[{"width":1000,"height":1000,"url":"https:\/\/vandalvan.com\/wp-content\/uploads\/2025\/07\/BIWAK-W-BESKIDACH.png","type":"image\/png"}],"twitter_card":"summary_large_image","twitter_misc":{"Szacowany czas czytania":"1 minuta"},"schema":{"@context":"https:\/\/schema.org","@graph":[{"@type":"WebPage","@id":"https:\/\/vandalvan.com\/index.php\/product\/bilet-biwak-kamper\/","url":"https:\/\/vandalvan.com\/index.php\/product\/bilet-biwak-kamper\/","name":"ZRZUTKA na Biwak VANClan (kamper) - 19-21.09.2025 - VANDALVAN","isPartOf":{"@id":"https:\/\/vandalvan.com\/#website"},"primaryImageOfPage":{"@id":"https:\/\/vandalvan.com\/index.php\/product\/bilet-biwak-kamper\/#primaryimage"},"image":{"@id":"https:\/\/vandalvan.com\/index.php\/product\/bilet-biwak-kamper\/#primaryimage"},"thumbnailUrl":"https:\/\/vandalvan.com\/wp-content\/uploads\/2025\/07\/BIWAK-W-BESKIDACH.png","datePublished":"2025-07-18T14:38:13+00:00","dateModified":"2025-09-17T05:55:02+00:00","breadcrumb":{"@id":"https:\/\/vandalvan.com\/index.php\/product\/bilet-biwak-kamper\/#breadcrumb"},"inLanguage":"pl-PL","potentialAction":[{"@type":"ReadAction","target":["https:\/\/vandalvan.com\/index.php\/product\/bilet-biwak-kamper\/"]}]},{"@type":"ImageObject","inLanguage":"pl-PL","@id":"https:\/\/vandalvan.com\/index.php\/product\/bilet-biwak-kamper\/#primaryimage","url":"https:\/\/vandalvan.com\/wp-content\/uploads\/2025\/07\/BIWAK-W-BESKIDACH.png","contentUrl":"https:\/\/vandalvan.com\/wp-content\/uploads\/2025\/07\/BIWAK-W-BESKIDACH.png","width":1000,"height":1000},{"@type":"BreadcrumbList","@id":"https:\/\/vandalvan.com\/index.php\/product\/bilet-biwak-kamper\/#breadcrumb","itemListElement":[{"@type":"ListItem","position":1,"name":"Strona g\u0142\u00f3wna","item":"https:\/\/vandalvan.com\/"},{"@type":"ListItem","position":2,"name":"Koszyk","item":"https:\/\/vandalvan.com\/index.php\/koszyk\/"},{"@type":"ListItem","position":3,"name":"ZRZUTKA na Biwak VANClan (kamper) &#8211; 19-21.09.2025"}]},{"@type":"WebSite","@id":"https:\/\/vandalvan.com\/#website","url":"https:\/\/vandalvan.com\/","name":"VANDALVAN","description":"Feels like home","publisher":{"@id":"https:\/\/vandalvan.com\/#organization"},"potentialAction":[{"@type":"SearchAction","target":{"@type":"EntryPoint","urlTemplate":"https:\/\/vandalvan.com\/?s={search_term_string}"},"query-input":{"@type":"PropertyValueSpecification","valueRequired":true,"valueName":"search_term_string"}}],"inLanguage":"pl-PL"},{"@type":"Organization","@id":"https:\/\/vandalvan.com\/#organization","name":"VANDALVAN","url":"https:\/\/vandalvan.com\/","logo":{"@type":"ImageObject","inLanguage":"pl-PL","@id":"https:\/\/vandalvan.com\/#\/schema\/logo\/image\/","url":"https:\/\/vandalvan.com\/wp-content\/uploads\/2022\/08\/cropped-VANDALVAN-logo-haslo_biale.png","contentUrl":"https:\/\/vandalvan.com\/wp-content\/uploads\/2022\/08\/cropped-VANDALVAN-logo-haslo_biale.png","width":631,"height":250,"caption":"VANDALVAN"},"image":{"@id":"https:\/\/vandalvan.com\/#\/schema\/logo\/image\/"}}]}},"_links":{"self":[{"href":"https:\/\/vandalvan.com\/index.php\/wp-json\/wp\/v2\/product\/2710","targetHints":{"allow":["GET"]}}],"collection":[{"href":"https:\/\/vandalvan.com\/index.php\/wp-json\/wp\/v2\/product"}],"about":[{"href":"https:\/\/vandalvan.com\/index.php\/wp-json\/wp\/v2\/types\/product"}],"replies":[{"embeddable":true,"href":"https:\/\/vandalvan.com\/index.php\/wp-json\/wp\/v2\/comments?post=2710"}],"wp:featuredmedia":[{"embeddable":true,"href":"https:\/\/vandalvan.com\/index.php\/wp-json\/wp\/v2\/media\/2713"}],"wp:attachment":[{"href":"https:\/\/vandalvan.com\/index.php\/wp-json\/wp\/v2\/media?parent=2710"}],"wp:term":[{"taxonomy":"product_brand","embeddable":true,"href":"https:\/\/vandalvan.com\/index.php\/wp-json\/wp\/v2\/product_brand?post=2710"},{"taxonomy":"product_cat","embeddable":true,"href":"https:\/\/vandalvan.com\/index.php\/wp-json\/wp\/v2\/product_cat?post=2710"},{"taxonomy":"product_tag","embeddable":true,"href":"https:\/\/vandalvan.com\/index.php\/wp-json\/wp\/v2\/product_tag?post=2710"}],"curies":[{"name":"wp","href":"https:\/\/api.w.org\/{rel}","templated":true}]}}