{"id":2691,"date":"2025-06-03T07:23:33","date_gmt":"2025-06-03T07:23:33","guid":{"rendered":"https:\/\/vandalvan.com\/?post_type=product&#038;p=2691"},"modified":"2026-04-08T06:39:15","modified_gmt":"2026-04-08T06:39:15","slug":"wakacje2_sun","status":"publish","type":"product","link":"https:\/\/vandalvan.com\/index.php\/product\/wakacje2_sun\/","title":{"rendered":"30.04-5.05 &#8211; maj\u00f3wka z VANDALVAN \ud83d\ude90\ud83c\udf3c"},"content":{"rendered":"<p style=\"text-align: left;\"><strong>Oferta (5 nocy): <\/strong>2690,00 z\u0142<strong><br \/>\n<\/strong><strong>Termin: <\/strong>30.04 &#8211; 5.05.2026 (czwartek &#8211; wtorek)<br \/>\n<strong>Miejsce:<\/strong> odbi\u00f3r z Bielsko-Bia\u0142a (mo\u017cliwo\u015b\u0107 pozostawienia samochodu &#8211; parking ogrodzony z monitoringiem)<\/p>\n<p><strong>Gdzie \u015bpicie?<\/strong><\/p>\n<p>W kamperze dost\u0119pne jest szerokie \u0142\u00f3\u017cko o wymiarach 150&#215;200 cm.<br \/>\nNa dachu dost\u0119pne jest dodatkowe \u0142\u00f3\u017cko 120&#215;200 cm &#8211; z pi\u0119knym widokiem o poranku \u2600\ufe0f<\/p>\n<p><strong>Prowadzenie vana<\/strong><\/p>\n<p>Kamperem mo\u017cna wygodnie pokonywa\u0107 d\u0142u\u017csze trasy z pr\u0119dko\u015bci\u0105 max 120 km\/h. Wystarczy Wam <strong>prawo jazdy kat. B<\/strong>. Van jest kr\u00f3tki (540 cm) &#8211; dzi\u0119ki czemu prowadzenie i manewrowanie nie r\u00f3\u017cni si\u0119 znacz\u0105co od jazdy wi\u0119kszym kombi.<\/p>\n<p><strong>Co na wyposa\u017ceniu?<\/strong><\/p>\n<p>\ud83d\udc49 p\u0142yta dwupalnikowa<br \/>\n\ud83d\udc49 lod\u00f3wka 45l<br \/>\n\ud83d\udc49 zbiornik czystej wody 70l<br \/>\n\ud83d\udc49 toaleta chemiczna<br \/>\n\ud83d\udc49 prysznic zewn\u0119trzny (+ namiot prysznicowy)<br \/>\n\ud83d\udc49 bojler ciep\u0142ej wody<br \/>\n\ud83d\udc49 ogrzewanie postojowe<br \/>\n\ud83d\udc49 gniazdka 230V (niezale\u017cne zasilanie z paneli fotowoltaicznych)<br \/>\n\ud83d\udc49 po\u015bciel i ca\u0142e wyposa\u017cenie potrzebne w podr\u00f3\u017cy<br \/>\n\ud83d\udc49 krzes\u0142a i stolik kempingowy<br \/>\n\ud83d\udc49 baga\u017cnik na 2 rowery<\/p>\n<p>Zasady wynajmu i rezerwacji zgodnie z opisem na stronie &#8211; <a href=\"https:\/\/vandalvan.com\/index.php\/wynajem-kampera-wynajem-campervana\/\">link <\/a><\/p>\n<p>Auto obj\u0119te jest ubezpieczeniem OC\/AC oraz Assistance. Minimalny wiek kierowcy 25 lat (3 lata do\u015bwiadczenia). Kaucja w wysoko\u015bci 3 000 z\u0142 (p\u0142atna przed wyjazdem \/ zwracana do 7 dni po zdaniu samochodu).<\/p>\n<p>Zawiera op\u0142at\u0119 serwisow\u0105.<\/p>\n","protected":false},"excerpt":{"rendered":"<p>Oferta (5 nocy): 2690,00 z\u0142 Termin: 30.04 &#8211; 5.05.2026 (czwartek &#8211; wtorek) Miejsce: odbi\u00f3r z Bielsko-Bia\u0142a (mo\u017cliwo\u015b\u0107 pozostawienia samochodu &#8211; parking ogrodzony z monitoringiem) Gdzie \u015bpicie? W kamperze dost\u0119pne jest szerokie \u0142\u00f3\u017cko o wymiarach 150&#215;200 cm. Na dachu dost\u0119pne jest dodatkowe \u0142\u00f3\u017cko 120&#215;200 cm &#8211; z pi\u0119knym widokiem o poranku \u2600\ufe0f Prowadzenie vana Kamperem mo\u017cna &hellip; <\/p>\n<p class=\"link-more\"><a href=\"https:\/\/vandalvan.com\/index.php\/product\/wakacje2_sun\/\" class=\"more-link\">Czytaj dalej<span class=\"screen-reader-text\"> \u201e30.04-5.05 &#8211; maj\u00f3wka z VANDALVAN \ud83d\ude90\ud83c\udf3c\u201d<\/span><\/a><\/p>\n","protected":false},"featured_media":2316,"comment_status":"open","ping_status":"closed","template":"","meta":[],"product_brand":[],"product_cat":[110,111],"product_tag":[],"class_list":{"0":"post-2691","1":"product","2":"type-product","3":"status-publish","4":"has-post-thumbnail","6":"product_cat-wynajem-2","7":"product_cat-wynajem-3","9":"first","10":"instock","11":"sale","12":"virtual","13":"sold-individually","14":"taxable","15":"purchasable","16":"product-type-simple"},"yoast_head":"<!-- This site is optimized with the Yoast SEO plugin v26.8 - https:\/\/yoast.com\/product\/yoast-seo-wordpress\/ -->\n<title>30.04-5.05 - maj\u00f3wka z VANDALVAN \ud83d\ude90\ud83c\udf3c - VANDALVAN<\/title>\n<meta name=\"description\" content=\"Do\u015bwiadczenie natury i \u017cycia w drodze. Wynajmij wyj\u0105tkowego kampera VANDALVAN - skorzystaj z pocz\u0105tku lata i d\u0142ugich dni.\" \/>\n<meta name=\"robots\" content=\"index, follow, max-snippet:-1, max-image-preview:large, max-video-preview:-1\" \/>\n<link rel=\"canonical\" href=\"https:\/\/vandalvan.com\/index.php\/product\/wakacje2_sun\/\" \/>\n<meta property=\"og:locale\" content=\"pl_PL\" \/>\n<meta property=\"og:type\" content=\"article\" \/>\n<meta property=\"og:title\" content=\"30.04-5.05 - maj\u00f3wka z VANDALVAN \ud83d\ude90\ud83c\udf3c - VANDALVAN\" \/>\n<meta property=\"og:description\" content=\"Do\u015bwiadczenie natury i \u017cycia w drodze. Wynajmij wyj\u0105tkowego kampera VANDALVAN - skorzystaj z pocz\u0105tku lata i d\u0142ugich dni.\" \/>\n<meta property=\"og:url\" content=\"https:\/\/vandalvan.com\/index.php\/product\/wakacje2_sun\/\" \/>\n<meta property=\"og:site_name\" content=\"VANDALVAN\" \/>\n<meta property=\"article:modified_time\" content=\"2026-04-08T06:39:15+00:00\" \/>\n<meta property=\"og:image\" content=\"https:\/\/vandalvan.com\/wp-content\/uploads\/2024\/01\/P1016958.jpg\" \/>\n\t<meta property=\"og:image:width\" content=\"2048\" \/>\n\t<meta property=\"og:image:height\" content=\"1536\" \/>\n\t<meta property=\"og:image:type\" content=\"image\/jpeg\" \/>\n<meta name=\"twitter:card\" content=\"summary_large_image\" \/>\n<meta name=\"twitter:label1\" content=\"Szacowany czas czytania\" \/>\n\t<meta name=\"twitter:data1\" content=\"2 minuty\" \/>\n<script type=\"application\/ld+json\" class=\"yoast-schema-graph\">{\"@context\":\"https:\/\/schema.org\",\"@graph\":[{\"@type\":\"WebPage\",\"@id\":\"https:\/\/vandalvan.com\/index.php\/product\/wakacje2_sun\/\",\"url\":\"https:\/\/vandalvan.com\/index.php\/product\/wakacje2_sun\/\",\"name\":\"30.04-5.05 - maj\u00f3wka z VANDALVAN \ud83d\ude90\ud83c\udf3c - VANDALVAN\",\"isPartOf\":{\"@id\":\"https:\/\/vandalvan.com\/#website\"},\"primaryImageOfPage\":{\"@id\":\"https:\/\/vandalvan.com\/index.php\/product\/wakacje2_sun\/#primaryimage\"},\"image\":{\"@id\":\"https:\/\/vandalvan.com\/index.php\/product\/wakacje2_sun\/#primaryimage\"},\"thumbnailUrl\":\"https:\/\/vandalvan.com\/wp-content\/uploads\/2024\/01\/P1016958.jpg\",\"datePublished\":\"2025-06-03T07:23:33+00:00\",\"dateModified\":\"2026-04-08T06:39:15+00:00\",\"description\":\"Do\u015bwiadczenie natury i \u017cycia w drodze. Wynajmij wyj\u0105tkowego kampera VANDALVAN - skorzystaj z pocz\u0105tku lata i d\u0142ugich dni.\",\"breadcrumb\":{\"@id\":\"https:\/\/vandalvan.com\/index.php\/product\/wakacje2_sun\/#breadcrumb\"},\"inLanguage\":\"pl-PL\",\"potentialAction\":[{\"@type\":\"ReadAction\",\"target\":[\"https:\/\/vandalvan.com\/index.php\/product\/wakacje2_sun\/\"]}]},{\"@type\":\"ImageObject\",\"inLanguage\":\"pl-PL\",\"@id\":\"https:\/\/vandalvan.com\/index.php\/product\/wakacje2_sun\/#primaryimage\",\"url\":\"https:\/\/vandalvan.com\/wp-content\/uploads\/2024\/01\/P1016958.jpg\",\"contentUrl\":\"https:\/\/vandalvan.com\/wp-content\/uploads\/2024\/01\/P1016958.jpg\",\"width\":2048,\"height\":1536,\"caption\":\"OLYMPUS DIGITAL CAMERA\"},{\"@type\":\"BreadcrumbList\",\"@id\":\"https:\/\/vandalvan.com\/index.php\/product\/wakacje2_sun\/#breadcrumb\",\"itemListElement\":[{\"@type\":\"ListItem\",\"position\":1,\"name\":\"Strona g\u0142\u00f3wna\",\"item\":\"https:\/\/vandalvan.com\/\"},{\"@type\":\"ListItem\",\"position\":2,\"name\":\"Koszyk\",\"item\":\"https:\/\/vandalvan.com\/index.php\/koszyk\/\"},{\"@type\":\"ListItem\",\"position\":3,\"name\":\"30.04-5.05 &#8211; maj\u00f3wka z VANDALVAN \ud83d\ude90\ud83c\udf3c\"}]},{\"@type\":\"WebSite\",\"@id\":\"https:\/\/vandalvan.com\/#website\",\"url\":\"https:\/\/vandalvan.com\/\",\"name\":\"VANDALVAN\",\"description\":\"Feels like home\",\"publisher\":{\"@id\":\"https:\/\/vandalvan.com\/#organization\"},\"potentialAction\":[{\"@type\":\"SearchAction\",\"target\":{\"@type\":\"EntryPoint\",\"urlTemplate\":\"https:\/\/vandalvan.com\/?s={search_term_string}\"},\"query-input\":{\"@type\":\"PropertyValueSpecification\",\"valueRequired\":true,\"valueName\":\"search_term_string\"}}],\"inLanguage\":\"pl-PL\"},{\"@type\":\"Organization\",\"@id\":\"https:\/\/vandalvan.com\/#organization\",\"name\":\"VANDALVAN\",\"url\":\"https:\/\/vandalvan.com\/\",\"logo\":{\"@type\":\"ImageObject\",\"inLanguage\":\"pl-PL\",\"@id\":\"https:\/\/vandalvan.com\/#\/schema\/logo\/image\/\",\"url\":\"https:\/\/vandalvan.com\/wp-content\/uploads\/2022\/08\/cropped-VANDALVAN-logo-haslo_biale.png\",\"contentUrl\":\"https:\/\/vandalvan.com\/wp-content\/uploads\/2022\/08\/cropped-VANDALVAN-logo-haslo_biale.png\",\"width\":631,\"height\":250,\"caption\":\"VANDALVAN\"},\"image\":{\"@id\":\"https:\/\/vandalvan.com\/#\/schema\/logo\/image\/\"}}]}<\/script>\n<!-- \/ Yoast SEO plugin. -->","yoast_head_json":{"title":"30.04-5.05 - maj\u00f3wka z VANDALVAN \ud83d\ude90\ud83c\udf3c - VANDALVAN","description":"Do\u015bwiadczenie natury i \u017cycia w drodze. Wynajmij wyj\u0105tkowego kampera VANDALVAN - skorzystaj z pocz\u0105tku lata i d\u0142ugich dni.","robots":{"index":"index","follow":"follow","max-snippet":"max-snippet:-1","max-image-preview":"max-image-preview:large","max-video-preview":"max-video-preview:-1"},"canonical":"https:\/\/vandalvan.com\/index.php\/product\/wakacje2_sun\/","og_locale":"pl_PL","og_type":"article","og_title":"30.04-5.05 - maj\u00f3wka z VANDALVAN \ud83d\ude90\ud83c\udf3c - VANDALVAN","og_description":"Do\u015bwiadczenie natury i \u017cycia w drodze. Wynajmij wyj\u0105tkowego kampera VANDALVAN - skorzystaj z pocz\u0105tku lata i d\u0142ugich dni.","og_url":"https:\/\/vandalvan.com\/index.php\/product\/wakacje2_sun\/","og_site_name":"VANDALVAN","article_modified_time":"2026-04-08T06:39:15+00:00","og_image":[{"width":2048,"height":1536,"url":"https:\/\/vandalvan.com\/wp-content\/uploads\/2024\/01\/P1016958.jpg","type":"image\/jpeg"}],"twitter_card":"summary_large_image","twitter_misc":{"Szacowany czas czytania":"2 minuty"},"schema":{"@context":"https:\/\/schema.org","@graph":[{"@type":"WebPage","@id":"https:\/\/vandalvan.com\/index.php\/product\/wakacje2_sun\/","url":"https:\/\/vandalvan.com\/index.php\/product\/wakacje2_sun\/","name":"30.04-5.05 - maj\u00f3wka z VANDALVAN \ud83d\ude90\ud83c\udf3c - VANDALVAN","isPartOf":{"@id":"https:\/\/vandalvan.com\/#website"},"primaryImageOfPage":{"@id":"https:\/\/vandalvan.com\/index.php\/product\/wakacje2_sun\/#primaryimage"},"image":{"@id":"https:\/\/vandalvan.com\/index.php\/product\/wakacje2_sun\/#primaryimage"},"thumbnailUrl":"https:\/\/vandalvan.com\/wp-content\/uploads\/2024\/01\/P1016958.jpg","datePublished":"2025-06-03T07:23:33+00:00","dateModified":"2026-04-08T06:39:15+00:00","description":"Do\u015bwiadczenie natury i \u017cycia w drodze. Wynajmij wyj\u0105tkowego kampera VANDALVAN - skorzystaj z pocz\u0105tku lata i d\u0142ugich dni.","breadcrumb":{"@id":"https:\/\/vandalvan.com\/index.php\/product\/wakacje2_sun\/#breadcrumb"},"inLanguage":"pl-PL","potentialAction":[{"@type":"ReadAction","target":["https:\/\/vandalvan.com\/index.php\/product\/wakacje2_sun\/"]}]},{"@type":"ImageObject","inLanguage":"pl-PL","@id":"https:\/\/vandalvan.com\/index.php\/product\/wakacje2_sun\/#primaryimage","url":"https:\/\/vandalvan.com\/wp-content\/uploads\/2024\/01\/P1016958.jpg","contentUrl":"https:\/\/vandalvan.com\/wp-content\/uploads\/2024\/01\/P1016958.jpg","width":2048,"height":1536,"caption":"OLYMPUS DIGITAL CAMERA"},{"@type":"BreadcrumbList","@id":"https:\/\/vandalvan.com\/index.php\/product\/wakacje2_sun\/#breadcrumb","itemListElement":[{"@type":"ListItem","position":1,"name":"Strona g\u0142\u00f3wna","item":"https:\/\/vandalvan.com\/"},{"@type":"ListItem","position":2,"name":"Koszyk","item":"https:\/\/vandalvan.com\/index.php\/koszyk\/"},{"@type":"ListItem","position":3,"name":"30.04-5.05 &#8211; maj\u00f3wka z VANDALVAN \ud83d\ude90\ud83c\udf3c"}]},{"@type":"WebSite","@id":"https:\/\/vandalvan.com\/#website","url":"https:\/\/vandalvan.com\/","name":"VANDALVAN","description":"Feels like home","publisher":{"@id":"https:\/\/vandalvan.com\/#organization"},"potentialAction":[{"@type":"SearchAction","target":{"@type":"EntryPoint","urlTemplate":"https:\/\/vandalvan.com\/?s={search_term_string}"},"query-input":{"@type":"PropertyValueSpecification","valueRequired":true,"valueName":"search_term_string"}}],"inLanguage":"pl-PL"},{"@type":"Organization","@id":"https:\/\/vandalvan.com\/#organization","name":"VANDALVAN","url":"https:\/\/vandalvan.com\/","logo":{"@type":"ImageObject","inLanguage":"pl-PL","@id":"https:\/\/vandalvan.com\/#\/schema\/logo\/image\/","url":"https:\/\/vandalvan.com\/wp-content\/uploads\/2022\/08\/cropped-VANDALVAN-logo-haslo_biale.png","contentUrl":"https:\/\/vandalvan.com\/wp-content\/uploads\/2022\/08\/cropped-VANDALVAN-logo-haslo_biale.png","width":631,"height":250,"caption":"VANDALVAN"},"image":{"@id":"https:\/\/vandalvan.com\/#\/schema\/logo\/image\/"}}]}},"_links":{"self":[{"href":"https:\/\/vandalvan.com\/index.php\/wp-json\/wp\/v2\/product\/2691","targetHints":{"allow":["GET"]}}],"collection":[{"href":"https:\/\/vandalvan.com\/index.php\/wp-json\/wp\/v2\/product"}],"about":[{"href":"https:\/\/vandalvan.com\/index.php\/wp-json\/wp\/v2\/types\/product"}],"replies":[{"embeddable":true,"href":"https:\/\/vandalvan.com\/index.php\/wp-json\/wp\/v2\/comments?post=2691"}],"wp:featuredmedia":[{"embeddable":true,"href":"https:\/\/vandalvan.com\/index.php\/wp-json\/wp\/v2\/media\/2316"}],"wp:attachment":[{"href":"https:\/\/vandalvan.com\/index.php\/wp-json\/wp\/v2\/media?parent=2691"}],"wp:term":[{"taxonomy":"product_brand","embeddable":true,"href":"https:\/\/vandalvan.com\/index.php\/wp-json\/wp\/v2\/product_brand?post=2691"},{"taxonomy":"product_cat","embeddable":true,"href":"https:\/\/vandalvan.com\/index.php\/wp-json\/wp\/v2\/product_cat?post=2691"},{"taxonomy":"product_tag","embeddable":true,"href":"https:\/\/vandalvan.com\/index.php\/wp-json\/wp\/v2\/product_tag?post=2691"}],"curies":[{"name":"wp","href":"https:\/\/api.w.org\/{rel}","templated":true}]}}