{"id":1944,"date":"2023-05-04T12:16:24","date_gmt":"2023-05-04T12:16:24","guid":{"rendered":"https:\/\/vandalvan.com\/?post_type=product&#038;p=1944"},"modified":"2026-04-20T12:17:34","modified_gmt":"2026-04-20T12:17:34","slug":"wakacje1_sea","status":"publish","type":"product","link":"https:\/\/vandalvan.com\/index.php\/product\/wakacje1_sea\/","title":{"rendered":"LAST MINUTE &#8211; 30.04-5.05 &#8211; VANDALVAN Sea \ud83d\ude90\ud83c\udf43 (GDA\u0143SK)"},"content":{"rendered":"<p><strong>Maj\u00f3wka z VANDALVAN \ud83d\ude90\ud83c\udf3c<\/strong><\/p>\n<p style=\"text-align: left;\"><strong>Wynajem kampera z tarasem na dachu.<\/strong><\/p>\n<p style=\"text-align: left;\"><strong>Oferta (5 nocy): <\/strong>2490,00 z\u0142<strong><br \/>\n<\/strong><strong>Termin: <\/strong>30.04 (czwartek) &#8211; 5.05.2026 (wtorek)<br \/>\n<strong>Miejsce:<\/strong> odbi\u00f3r z Gda\u0144ska<\/p>\n<p><strong>Gdzie \u015bpicie?<\/strong><\/p>\n<p>W kamperze dost\u0119pne jest szerokie \u0142\u00f3\u017cko o wymiarach 150&#215;200 cm.<br \/>\nW przestrzeni stolika dost\u0119pne jest dodatkowe \u0142\u00f3\u017cko 90&#215;140 cm &#8211; wygodne dla mniejszych dzieciak\u00f3w.<\/p>\n<p><strong>Prowadzenie vana<\/strong><\/p>\n<p>Kamperem mo\u017cna wygodnie pokonywa\u0107 d\u0142u\u017csze trasy z pr\u0119dko\u015bci\u0105 max 120 km\/h. Wystarczy Wam <strong>prawo jazdy kat. B<\/strong>. Van jest kr\u00f3tki (540 cm) &#8211; dzi\u0119ki czemu prowadzenie i manewrowanie nie r\u00f3\u017cni si\u0119 znacz\u0105co od jazdy wi\u0119kszym kombi.<\/p>\n<p><strong>Co na wyposa\u017ceniu?<\/strong><\/p>\n<p>\ud83d\udc49 p\u0142yta dwupalnikowa<br \/>\n\ud83d\udc49 lod\u00f3wka 45l<br \/>\n\ud83d\udc49 zbiornik czystej wody 60l<br \/>\n\ud83d\udc49 toaleta chemiczna<br \/>\n\ud83d\udc49 prysznic zewn\u0119trzny (+ namiot prysznicowy)<br \/>\n\ud83d\udc49 bojler ciep\u0142ej wody<br \/>\n\ud83d\udc49 ogrzewanie postojowe<br \/>\n\ud83d\udc49 gniazdka 230V (niezale\u017cne zasilanie z paneli fotowoltaicznych)<br \/>\n\ud83d\udc49 po\u015bciel i ca\u0142e wyposa\u017cenie potrzebne w podr\u00f3\u017cy<br \/>\n\ud83d\udc49 krzes\u0142a i stolik kempingowy<br \/>\n\ud83d\udc49 baga\u017cnik na 2 rowery<\/p>\n<p>Zasady wynajmu i rezerwacji zgodnie z opisem na stronie &#8211; <a href=\"https:\/\/vandalvan.com\/index.php\/wynajem-kampera-wynajem-campervana\/\">link <\/a><\/p>\n<p>Auto obj\u0119te jest ubezpieczeniem OC\/AC oraz Assistance. Minimalny wiek kierowcy 25 lat (3 lata do\u015bwiadczenia). Kaucja w wysoko\u015bci 3 000 z\u0142 (p\u0142atna przed wyjazdem \/ zwracana do 7 dni po zdaniu samochodu).<\/p>\n<p>Zawiera op\u0142at\u0119 serwisow\u0105.<\/p>\n","protected":false},"excerpt":{"rendered":"<p>Maj\u00f3wka z VANDALVAN \ud83d\ude90\ud83c\udf3c Wynajem kampera z tarasem na dachu. Oferta (5 nocy): 2490,00 z\u0142 Termin: 30.04 (czwartek) &#8211; 5.05.2026 (wtorek) Miejsce: odbi\u00f3r z Gda\u0144ska Gdzie \u015bpicie? W kamperze dost\u0119pne jest szerokie \u0142\u00f3\u017cko o wymiarach 150&#215;200 cm. W przestrzeni stolika dost\u0119pne jest dodatkowe \u0142\u00f3\u017cko 90&#215;140 cm &#8211; wygodne dla mniejszych dzieciak\u00f3w. Prowadzenie vana Kamperem mo\u017cna &hellip; <\/p>\n<p class=\"link-more\"><a href=\"https:\/\/vandalvan.com\/index.php\/product\/wakacje1_sea\/\" class=\"more-link\">Czytaj dalej<span class=\"screen-reader-text\"> \u201eLAST MINUTE &#8211; 30.04-5.05 &#8211; VANDALVAN Sea \ud83d\ude90\ud83c\udf43 (GDA\u0143SK)\u201d<\/span><\/a><\/p>\n","protected":false},"featured_media":1910,"comment_status":"open","ping_status":"closed","template":"","meta":[],"product_brand":[],"product_cat":[110,111],"product_tag":[],"class_list":{"0":"post-1944","1":"product","2":"type-product","3":"status-publish","4":"has-post-thumbnail","6":"product_cat-wynajem-2","7":"product_cat-wynajem-3","9":"first","10":"instock","11":"sale","12":"virtual","13":"sold-individually","14":"taxable","15":"purchasable","16":"product-type-simple"},"yoast_head":"<!-- This site is optimized with the Yoast SEO plugin v26.8 - https:\/\/yoast.com\/product\/yoast-seo-wordpress\/ -->\n<title>LAST MINUTE - 30.04-5.05 - VANDALVAN Sea \ud83d\ude90\ud83c\udf43 (GDA\u0143SK) - VANDALVAN<\/title>\n<meta name=\"description\" content=\"Zapraszamy do skorzystania z LAST MINUTE na wynajem campervana VANDALVAN - pocz\u0105tek wiosny to idealny czas na z\u0142apanie oddechu! \ud83c\udf3c\" \/>\n<meta name=\"robots\" content=\"index, follow, max-snippet:-1, max-image-preview:large, max-video-preview:-1\" \/>\n<link rel=\"canonical\" href=\"https:\/\/vandalvan.com\/index.php\/product\/wakacje1_sea\/\" \/>\n<meta property=\"og:locale\" content=\"pl_PL\" \/>\n<meta property=\"og:type\" content=\"article\" \/>\n<meta property=\"og:title\" content=\"LAST MINUTE - 30.04-5.05 - VANDALVAN Sea \ud83d\ude90\ud83c\udf43 (GDA\u0143SK) - VANDALVAN\" \/>\n<meta property=\"og:description\" content=\"Zapraszamy do skorzystania z LAST MINUTE na wynajem campervana VANDALVAN - pocz\u0105tek wiosny to idealny czas na z\u0142apanie oddechu! \ud83c\udf3c\" \/>\n<meta property=\"og:url\" content=\"https:\/\/vandalvan.com\/index.php\/product\/wakacje1_sea\/\" \/>\n<meta property=\"og:site_name\" content=\"VANDALVAN\" \/>\n<meta property=\"article:modified_time\" content=\"2026-04-20T12:17:34+00:00\" \/>\n<meta property=\"og:image\" content=\"https:\/\/vandalvan.com\/wp-content\/uploads\/2022\/12\/DJI_0272-1-scaled.jpg\" \/>\n\t<meta property=\"og:image:width\" content=\"2560\" \/>\n\t<meta property=\"og:image:height\" content=\"1440\" \/>\n\t<meta property=\"og:image:type\" content=\"image\/jpeg\" \/>\n<meta name=\"twitter:card\" content=\"summary_large_image\" \/>\n<meta name=\"twitter:label1\" content=\"Szacowany czas czytania\" \/>\n\t<meta name=\"twitter:data1\" content=\"2 minuty\" \/>\n<script type=\"application\/ld+json\" class=\"yoast-schema-graph\">{\"@context\":\"https:\/\/schema.org\",\"@graph\":[{\"@type\":\"WebPage\",\"@id\":\"https:\/\/vandalvan.com\/index.php\/product\/wakacje1_sea\/\",\"url\":\"https:\/\/vandalvan.com\/index.php\/product\/wakacje1_sea\/\",\"name\":\"LAST MINUTE - 30.04-5.05 - VANDALVAN Sea \ud83d\ude90\ud83c\udf43 (GDA\u0143SK) - VANDALVAN\",\"isPartOf\":{\"@id\":\"https:\/\/vandalvan.com\/#website\"},\"primaryImageOfPage\":{\"@id\":\"https:\/\/vandalvan.com\/index.php\/product\/wakacje1_sea\/#primaryimage\"},\"image\":{\"@id\":\"https:\/\/vandalvan.com\/index.php\/product\/wakacje1_sea\/#primaryimage\"},\"thumbnailUrl\":\"https:\/\/vandalvan.com\/wp-content\/uploads\/2022\/12\/DJI_0272-1-scaled.jpg\",\"datePublished\":\"2023-05-04T12:16:24+00:00\",\"dateModified\":\"2026-04-20T12:17:34+00:00\",\"description\":\"Zapraszamy do skorzystania z LAST MINUTE na wynajem campervana VANDALVAN - pocz\u0105tek wiosny to idealny czas na z\u0142apanie oddechu! \ud83c\udf3c\",\"breadcrumb\":{\"@id\":\"https:\/\/vandalvan.com\/index.php\/product\/wakacje1_sea\/#breadcrumb\"},\"inLanguage\":\"pl-PL\",\"potentialAction\":[{\"@type\":\"ReadAction\",\"target\":[\"https:\/\/vandalvan.com\/index.php\/product\/wakacje1_sea\/\"]}]},{\"@type\":\"ImageObject\",\"inLanguage\":\"pl-PL\",\"@id\":\"https:\/\/vandalvan.com\/index.php\/product\/wakacje1_sea\/#primaryimage\",\"url\":\"https:\/\/vandalvan.com\/wp-content\/uploads\/2022\/12\/DJI_0272-1-scaled.jpg\",\"contentUrl\":\"https:\/\/vandalvan.com\/wp-content\/uploads\/2022\/12\/DJI_0272-1-scaled.jpg\",\"width\":2560,\"height\":1440},{\"@type\":\"BreadcrumbList\",\"@id\":\"https:\/\/vandalvan.com\/index.php\/product\/wakacje1_sea\/#breadcrumb\",\"itemListElement\":[{\"@type\":\"ListItem\",\"position\":1,\"name\":\"Strona g\u0142\u00f3wna\",\"item\":\"https:\/\/vandalvan.com\/\"},{\"@type\":\"ListItem\",\"position\":2,\"name\":\"Koszyk\",\"item\":\"https:\/\/vandalvan.com\/index.php\/koszyk\/\"},{\"@type\":\"ListItem\",\"position\":3,\"name\":\"LAST MINUTE &#8211; 30.04-5.05 &#8211; VANDALVAN Sea \ud83d\ude90\ud83c\udf43 (GDA\u0143SK)\"}]},{\"@type\":\"WebSite\",\"@id\":\"https:\/\/vandalvan.com\/#website\",\"url\":\"https:\/\/vandalvan.com\/\",\"name\":\"VANDALVAN\",\"description\":\"Feels like home\",\"publisher\":{\"@id\":\"https:\/\/vandalvan.com\/#organization\"},\"potentialAction\":[{\"@type\":\"SearchAction\",\"target\":{\"@type\":\"EntryPoint\",\"urlTemplate\":\"https:\/\/vandalvan.com\/?s={search_term_string}\"},\"query-input\":{\"@type\":\"PropertyValueSpecification\",\"valueRequired\":true,\"valueName\":\"search_term_string\"}}],\"inLanguage\":\"pl-PL\"},{\"@type\":\"Organization\",\"@id\":\"https:\/\/vandalvan.com\/#organization\",\"name\":\"VANDALVAN\",\"url\":\"https:\/\/vandalvan.com\/\",\"logo\":{\"@type\":\"ImageObject\",\"inLanguage\":\"pl-PL\",\"@id\":\"https:\/\/vandalvan.com\/#\/schema\/logo\/image\/\",\"url\":\"https:\/\/vandalvan.com\/wp-content\/uploads\/2022\/08\/cropped-VANDALVAN-logo-haslo_biale.png\",\"contentUrl\":\"https:\/\/vandalvan.com\/wp-content\/uploads\/2022\/08\/cropped-VANDALVAN-logo-haslo_biale.png\",\"width\":631,\"height\":250,\"caption\":\"VANDALVAN\"},\"image\":{\"@id\":\"https:\/\/vandalvan.com\/#\/schema\/logo\/image\/\"}}]}<\/script>\n<!-- \/ Yoast SEO plugin. -->","yoast_head_json":{"title":"LAST MINUTE - 30.04-5.05 - VANDALVAN Sea \ud83d\ude90\ud83c\udf43 (GDA\u0143SK) - VANDALVAN","description":"Zapraszamy do skorzystania z LAST MINUTE na wynajem campervana VANDALVAN - pocz\u0105tek wiosny to idealny czas na z\u0142apanie oddechu! \ud83c\udf3c","robots":{"index":"index","follow":"follow","max-snippet":"max-snippet:-1","max-image-preview":"max-image-preview:large","max-video-preview":"max-video-preview:-1"},"canonical":"https:\/\/vandalvan.com\/index.php\/product\/wakacje1_sea\/","og_locale":"pl_PL","og_type":"article","og_title":"LAST MINUTE - 30.04-5.05 - VANDALVAN Sea \ud83d\ude90\ud83c\udf43 (GDA\u0143SK) - VANDALVAN","og_description":"Zapraszamy do skorzystania z LAST MINUTE na wynajem campervana VANDALVAN - pocz\u0105tek wiosny to idealny czas na z\u0142apanie oddechu! \ud83c\udf3c","og_url":"https:\/\/vandalvan.com\/index.php\/product\/wakacje1_sea\/","og_site_name":"VANDALVAN","article_modified_time":"2026-04-20T12:17:34+00:00","og_image":[{"width":2560,"height":1440,"url":"https:\/\/vandalvan.com\/wp-content\/uploads\/2022\/12\/DJI_0272-1-scaled.jpg","type":"image\/jpeg"}],"twitter_card":"summary_large_image","twitter_misc":{"Szacowany czas czytania":"2 minuty"},"schema":{"@context":"https:\/\/schema.org","@graph":[{"@type":"WebPage","@id":"https:\/\/vandalvan.com\/index.php\/product\/wakacje1_sea\/","url":"https:\/\/vandalvan.com\/index.php\/product\/wakacje1_sea\/","name":"LAST MINUTE - 30.04-5.05 - VANDALVAN Sea \ud83d\ude90\ud83c\udf43 (GDA\u0143SK) - VANDALVAN","isPartOf":{"@id":"https:\/\/vandalvan.com\/#website"},"primaryImageOfPage":{"@id":"https:\/\/vandalvan.com\/index.php\/product\/wakacje1_sea\/#primaryimage"},"image":{"@id":"https:\/\/vandalvan.com\/index.php\/product\/wakacje1_sea\/#primaryimage"},"thumbnailUrl":"https:\/\/vandalvan.com\/wp-content\/uploads\/2022\/12\/DJI_0272-1-scaled.jpg","datePublished":"2023-05-04T12:16:24+00:00","dateModified":"2026-04-20T12:17:34+00:00","description":"Zapraszamy do skorzystania z LAST MINUTE na wynajem campervana VANDALVAN - pocz\u0105tek wiosny to idealny czas na z\u0142apanie oddechu! \ud83c\udf3c","breadcrumb":{"@id":"https:\/\/vandalvan.com\/index.php\/product\/wakacje1_sea\/#breadcrumb"},"inLanguage":"pl-PL","potentialAction":[{"@type":"ReadAction","target":["https:\/\/vandalvan.com\/index.php\/product\/wakacje1_sea\/"]}]},{"@type":"ImageObject","inLanguage":"pl-PL","@id":"https:\/\/vandalvan.com\/index.php\/product\/wakacje1_sea\/#primaryimage","url":"https:\/\/vandalvan.com\/wp-content\/uploads\/2022\/12\/DJI_0272-1-scaled.jpg","contentUrl":"https:\/\/vandalvan.com\/wp-content\/uploads\/2022\/12\/DJI_0272-1-scaled.jpg","width":2560,"height":1440},{"@type":"BreadcrumbList","@id":"https:\/\/vandalvan.com\/index.php\/product\/wakacje1_sea\/#breadcrumb","itemListElement":[{"@type":"ListItem","position":1,"name":"Strona g\u0142\u00f3wna","item":"https:\/\/vandalvan.com\/"},{"@type":"ListItem","position":2,"name":"Koszyk","item":"https:\/\/vandalvan.com\/index.php\/koszyk\/"},{"@type":"ListItem","position":3,"name":"LAST MINUTE &#8211; 30.04-5.05 &#8211; VANDALVAN Sea \ud83d\ude90\ud83c\udf43 (GDA\u0143SK)"}]},{"@type":"WebSite","@id":"https:\/\/vandalvan.com\/#website","url":"https:\/\/vandalvan.com\/","name":"VANDALVAN","description":"Feels like home","publisher":{"@id":"https:\/\/vandalvan.com\/#organization"},"potentialAction":[{"@type":"SearchAction","target":{"@type":"EntryPoint","urlTemplate":"https:\/\/vandalvan.com\/?s={search_term_string}"},"query-input":{"@type":"PropertyValueSpecification","valueRequired":true,"valueName":"search_term_string"}}],"inLanguage":"pl-PL"},{"@type":"Organization","@id":"https:\/\/vandalvan.com\/#organization","name":"VANDALVAN","url":"https:\/\/vandalvan.com\/","logo":{"@type":"ImageObject","inLanguage":"pl-PL","@id":"https:\/\/vandalvan.com\/#\/schema\/logo\/image\/","url":"https:\/\/vandalvan.com\/wp-content\/uploads\/2022\/08\/cropped-VANDALVAN-logo-haslo_biale.png","contentUrl":"https:\/\/vandalvan.com\/wp-content\/uploads\/2022\/08\/cropped-VANDALVAN-logo-haslo_biale.png","width":631,"height":250,"caption":"VANDALVAN"},"image":{"@id":"https:\/\/vandalvan.com\/#\/schema\/logo\/image\/"}}]}},"_links":{"self":[{"href":"https:\/\/vandalvan.com\/index.php\/wp-json\/wp\/v2\/product\/1944","targetHints":{"allow":["GET"]}}],"collection":[{"href":"https:\/\/vandalvan.com\/index.php\/wp-json\/wp\/v2\/product"}],"about":[{"href":"https:\/\/vandalvan.com\/index.php\/wp-json\/wp\/v2\/types\/product"}],"replies":[{"embeddable":true,"href":"https:\/\/vandalvan.com\/index.php\/wp-json\/wp\/v2\/comments?post=1944"}],"wp:featuredmedia":[{"embeddable":true,"href":"https:\/\/vandalvan.com\/index.php\/wp-json\/wp\/v2\/media\/1910"}],"wp:attachment":[{"href":"https:\/\/vandalvan.com\/index.php\/wp-json\/wp\/v2\/media?parent=1944"}],"wp:term":[{"taxonomy":"product_brand","embeddable":true,"href":"https:\/\/vandalvan.com\/index.php\/wp-json\/wp\/v2\/product_brand?post=1944"},{"taxonomy":"product_cat","embeddable":true,"href":"https:\/\/vandalvan.com\/index.php\/wp-json\/wp\/v2\/product_cat?post=1944"},{"taxonomy":"product_tag","embeddable":true,"href":"https:\/\/vandalvan.com\/index.php\/wp-json\/wp\/v2\/product_tag?post=1944"}],"curies":[{"name":"wp","href":"https:\/\/api.w.org\/{rel}","templated":true}]}}