{"id":897,"date":"2026-01-30T08:13:04","date_gmt":"2026-01-30T08:13:04","guid":{"rendered":"https:\/\/vandalvan.com\/?page_id=897"},"modified":"2026-02-26T10:08:05","modified_gmt":"2026-02-26T10:08:05","slug":"vandalvan-konkurs","status":"publish","type":"page","link":"https:\/\/vandalvan.com\/index.php\/vandalvan-konkurs\/","title":{"rendered":"VANDALVAN &#8211; rok produkcji 2022"},"content":{"rendered":"\n<p><strong>Sprzedajemy kampera! \ud83d\ude90\ud83c\udf43 W kwietniu&nbsp;<strong>2022 roku zako\u0144czyli\u015bmy jego budow\u0119<\/strong>&nbsp;i ruszyli\u015bmy w 2 miesi\u0119czn\u0105 podr\u00f3\u017c po W\u0142oszech. Przez ostatnie lata kamper dostarczy\u0142 r\u00f3wnie\u017c wspania\u0142ych wspomnie\u0144 Go\u015bciom VANDALVAN.<\/strong><br><br><strong>Dzi\u015b szukamy ekipy z Warszawy, kt\u00f3ra b\u0119dzie chcia\u0142a przej\u0105\u0107 jego wynajem i korzysta\u0107 z niego w ka\u017cdej wolnej chwili \ud83d\ude0a <\/strong> <\/p>\n\n\n\n<h4 class=\"wp-block-heading\">Dlaczego sprzedajemy?<\/h4>\n\n\n\n<p>Zdecydowali\u015bmy si\u0119 <strong>rozwija\u0107 VANDALVAN razem <\/strong>z osobami, kt\u00f3re same chc\u0105 podr\u00f3\u017cowa\u0107 kamperem, a przy tym amortyzowa\u0107 koszt zakupu i posiadania. Zamiast budowa\u0107 wi\u0119kszy punkt wynajmu w jednym miejscu &#8211; chcemy by\u0107 obecni w r\u00f3\u017cnych rejonach Polski, a by\u0107 mo\u017ce kiedy\u015b, te\u017c za granic\u0105 \ud83d\ude09<\/p>\n\n\n\n<p>We wrze\u015bniu tego roku przeprowadzili\u015bmy si\u0119 do Bielska-Bia\u0142ej i zabrali\u015bmy ze sob\u0105 jednego kampera. Drugi&nbsp;<strong>zosta\u0142 w Warszawie &#8211; sk\u0105d dalej chcieliby\u015bmy, \u017ceby by\u0142 wynajmowany<\/strong>. Model wsp\u00f3\u0142tworzenia z Wami mikro sieci VANDALVAN, sprawdzi\u0142 si\u0119 ju\u017c w mijaj\u0105cym sezonie z Sylwi\u0105 i Miko\u0142ajem, kt\u00f3rzy zbudowali z nami&nbsp;kampera na wynajem&nbsp;w Krakowie, przygotowujemy si\u0119 r\u00f3wnie\u017c do kolejnej budowy dla ekipy z Gda\u0144ska \ud83d\ude0a<\/p>\n\n\n\n<p>Dlatego, chcieliby\u015bmy Wam&nbsp;zaproponowa\u0107&nbsp;<strong>przej\u0119cie VANDALVAN w Warszawie<\/strong> \ud83d\ude90\ud83e\udddc\u200d\u2640\ufe0f<\/p>\n\n\n\n<figure class=\"wp-block-image size-large\"><img loading=\"lazy\" decoding=\"async\" width=\"1024\" height=\"692\" src=\"https:\/\/vandalvan.com\/wp-content\/uploads\/2022\/09\/DSCF1595-1024x692.jpg\" alt=\"\" class=\"wp-image-1281\" srcset=\"https:\/\/vandalvan.com\/wp-content\/uploads\/2022\/09\/DSCF1595-1024x692.jpg 1024w, https:\/\/vandalvan.com\/wp-content\/uploads\/2022\/09\/DSCF1595-scaled-350x237.jpg 350w, https:\/\/vandalvan.com\/wp-content\/uploads\/2022\/09\/DSCF1595-300x203.jpg 300w, https:\/\/vandalvan.com\/wp-content\/uploads\/2022\/09\/DSCF1595-768x519.jpg 768w, https:\/\/vandalvan.com\/wp-content\/uploads\/2022\/09\/DSCF1595-1536x1038.jpg 1536w, https:\/\/vandalvan.com\/wp-content\/uploads\/2022\/09\/DSCF1595-2048x1384.jpg 2048w\" sizes=\"auto, (max-width: 706px) 89vw, (max-width: 767px) 82vw, 740px\" \/><\/figure>\n\n\n\n<h4 class=\"wp-block-heading\">Dla kogo jest VANDALVAN i co jest w pakiecie?<\/h4>\n\n\n\n<p>Kamper ma 4 miejsca siedz\u0105ce (fotele obrotowe z porzodu, z ty\u0142u \u0142awka 2x isofix). Szczeg\u00f3\u0142owe wyposa\u017cenie i rozmiary \u0142\u00f3\u017cek znajdziecie <a href=\"https:\/\/vandalvan.com\/index.php\/vandalvan-sea\/\" target=\"_blank\" rel=\"noreferrer noopener\">tutaj<\/a>. Zosta\u0142 zaprojektowany z my\u015bl\u0105 o wynajmie i w\u0142asnych podr\u00f3\u017cach &#8211; idealnie sprawdza si\u0119 dla dw\u00f3ch os\u00f3b z mniejszymi dzieciakami.<\/p>\n\n\n\n<p><span style=\"text-decoration: underline;\">W ramach zakupu VANDALVAN:<\/span><br>&#8211; wsparcie w zakresie know-how wynajmu (ubezpieczenie, obs\u0142uga, serwis, podatki)<br>&#8211; do\u0142\u0105czenie do systemu rezerwacji przez stron\u0119 vandalvan.com w ramach umowy Partnerskiej (<a href=\"https:\/\/docs.google.com\/document\/d\/1brMMsoriOfo9deKHGI5FMzdTIqqt8-RnvuXr2Z32hfY\/edit?usp=sharing\">wz\u00f3r<\/a>)<br>&#8211; opcjonalnie, mo\u017cliwe zapewnienie obs\u0142ugi\/wsparcia wynajmu w Warszawie (Bia\u0142o\u0142\u0119ka)<\/p>\n\n\n\n<pre class=\"wp-block-verse\">Kupuj\u0105cy b\u0119dzie mia\u0142 prawo do u\u017cywania znaku i nazwy VANDALVAN zgodnie z umow\u0105 Partnersk\u0105.<\/pre>\n\n\n\n<figure class=\"wp-block-image size-full\"><img loading=\"lazy\" decoding=\"async\" width=\"1686\" height=\"2560\" src=\"https:\/\/vandalvan.com\/wp-content\/uploads\/2022\/09\/DSCF1622-scaled.jpg\" alt=\"\" class=\"wp-image-1280\" srcset=\"https:\/\/vandalvan.com\/wp-content\/uploads\/2022\/09\/DSCF1622-scaled.jpg 1686w, https:\/\/vandalvan.com\/wp-content\/uploads\/2022\/09\/DSCF1622-scaled-350x531.jpg 350w, https:\/\/vandalvan.com\/wp-content\/uploads\/2022\/09\/DSCF1622-198x300.jpg 198w\" sizes=\"auto, (max-width: 706px) 89vw, (max-width: 767px) 82vw, 740px\" \/><\/figure>\n\n\n\n<h4 class=\"wp-block-heading\">O samochodzie i silniku<\/h4>\n\n\n\n<p>Kampera nap\u0119dza jednen z najbardziej niezawodnych silnik\u00f3w w tych samochodach* &#8211; jednostka 2.3, 120KM &#8211; EURO6 &#8211; bez AdBlue. Model samochodu to Ducato z 2016 roku w wersji L2H2.<\/p>\n\n\n\n<p>W 2020 kupili\u015bmy go sprowadzonego z Francji z udokumentowanym przebiegiem ok 180 tys. W 2021 dokonali\u015bmy zmiany i rejestracji na &#8222;samoch\u00f3d specjalny kempingowy&#8221;, przebudowa wn\u0119trza zosta\u0142a zako\u0144czona w 2022.<\/p>\n\n\n\n<p>Przez ten czas my oraz nasi Go\u015bcie bezawaryjnie ponad 100 tys. km, a samoch\u00f3d by\u0142 na bie\u017c\u0105co serwisowany (wymiana oleju, filtr\u00f3w co ok 15 tys. km, po 250 tys. km &#8211; regenerowana skrzynia bieg\u00f3w). Aktualny przebieg 290 tys. km.<\/p>\n\n\n\n<p>Samoch\u00f3d wizualnie z zewn\u0105trz jest w stanie dobrym &#8211; zdj\u0119cia miejsc drobnych obtar\u0107 i uszkodze\u0144 dost\u0119pne s\u0105 tutaj &#8211; <a href=\"https:\/\/drive.google.com\/drive\/folders\/1s15ZF80QRTsjUTA6KSYqqWmlu1tRpUEi?usp=sharing\" target=\"_blank\" rel=\"noreferrer noopener\">link<\/a>.<\/p>\n\n\n\n<pre class=\"wp-block-verse\"><strong>*silniki 2.3 EURO6<\/strong> - w zwi\u0105zku z wej\u015bciem nowych norm \u015brodowiskowych nie s\u0105 dost\u0119pne w aktualnej ofercie Ducato\/Jumper\/Boxer. Dobrze utrzymywane jednostki s\u0105 w stanie osi\u0105gn\u0105\u0107 <strong>\u017cywotno\u015b\u0107 w zakresie 600-800 tys. km.<\/strong><\/pre>\n\n\n\n<h4 class=\"wp-block-heading\">O zabudowie i wyposa\u017ceniu<\/h4>\n\n\n\n<p>Zabudowa zosta\u0142a wykonana ze sklejki brzozowej i topolowej. Kamper wyposa\u017cony jest w we wszystkie systemy i urz\u0105dzenia potrzebne w drodze:<br>&#8211; akumulator LiFePO4 200Ah<br>&#8211; przetwornica VICTRON 1200W<br>&#8211; automatyczny prze\u0142\u0105cznik zasilania 12V\/230V<br>&#8211; kuchenka Solgaz 2+1 (wersja do kampera z 2025 roku)<br>&#8211; zbiornik wody 60l, prysznic zewn\u0119trzny, zbiornik szarej wody 90l, pompa Lilie<br>&#8211; bojler wody &#8211; wymiennik ciep\u0142a + grza\u0142ka 500W<br>&#8211; lod\u00f3wka kompresorowa 45 litr\u00f3w<\/p>\n\n\n\n<p>Posiada lekkie \u015blady u\u017cytkowania oraz elementy, kt\u00f3re mo\u017cna poprawi\u0107 zgodnie z dalszymi ustaleniami. Aktualny stan zabudowy pozwala na bezproblemow\u0105 ekspolatacj\u0119 i wynajem. Opcjonalnie mo\u017cna wykona\u0107 od\u015bwie\u017cenie i uzupe\u0142nienie wyposa\u017cenia, m.in w markiz\u0119 to koszt ok 5-10 tys z\u0142.<\/p>\n\n\n\n<p>Wraz z samochodem elementy wyposa\u017cenia kempingowego:<br>\u25aa\ufe0f dwa krzes\u0142a kempingowe sk\u0142adane i stolik Dometic GO<br>\u25aa\ufe0f komplet zastawy lekkiej, naczy\u0144, sztu\u0107c\u00f3w<br>\u25aa\ufe0f baga\u017cnik na 2 rowery Thule Elite Van XT<\/p>\n\n\n\n<figure class=\"wp-block-image size-large\"><img loading=\"lazy\" decoding=\"async\" width=\"1024\" height=\"683\" src=\"https:\/\/vandalvan.com\/wp-content\/uploads\/2022\/06\/DSCF1571-1024x683.jpg\" alt=\"\" class=\"wp-image-939\" srcset=\"https:\/\/vandalvan.com\/wp-content\/uploads\/2022\/06\/DSCF1571-1024x683.jpg 1024w, https:\/\/vandalvan.com\/wp-content\/uploads\/2022\/06\/DSCF1571-scaled-350x233.jpg 350w, https:\/\/vandalvan.com\/wp-content\/uploads\/2022\/06\/DSCF1571-300x200.jpg 300w, https:\/\/vandalvan.com\/wp-content\/uploads\/2022\/06\/DSCF1571-768x512.jpg 768w, https:\/\/vandalvan.com\/wp-content\/uploads\/2022\/06\/DSCF1571-1536x1024.jpg 1536w, https:\/\/vandalvan.com\/wp-content\/uploads\/2022\/06\/DSCF1571-2048x1365.jpg 2048w\" sizes=\"auto, (max-width: 706px) 89vw, (max-width: 767px) 82vw, 740px\" \/><\/figure>\n\n\n\n<h4 class=\"wp-block-heading\">Konkurs ofert i sk\u0105d cena minimalna?<\/h4>\n\n\n\n<p>Vana sprzedajemy w formie konkursu ofert zgodnie z nast\u0119puj\u0105cymi zasadami:<br><br>&#8211; ka\u017cdy mo\u017ce z\u0142o\u017cy\u0107 jedn\u0105 ofert\u0119 mailowo (podaj\u0105c imi\u0119, nazwisko, numer telefonu, proponowan\u0105 cen\u0119) <strong>do dnia 1.03.2026<\/strong> (niedziela) do godziny 23:59 na adres <strong>rafal@vandalvan.com<\/strong><br><br>&#8211; we wcze\u015bniej uzgodnionym terminie mo\u017cliwe jest obejrzenie vana w Warszawie (Bia\u0142o\u0142\u0119ka)<br><br>&#8211; w razie potrzeby zapraszam te\u017c do kontaktu telefonicznego 736 903 188 (Rafa\u0142)<\/p>\n\n\n\n<p><strong>Cena minimalna to 129 000 z\u0142 (umowa kupna-sprzeda\u017cy)<\/strong><\/p>\n\n\n\n<p><strong>Sk\u0105d taka cena?<\/strong><br>&#8211; aktualny koszt zakupu por\u00f3wnywalnego samochodu (Ducato rocznik 2016, przebieg do 300 tys, silnik 2.3) &#8211; 45 000 z\u0142 brutto<br>&#8211; koszt akcyzy przy przerejestrowaniu na specjalny kempingowy (w zale\u017cno\u015bci od nak\u0142ad\u00f3w inwestycyjnych na przebudow\u0119) &#8211; ok 11 500 z\u0142<br>&#8211; koszt wykonania nowej zabudowy wed\u0142ug tego projektu to minimum 160 000 z\u0142 brutto<\/p>\n\n\n\n<p><strong>Razem koszt stworzenia aktualnie takiej zabudowy to ponad 200 000 z\u0142<\/strong><\/p>\n\n\n\n<p>Unikatowy design i marka VANDALVANA sprawia, \u017ce mo\u017cna go wynajmowa\u0107 na stawkach zbli\u017conych do wynajmu kamper\u00f3w o warto\u015bci 350-450 tys. z\u0142.<br><br><strong>Szacunkowe przychody roczne z najmu VANDALVAN to 60 000 z\u0142<\/strong><\/p>\n\n\n\n<pre class=\"wp-block-verse\">Zasady zakupu:<br>Od rozstrzygni\u0119cia konkursu ofert zwyci\u0119zca b\u0119dzie mia\u0142 10 dni na wniesienie zadatku w wysoko\u015bci 10% warto\u015bci oferty.<br><br>W przypadku braku wniesienia zadatku w terminie, mo\u017cliwo\u015b\u0107 zakupu otrzymuj\u0105 kolejne osoby sk\u0142adaj\u0105ce ofert\u0119.<br><br>Transakcja kupna-sprzeda\u017cy zostanie przeprowadzona maksymalnie do dnia 30.04.2026.<\/pre>\n\n\n\n<p><strong>Mo\u017cecie sami cieszy\u0107 si\u0119 kamperem, a przy tym amortyzowa\u0107 koszt zakupu, wynajmuj\u0105c w czasie kiedy go nie u\u017cywacie \ud83d\ude90\ud83c\udf43<\/strong><\/p>\n\n\n\n<figure class=\"wp-block-image size-large\"><img loading=\"lazy\" decoding=\"async\" width=\"1024\" height=\"576\" src=\"https:\/\/vandalvan.com\/wp-content\/uploads\/2022\/09\/DJI_0268-2-1-1024x576.jpg\" alt=\"\" class=\"wp-image-1171\" srcset=\"https:\/\/vandalvan.com\/wp-content\/uploads\/2022\/09\/DJI_0268-2-1-1024x576.jpg 1024w, https:\/\/vandalvan.com\/wp-content\/uploads\/2022\/09\/DJI_0268-2-1-scaled-350x197.jpg 350w, https:\/\/vandalvan.com\/wp-content\/uploads\/2022\/09\/DJI_0268-2-1-300x169.jpg 300w, https:\/\/vandalvan.com\/wp-content\/uploads\/2022\/09\/DJI_0268-2-1-768x432.jpg 768w, https:\/\/vandalvan.com\/wp-content\/uploads\/2022\/09\/DJI_0268-2-1-1536x864.jpg 1536w, https:\/\/vandalvan.com\/wp-content\/uploads\/2022\/09\/DJI_0268-2-1-2048x1152.jpg 2048w\" sizes=\"auto, (max-width: 706px) 89vw, (max-width: 767px) 82vw, 740px\" \/><\/figure>\n\n\n\n<p class=\"has-text-align-center\"><strong>Na koniec opinie, kt\u00f3re zostawili nasi Go\u015bcie <\/strong><br><strong>wi\u0119cej mo\u017cecie sprawdzi\u0107 na <a href=\"https:\/\/share.google\/9R62atmYAK0OMiish\">Google<\/a> \u2b50\u2b50\u2b50\u2b50\u2b50<\/strong><\/p>\n\n\n\n<pre class=\"wp-block-verse\"><strong>Marysia<\/strong><br><em>Nie mog\u0119 wyobrazi\u0107 sobie, co Kasia i Rafa\u0142 mogliby zrobi\u0107 lepiej i przyjemniej w Vandalu. Auto jest dzielne, sprawne i do tego urz\u0105dzone jak przytulna wakacyjna rezydencja. Spe\u0142ni wymagania wprawionych kamperowych podr\u00f3\u017cnik\u00f3w, a pocz\u0105tkuj\u0105cych na pewno zach\u0119ci do takiego sp\u0119dzania czasu w przysz\u0142o\u015bci. Je\u015bli kalendarz nie jest ju\u017c po brzegi wype\u0142niony, rezerwujcie koniecznie!<\/em><br><br><br><strong>Paulina<\/strong><br><em>Nasza przygoda z Vandelvanem sko\u0144czy\u0142a si\u0119 tak: c\u00f3rka nie chcia\u0142a go odda\u0107 na koniec wyjazdu, partner marzy teraz o takim samym vanie, a ja stwierdzi\u0142am, \u017ce to \u015bwietny spos\u00f3b na wakacje blisko natury. Baardzo polecam. Vandal jest pi\u0119kny, urzadzony z dba\u0142o\u015bcia o szczeg\u00f3\u0142y, samowystarczalny.<\/em><br><br><br><strong>Maciej<\/strong><br><em>To by\u0142a fajna przygoda i odkrywanie nowego sposobu podr\u00f3\u017cowania. Vandalvan jest przytulnym domkiem na k\u00f3\u0142kach kt\u00f3ry zabierze Ci\u0119 tam gdzie chcesz, a Kasia i Rafa\u0142 dbaj\u0105 by by\u0142o przytulnie i by niczego nie brakowa\u0142o podczas waszej podr\u00f3\u017cy :)<\/em><br><br><br><strong>Anna<\/strong><br><em>Podr\u00f3\u017c Vandalvanem by\u0142a jedn\u0105 z naszych najlepszych podr\u00f3\u017cy w \u017cyciu! Jest tak wygodny, \u017ce nawet nie zauwa\u017cyli\u015bmy, \u017ce nie jeste\u015bmy u siebie w domu, a by\u0142a to nasza pierwsza podr\u00f3\u017c kamperem, wi\u0119c mieli\u015bmy pole do popisu na narzekanie. Nie by\u0142o na co! Samoch\u00f3d dzielnie wi\u00f3z\u0142 nas do wszystkich miejsc, nawet tych dzikszych, bez g\u0142adkiej drogi, a na miejscu mieli\u015bmy wszystko, czego tylko potrzebowali\u015bmy :) Nie zastanawiajcie si\u0119 czy podr\u00f3\u017c kamperem jest dobrym pomys\u0142em, bo z Vandalvanem na pewno jest!<\/em><br><br><br><strong>Mateusz<\/strong><br><em>Vandal Van jest designerskim cacuszkiem, w kt\u00f3re czu\u0107 i wida\u0107, \u017ce w\u0142o\u017cono ogrom serca. Prze\u017cyli\u015bmy razem wspania\u0142\u0105 przygod\u0119, nie martwi\u0105c si\u0119 o nic. Pojazd \u015bwietnie wyposa\u017cony i komfortowy nawet dla osoby o wzro\u015bcie 195cm.<br>Jestem pewien \u017ce jeszcze nie raz b\u0119dziemy podr\u00f3\u017cowa\u0107 VandalVanem.<\/em><br><\/pre>\n\n\n\n<figure class=\"wp-block-image size-large\"><img loading=\"lazy\" decoding=\"async\" width=\"683\" height=\"1024\" src=\"https:\/\/vandalvan.com\/wp-content\/uploads\/2023\/10\/DSC08687-HDR-683x1024.jpg\" alt=\"\" class=\"wp-image-2191\" srcset=\"https:\/\/vandalvan.com\/wp-content\/uploads\/2023\/10\/DSC08687-HDR-683x1024.jpg 683w, https:\/\/vandalvan.com\/wp-content\/uploads\/2023\/10\/DSC08687-HDR-200x300.jpg 200w, https:\/\/vandalvan.com\/wp-content\/uploads\/2023\/10\/DSC08687-HDR-768x1151.jpg 768w, https:\/\/vandalvan.com\/wp-content\/uploads\/2023\/10\/DSC08687-HDR-1025x1536.jpg 1025w, https:\/\/vandalvan.com\/wp-content\/uploads\/2023\/10\/DSC08687-HDR-350x525.jpg 350w, https:\/\/vandalvan.com\/wp-content\/uploads\/2023\/10\/DSC08687-HDR.jpg 1366w\" sizes=\"auto, (max-width: 683px) 100vw, 683px\" \/><\/figure>\n\n\n\n<p><strong>Do zobaczenia \ud83d\udd90<\/strong><\/p>\n\n\n\n<p><\/p>\n","protected":false},"excerpt":{"rendered":"<p>Sprzedajemy kampera! \ud83d\ude90\ud83c\udf43 W kwietniu&nbsp;2022 roku zako\u0144czyli\u015bmy jego budow\u0119&nbsp;i ruszyli\u015bmy w 2 miesi\u0119czn\u0105 podr\u00f3\u017c po W\u0142oszech. Przez ostatnie lata kamper dostarczy\u0142 r\u00f3wnie\u017c wspania\u0142ych wspomnie\u0144 Go\u015bciom VANDALVAN. Dzi\u015b szukamy ekipy z Warszawy, kt\u00f3ra b\u0119dzie chcia\u0142a przej\u0105\u0107 jego wynajem i korzysta\u0107 z niego w ka\u017cdej wolnej chwili \ud83d\ude0a Dlaczego sprzedajemy? Zdecydowali\u015bmy si\u0119 rozwija\u0107 VANDALVAN razem z osobami, &hellip; <\/p>\n<p class=\"link-more\"><a href=\"https:\/\/vandalvan.com\/index.php\/vandalvan-konkurs\/\" class=\"more-link\">Czytaj dalej<span class=\"screen-reader-text\"> \u201eVANDALVAN &#8211; rok produkcji 2022\u201d<\/span><\/a><\/p>\n","protected":false},"author":1,"featured_media":0,"parent":0,"menu_order":0,"comment_status":"closed","ping_status":"closed","template":"","meta":{"footnotes":""},"class_list":["post-897","page","type-page","status-publish","hentry"],"yoast_head":"<!-- This site is optimized with the Yoast SEO plugin v26.8 - https:\/\/yoast.com\/product\/yoast-seo-wordpress\/ -->\n<title>VANDALVAN - rok produkcji 2022 - VANDALVAN<\/title>\n<meta name=\"description\" content=\"Konkurs ofert na zakup VANDALVAN na wynajem w Warszawie\" \/>\n<meta name=\"robots\" content=\"index, follow, max-snippet:-1, max-image-preview:large, max-video-preview:-1\" \/>\n<link rel=\"canonical\" href=\"https:\/\/vandalvan.com\/index.php\/vandalvan-konkurs\/\" \/>\n<meta property=\"og:locale\" content=\"pl_PL\" \/>\n<meta property=\"og:type\" content=\"article\" \/>\n<meta property=\"og:title\" content=\"VANDALVAN - rok produkcji 2022 - VANDALVAN\" \/>\n<meta property=\"og:description\" content=\"Konkurs ofert na zakup VANDALVAN na wynajem w Warszawie\" \/>\n<meta property=\"og:url\" content=\"https:\/\/vandalvan.com\/index.php\/vandalvan-konkurs\/\" \/>\n<meta property=\"og:site_name\" content=\"VANDALVAN\" \/>\n<meta property=\"article:modified_time\" content=\"2026-02-26T10:08:05+00:00\" \/>\n<meta property=\"og:image\" content=\"https:\/\/vandalvan.com\/wp-content\/uploads\/2022\/09\/DSCF1595-scaled.jpg\" \/>\n\t<meta property=\"og:image:width\" content=\"2560\" \/>\n\t<meta property=\"og:image:height\" content=\"1730\" \/>\n\t<meta property=\"og:image:type\" content=\"image\/jpeg\" \/>\n<meta name=\"twitter:card\" content=\"summary_large_image\" \/>\n<meta name=\"twitter:label1\" content=\"Szacowany czas czytania\" \/>\n\t<meta name=\"twitter:data1\" content=\"6 minut\" \/>\n<script type=\"application\/ld+json\" class=\"yoast-schema-graph\">{\"@context\":\"https:\/\/schema.org\",\"@graph\":[{\"@type\":\"WebPage\",\"@id\":\"https:\/\/vandalvan.com\/index.php\/vandalvan-konkurs\/\",\"url\":\"https:\/\/vandalvan.com\/index.php\/vandalvan-konkurs\/\",\"name\":\"VANDALVAN - rok produkcji 2022 - VANDALVAN\",\"isPartOf\":{\"@id\":\"https:\/\/vandalvan.com\/#website\"},\"primaryImageOfPage\":{\"@id\":\"https:\/\/vandalvan.com\/index.php\/vandalvan-konkurs\/#primaryimage\"},\"image\":{\"@id\":\"https:\/\/vandalvan.com\/index.php\/vandalvan-konkurs\/#primaryimage\"},\"thumbnailUrl\":\"https:\/\/vandalvan.com\/wp-content\/uploads\/2022\/09\/DSCF1595-1024x692.jpg\",\"datePublished\":\"2026-01-30T08:13:04+00:00\",\"dateModified\":\"2026-02-26T10:08:05+00:00\",\"description\":\"Konkurs ofert na zakup VANDALVAN na wynajem w Warszawie\",\"breadcrumb\":{\"@id\":\"https:\/\/vandalvan.com\/index.php\/vandalvan-konkurs\/#breadcrumb\"},\"inLanguage\":\"pl-PL\",\"potentialAction\":[{\"@type\":\"ReadAction\",\"target\":[\"https:\/\/vandalvan.com\/index.php\/vandalvan-konkurs\/\"]}]},{\"@type\":\"ImageObject\",\"inLanguage\":\"pl-PL\",\"@id\":\"https:\/\/vandalvan.com\/index.php\/vandalvan-konkurs\/#primaryimage\",\"url\":\"https:\/\/vandalvan.com\/wp-content\/uploads\/2022\/09\/DSCF1595-scaled.jpg\",\"contentUrl\":\"https:\/\/vandalvan.com\/wp-content\/uploads\/2022\/09\/DSCF1595-scaled.jpg\",\"width\":2560,\"height\":1730},{\"@type\":\"BreadcrumbList\",\"@id\":\"https:\/\/vandalvan.com\/index.php\/vandalvan-konkurs\/#breadcrumb\",\"itemListElement\":[{\"@type\":\"ListItem\",\"position\":1,\"name\":\"Strona g\u0142\u00f3wna\",\"item\":\"https:\/\/vandalvan.com\/\"},{\"@type\":\"ListItem\",\"position\":2,\"name\":\"VANDALVAN &#8211; rok produkcji 2022\"}]},{\"@type\":\"WebSite\",\"@id\":\"https:\/\/vandalvan.com\/#website\",\"url\":\"https:\/\/vandalvan.com\/\",\"name\":\"VANDALVAN\",\"description\":\"Feels like home\",\"publisher\":{\"@id\":\"https:\/\/vandalvan.com\/#organization\"},\"potentialAction\":[{\"@type\":\"SearchAction\",\"target\":{\"@type\":\"EntryPoint\",\"urlTemplate\":\"https:\/\/vandalvan.com\/?s={search_term_string}\"},\"query-input\":{\"@type\":\"PropertyValueSpecification\",\"valueRequired\":true,\"valueName\":\"search_term_string\"}}],\"inLanguage\":\"pl-PL\"},{\"@type\":\"Organization\",\"@id\":\"https:\/\/vandalvan.com\/#organization\",\"name\":\"VANDALVAN\",\"url\":\"https:\/\/vandalvan.com\/\",\"logo\":{\"@type\":\"ImageObject\",\"inLanguage\":\"pl-PL\",\"@id\":\"https:\/\/vandalvan.com\/#\/schema\/logo\/image\/\",\"url\":\"https:\/\/vandalvan.com\/wp-content\/uploads\/2022\/08\/cropped-VANDALVAN-logo-haslo_biale.png\",\"contentUrl\":\"https:\/\/vandalvan.com\/wp-content\/uploads\/2022\/08\/cropped-VANDALVAN-logo-haslo_biale.png\",\"width\":631,\"height\":250,\"caption\":\"VANDALVAN\"},\"image\":{\"@id\":\"https:\/\/vandalvan.com\/#\/schema\/logo\/image\/\"}}]}<\/script>\n<!-- \/ Yoast SEO plugin. -->","yoast_head_json":{"title":"VANDALVAN - rok produkcji 2022 - VANDALVAN","description":"Konkurs ofert na zakup VANDALVAN na wynajem w Warszawie","robots":{"index":"index","follow":"follow","max-snippet":"max-snippet:-1","max-image-preview":"max-image-preview:large","max-video-preview":"max-video-preview:-1"},"canonical":"https:\/\/vandalvan.com\/index.php\/vandalvan-konkurs\/","og_locale":"pl_PL","og_type":"article","og_title":"VANDALVAN - rok produkcji 2022 - VANDALVAN","og_description":"Konkurs ofert na zakup VANDALVAN na wynajem w Warszawie","og_url":"https:\/\/vandalvan.com\/index.php\/vandalvan-konkurs\/","og_site_name":"VANDALVAN","article_modified_time":"2026-02-26T10:08:05+00:00","og_image":[{"width":2560,"height":1730,"url":"https:\/\/vandalvan.com\/wp-content\/uploads\/2022\/09\/DSCF1595-scaled.jpg","type":"image\/jpeg"}],"twitter_card":"summary_large_image","twitter_misc":{"Szacowany czas czytania":"6 minut"},"schema":{"@context":"https:\/\/schema.org","@graph":[{"@type":"WebPage","@id":"https:\/\/vandalvan.com\/index.php\/vandalvan-konkurs\/","url":"https:\/\/vandalvan.com\/index.php\/vandalvan-konkurs\/","name":"VANDALVAN - rok produkcji 2022 - VANDALVAN","isPartOf":{"@id":"https:\/\/vandalvan.com\/#website"},"primaryImageOfPage":{"@id":"https:\/\/vandalvan.com\/index.php\/vandalvan-konkurs\/#primaryimage"},"image":{"@id":"https:\/\/vandalvan.com\/index.php\/vandalvan-konkurs\/#primaryimage"},"thumbnailUrl":"https:\/\/vandalvan.com\/wp-content\/uploads\/2022\/09\/DSCF1595-1024x692.jpg","datePublished":"2026-01-30T08:13:04+00:00","dateModified":"2026-02-26T10:08:05+00:00","description":"Konkurs ofert na zakup VANDALVAN na wynajem w Warszawie","breadcrumb":{"@id":"https:\/\/vandalvan.com\/index.php\/vandalvan-konkurs\/#breadcrumb"},"inLanguage":"pl-PL","potentialAction":[{"@type":"ReadAction","target":["https:\/\/vandalvan.com\/index.php\/vandalvan-konkurs\/"]}]},{"@type":"ImageObject","inLanguage":"pl-PL","@id":"https:\/\/vandalvan.com\/index.php\/vandalvan-konkurs\/#primaryimage","url":"https:\/\/vandalvan.com\/wp-content\/uploads\/2022\/09\/DSCF1595-scaled.jpg","contentUrl":"https:\/\/vandalvan.com\/wp-content\/uploads\/2022\/09\/DSCF1595-scaled.jpg","width":2560,"height":1730},{"@type":"BreadcrumbList","@id":"https:\/\/vandalvan.com\/index.php\/vandalvan-konkurs\/#breadcrumb","itemListElement":[{"@type":"ListItem","position":1,"name":"Strona g\u0142\u00f3wna","item":"https:\/\/vandalvan.com\/"},{"@type":"ListItem","position":2,"name":"VANDALVAN &#8211; rok produkcji 2022"}]},{"@type":"WebSite","@id":"https:\/\/vandalvan.com\/#website","url":"https:\/\/vandalvan.com\/","name":"VANDALVAN","description":"Feels like home","publisher":{"@id":"https:\/\/vandalvan.com\/#organization"},"potentialAction":[{"@type":"SearchAction","target":{"@type":"EntryPoint","urlTemplate":"https:\/\/vandalvan.com\/?s={search_term_string}"},"query-input":{"@type":"PropertyValueSpecification","valueRequired":true,"valueName":"search_term_string"}}],"inLanguage":"pl-PL"},{"@type":"Organization","@id":"https:\/\/vandalvan.com\/#organization","name":"VANDALVAN","url":"https:\/\/vandalvan.com\/","logo":{"@type":"ImageObject","inLanguage":"pl-PL","@id":"https:\/\/vandalvan.com\/#\/schema\/logo\/image\/","url":"https:\/\/vandalvan.com\/wp-content\/uploads\/2022\/08\/cropped-VANDALVAN-logo-haslo_biale.png","contentUrl":"https:\/\/vandalvan.com\/wp-content\/uploads\/2022\/08\/cropped-VANDALVAN-logo-haslo_biale.png","width":631,"height":250,"caption":"VANDALVAN"},"image":{"@id":"https:\/\/vandalvan.com\/#\/schema\/logo\/image\/"}}]}},"_links":{"self":[{"href":"https:\/\/vandalvan.com\/index.php\/wp-json\/wp\/v2\/pages\/897","targetHints":{"allow":["GET"]}}],"collection":[{"href":"https:\/\/vandalvan.com\/index.php\/wp-json\/wp\/v2\/pages"}],"about":[{"href":"https:\/\/vandalvan.com\/index.php\/wp-json\/wp\/v2\/types\/page"}],"author":[{"embeddable":true,"href":"https:\/\/vandalvan.com\/index.php\/wp-json\/wp\/v2\/users\/1"}],"replies":[{"embeddable":true,"href":"https:\/\/vandalvan.com\/index.php\/wp-json\/wp\/v2\/comments?post=897"}],"version-history":[{"count":0,"href":"https:\/\/vandalvan.com\/index.php\/wp-json\/wp\/v2\/pages\/897\/revisions"}],"wp:attachment":[{"href":"https:\/\/vandalvan.com\/index.php\/wp-json\/wp\/v2\/media?parent=897"}],"curies":[{"name":"wp","href":"https:\/\/api.w.org\/{rel}","templated":true}]}}