{"id":8,"date":"2019-07-26T10:16:14","date_gmt":"2019-07-26T10:16:14","guid":{"rendered":"http:\/\/vandalvan.com\/?page_id=8"},"modified":"2022-09-14T20:23:24","modified_gmt":"2022-09-14T20:23:24","slug":"strona-glowna","status":"publish","type":"page","link":"https:\/\/vandalvan.com\/index.php\/strona-glowna\/","title":{"rendered":"Je\u017celi kochasz podr\u00f3\u017ce, natur\u0119 i wolno\u015b\u0107 &#8211; to jeste\u015b we w\u0142a\u015bciwym miejscu."},"content":{"rendered":"\n<p style=\"font-size:15px\">Stworzyli\u015bmy dom na ko\u0142ach &#8211; w\u0142o\u017cyli\u015bmy w niego wiele wysi\u0142ku i serca. Zale\u017ca\u0142o nam \u017ceby by\u0142o w nim ciep\u0142o i przytulnie. \u017beby mo\u017cna by\u0142o w nim wygodnie spa\u0107, gotowa\u0107, i co najwa\u017cniejsze &#8211; podr\u00f3\u017cowa\u0107.<\/p>\n\n\n\n<p style=\"font-size:15px\">Opr\u00f3cz wynajmu, dzielimy si\u0119 do\u015bwiadczeniami zwi\u0105zanymi z budow\u0105 kampera &#8211; je\u017celi interesuje Ci\u0119 ten temat &#8211; zapraszamy!<\/p>\n","protected":false},"excerpt":{"rendered":"<p>Stworzyli\u015bmy dom na ko\u0142ach &#8211; w\u0142o\u017cyli\u015bmy w niego wiele wysi\u0142ku i serca. Zale\u017ca\u0142o nam \u017ceby by\u0142o w nim ciep\u0142o i przytulnie. \u017beby mo\u017cna by\u0142o w nim wygodnie spa\u0107, gotowa\u0107, i co najwa\u017cniejsze &#8211; podr\u00f3\u017cowa\u0107. Opr\u00f3cz wynajmu, dzielimy si\u0119 do\u015bwiadczeniami zwi\u0105zanymi z budow\u0105 kampera &#8211; je\u017celi interesuje Ci\u0119 ten temat &#8211; zapraszamy!<\/p>\n","protected":false},"author":1,"featured_media":0,"parent":0,"menu_order":0,"comment_status":"closed","ping_status":"closed","template":"","meta":{"footnotes":""},"class_list":["post-8","page","type-page","status-publish","hentry"],"yoast_head":"<!-- This site is optimized with the Yoast SEO plugin v26.8 - https:\/\/yoast.com\/product\/yoast-seo-wordpress\/ -->\n<title>Je\u017celi kochasz podr\u00f3\u017ce, natur\u0119 i wolno\u015b\u0107 - to jeste\u015b we w\u0142a\u015bciwym miejscu. - campervan na wynajem | budowa kampera | vanlife<\/title>\n<meta name=\"description\" content=\"Stworzyli\u015bmy kampera, kt\u00f3rym mo\u017cesz wyruszy\u0107 w podr\u00f3\u017c. Je\u017celi chcesz do\u015bwiadczy\u0107 czym jest vanlife lub interesuje Ci\u0119 temat budow kampera - zapraszamy!\" \/>\n<meta name=\"robots\" content=\"index, follow, max-snippet:-1, max-image-preview:large, max-video-preview:-1\" \/>\n<link rel=\"canonical\" href=\"https:\/\/vandalvan.com\/index.php\/strona-glowna\/\" \/>\n<meta property=\"og:locale\" content=\"pl_PL\" \/>\n<meta property=\"og:type\" content=\"article\" \/>\n<meta property=\"og:title\" content=\"Je\u017celi kochasz podr\u00f3\u017ce, natur\u0119 i wolno\u015b\u0107 - to jeste\u015b we w\u0142a\u015bciwym miejscu. - campervan na wynajem | budowa kampera | vanlife\" \/>\n<meta property=\"og:description\" content=\"Stworzyli\u015bmy kampera, kt\u00f3rym mo\u017cesz wyruszy\u0107 w podr\u00f3\u017c. Je\u017celi chcesz do\u015bwiadczy\u0107 czym jest vanlife lub interesuje Ci\u0119 temat budow kampera - zapraszamy!\" \/>\n<meta property=\"og:url\" content=\"https:\/\/vandalvan.com\/index.php\/strona-glowna\/\" \/>\n<meta property=\"og:site_name\" content=\"VANDALVAN\" \/>\n<meta property=\"article:modified_time\" content=\"2022-09-14T20:23:24+00:00\" \/>\n<meta name=\"twitter:card\" content=\"summary_large_image\" \/>\n<script type=\"application\/ld+json\" class=\"yoast-schema-graph\">{\"@context\":\"https:\/\/schema.org\",\"@graph\":[{\"@type\":\"WebPage\",\"@id\":\"https:\/\/vandalvan.com\/index.php\/strona-glowna\/\",\"url\":\"https:\/\/vandalvan.com\/index.php\/strona-glowna\/\",\"name\":\"Je\u017celi kochasz podr\u00f3\u017ce, natur\u0119 i wolno\u015b\u0107 - to jeste\u015b we w\u0142a\u015bciwym miejscu. - campervan na wynajem | budowa kampera | vanlife\",\"isPartOf\":{\"@id\":\"https:\/\/vandalvan.com\/#website\"},\"datePublished\":\"2019-07-26T10:16:14+00:00\",\"dateModified\":\"2022-09-14T20:23:24+00:00\",\"description\":\"Stworzyli\u015bmy kampera, kt\u00f3rym mo\u017cesz wyruszy\u0107 w podr\u00f3\u017c. Je\u017celi chcesz do\u015bwiadczy\u0107 czym jest vanlife lub interesuje Ci\u0119 temat budow kampera - zapraszamy!\",\"breadcrumb\":{\"@id\":\"https:\/\/vandalvan.com\/index.php\/strona-glowna\/#breadcrumb\"},\"inLanguage\":\"pl-PL\",\"potentialAction\":[{\"@type\":\"ReadAction\",\"target\":[\"https:\/\/vandalvan.com\/index.php\/strona-glowna\/\"]}]},{\"@type\":\"BreadcrumbList\",\"@id\":\"https:\/\/vandalvan.com\/index.php\/strona-glowna\/#breadcrumb\",\"itemListElement\":[{\"@type\":\"ListItem\",\"position\":1,\"name\":\"Strona g\u0142\u00f3wna\",\"item\":\"https:\/\/vandalvan.com\/\"},{\"@type\":\"ListItem\",\"position\":2,\"name\":\"Je\u017celi kochasz podr\u00f3\u017ce, natur\u0119 i wolno\u015b\u0107 &#8211; to jeste\u015b we w\u0142a\u015bciwym miejscu.\"}]},{\"@type\":\"WebSite\",\"@id\":\"https:\/\/vandalvan.com\/#website\",\"url\":\"https:\/\/vandalvan.com\/\",\"name\":\"VANDALVAN\",\"description\":\"Feels like home\",\"publisher\":{\"@id\":\"https:\/\/vandalvan.com\/#organization\"},\"potentialAction\":[{\"@type\":\"SearchAction\",\"target\":{\"@type\":\"EntryPoint\",\"urlTemplate\":\"https:\/\/vandalvan.com\/?s={search_term_string}\"},\"query-input\":{\"@type\":\"PropertyValueSpecification\",\"valueRequired\":true,\"valueName\":\"search_term_string\"}}],\"inLanguage\":\"pl-PL\"},{\"@type\":\"Organization\",\"@id\":\"https:\/\/vandalvan.com\/#organization\",\"name\":\"VANDALVAN\",\"url\":\"https:\/\/vandalvan.com\/\",\"logo\":{\"@type\":\"ImageObject\",\"inLanguage\":\"pl-PL\",\"@id\":\"https:\/\/vandalvan.com\/#\/schema\/logo\/image\/\",\"url\":\"https:\/\/vandalvan.com\/wp-content\/uploads\/2022\/08\/cropped-VANDALVAN-logo-haslo_biale.png\",\"contentUrl\":\"https:\/\/vandalvan.com\/wp-content\/uploads\/2022\/08\/cropped-VANDALVAN-logo-haslo_biale.png\",\"width\":631,\"height\":250,\"caption\":\"VANDALVAN\"},\"image\":{\"@id\":\"https:\/\/vandalvan.com\/#\/schema\/logo\/image\/\"}}]}<\/script>\n<!-- \/ Yoast SEO plugin. -->","yoast_head_json":{"title":"Je\u017celi kochasz podr\u00f3\u017ce, natur\u0119 i wolno\u015b\u0107 - to jeste\u015b we w\u0142a\u015bciwym miejscu. - campervan na wynajem | budowa kampera | vanlife","description":"Stworzyli\u015bmy kampera, kt\u00f3rym mo\u017cesz wyruszy\u0107 w podr\u00f3\u017c. Je\u017celi chcesz do\u015bwiadczy\u0107 czym jest vanlife lub interesuje Ci\u0119 temat budow kampera - zapraszamy!","robots":{"index":"index","follow":"follow","max-snippet":"max-snippet:-1","max-image-preview":"max-image-preview:large","max-video-preview":"max-video-preview:-1"},"canonical":"https:\/\/vandalvan.com\/index.php\/strona-glowna\/","og_locale":"pl_PL","og_type":"article","og_title":"Je\u017celi kochasz podr\u00f3\u017ce, natur\u0119 i wolno\u015b\u0107 - to jeste\u015b we w\u0142a\u015bciwym miejscu. - campervan na wynajem | budowa kampera | vanlife","og_description":"Stworzyli\u015bmy kampera, kt\u00f3rym mo\u017cesz wyruszy\u0107 w podr\u00f3\u017c. Je\u017celi chcesz do\u015bwiadczy\u0107 czym jest vanlife lub interesuje Ci\u0119 temat budow kampera - zapraszamy!","og_url":"https:\/\/vandalvan.com\/index.php\/strona-glowna\/","og_site_name":"VANDALVAN","article_modified_time":"2022-09-14T20:23:24+00:00","twitter_card":"summary_large_image","schema":{"@context":"https:\/\/schema.org","@graph":[{"@type":"WebPage","@id":"https:\/\/vandalvan.com\/index.php\/strona-glowna\/","url":"https:\/\/vandalvan.com\/index.php\/strona-glowna\/","name":"Je\u017celi kochasz podr\u00f3\u017ce, natur\u0119 i wolno\u015b\u0107 - to jeste\u015b we w\u0142a\u015bciwym miejscu. - campervan na wynajem | budowa kampera | vanlife","isPartOf":{"@id":"https:\/\/vandalvan.com\/#website"},"datePublished":"2019-07-26T10:16:14+00:00","dateModified":"2022-09-14T20:23:24+00:00","description":"Stworzyli\u015bmy kampera, kt\u00f3rym mo\u017cesz wyruszy\u0107 w podr\u00f3\u017c. Je\u017celi chcesz do\u015bwiadczy\u0107 czym jest vanlife lub interesuje Ci\u0119 temat budow kampera - zapraszamy!","breadcrumb":{"@id":"https:\/\/vandalvan.com\/index.php\/strona-glowna\/#breadcrumb"},"inLanguage":"pl-PL","potentialAction":[{"@type":"ReadAction","target":["https:\/\/vandalvan.com\/index.php\/strona-glowna\/"]}]},{"@type":"BreadcrumbList","@id":"https:\/\/vandalvan.com\/index.php\/strona-glowna\/#breadcrumb","itemListElement":[{"@type":"ListItem","position":1,"name":"Strona g\u0142\u00f3wna","item":"https:\/\/vandalvan.com\/"},{"@type":"ListItem","position":2,"name":"Je\u017celi kochasz podr\u00f3\u017ce, natur\u0119 i wolno\u015b\u0107 &#8211; to jeste\u015b we w\u0142a\u015bciwym miejscu."}]},{"@type":"WebSite","@id":"https:\/\/vandalvan.com\/#website","url":"https:\/\/vandalvan.com\/","name":"VANDALVAN","description":"Feels like home","publisher":{"@id":"https:\/\/vandalvan.com\/#organization"},"potentialAction":[{"@type":"SearchAction","target":{"@type":"EntryPoint","urlTemplate":"https:\/\/vandalvan.com\/?s={search_term_string}"},"query-input":{"@type":"PropertyValueSpecification","valueRequired":true,"valueName":"search_term_string"}}],"inLanguage":"pl-PL"},{"@type":"Organization","@id":"https:\/\/vandalvan.com\/#organization","name":"VANDALVAN","url":"https:\/\/vandalvan.com\/","logo":{"@type":"ImageObject","inLanguage":"pl-PL","@id":"https:\/\/vandalvan.com\/#\/schema\/logo\/image\/","url":"https:\/\/vandalvan.com\/wp-content\/uploads\/2022\/08\/cropped-VANDALVAN-logo-haslo_biale.png","contentUrl":"https:\/\/vandalvan.com\/wp-content\/uploads\/2022\/08\/cropped-VANDALVAN-logo-haslo_biale.png","width":631,"height":250,"caption":"VANDALVAN"},"image":{"@id":"https:\/\/vandalvan.com\/#\/schema\/logo\/image\/"}}]}},"_links":{"self":[{"href":"https:\/\/vandalvan.com\/index.php\/wp-json\/wp\/v2\/pages\/8","targetHints":{"allow":["GET"]}}],"collection":[{"href":"https:\/\/vandalvan.com\/index.php\/wp-json\/wp\/v2\/pages"}],"about":[{"href":"https:\/\/vandalvan.com\/index.php\/wp-json\/wp\/v2\/types\/page"}],"author":[{"embeddable":true,"href":"https:\/\/vandalvan.com\/index.php\/wp-json\/wp\/v2\/users\/1"}],"replies":[{"embeddable":true,"href":"https:\/\/vandalvan.com\/index.php\/wp-json\/wp\/v2\/comments?post=8"}],"version-history":[{"count":0,"href":"https:\/\/vandalvan.com\/index.php\/wp-json\/wp\/v2\/pages\/8\/revisions"}],"wp:attachment":[{"href":"https:\/\/vandalvan.com\/index.php\/wp-json\/wp\/v2\/media?parent=8"}],"curies":[{"name":"wp","href":"https:\/\/api.w.org\/{rel}","templated":true}]}}