{"id":215,"date":"2019-10-16T14:16:32","date_gmt":"2019-10-16T14:16:32","guid":{"rendered":"http:\/\/vandalvan.com\/?page_id=215"},"modified":"2025-06-03T07:42:11","modified_gmt":"2025-06-03T07:42:11","slug":"wnetrze-campervan-wynajem-kampera","status":"publish","type":"page","link":"https:\/\/vandalvan.com\/index.php\/wnetrze-campervan-wynajem-kampera\/","title":{"rendered":"Wn\u0119trze"},"content":{"rendered":"\n<p style=\"font-size:15px\">Projektuj\u0105c wn\u0119trze kampera zale\u017ca\u0142o nam, \u017ceby by\u0142o w nim przytulnie i komfortowo. <strong>U<\/strong><b>\u017cywali\u015bmy naturalnych materia\u0142\u00f3w w <strong>po\u0142<\/strong><\/b><strong>\u0105czeniu z<\/strong> <b>jasnymi kolorami.<\/b> Ceramika w przestrzeni kuchennej, sklejkowe blaty czy ciep\u0142e \u015bwiat\u0142o o regulowanym nat\u0119\u017ceniu sprawiaj\u0105, \u017ce mo\u017cna poczu\u0107 si\u0119 tu jak w domu.<\/p>\n\n\n\n<p style=\"font-size:15px\">W zale\u017cno\u015bci od modelu vana &#8211; wn\u0119trze zosta\u0142o zaprojektowany z my\u015bl\u0105 o <strong>komfortowej podr\u00f3\u017cy i noclegu dla nawet 4 doros\u0142ych os\u00f3b.<\/strong><\/p>\n\n\n\n<figure class=\"wp-block-gallery has-nested-images columns-3 is-cropped wp-block-gallery-1 is-layout-flex wp-block-gallery-is-layout-flex\">\n<figure class=\"wp-block-image size-large\"><img loading=\"lazy\" decoding=\"async\" width=\"1024\" height=\"683\" data-id=\"1282\" src=\"https:\/\/vandalvan.com\/wp-content\/uploads\/2022\/09\/DSCF1218-1024x683.jpg\" alt=\"\" class=\"wp-image-1282\" srcset=\"https:\/\/vandalvan.com\/wp-content\/uploads\/2022\/09\/DSCF1218-1024x683.jpg 1024w, https:\/\/vandalvan.com\/wp-content\/uploads\/2022\/09\/DSCF1218-scaled-350x233.jpg 350w, https:\/\/vandalvan.com\/wp-content\/uploads\/2022\/09\/DSCF1218-300x200.jpg 300w, https:\/\/vandalvan.com\/wp-content\/uploads\/2022\/09\/DSCF1218-768x512.jpg 768w, https:\/\/vandalvan.com\/wp-content\/uploads\/2022\/09\/DSCF1218-1536x1024.jpg 1536w, https:\/\/vandalvan.com\/wp-content\/uploads\/2022\/09\/DSCF1218-2048x1365.jpg 2048w\" sizes=\"auto, (max-width: 706px) 89vw, (max-width: 767px) 82vw, 740px\" \/><\/figure>\n\n\n\n<figure class=\"wp-block-image size-large\"><img loading=\"lazy\" decoding=\"async\" width=\"1024\" height=\"683\" data-id=\"1272\" src=\"https:\/\/vandalvan.com\/wp-content\/uploads\/2022\/09\/DSCF1340-1024x683.jpg\" alt=\"\" class=\"wp-image-1272\" srcset=\"https:\/\/vandalvan.com\/wp-content\/uploads\/2022\/09\/DSCF1340-1024x683.jpg 1024w, https:\/\/vandalvan.com\/wp-content\/uploads\/2022\/09\/DSCF1340-scaled-350x233.jpg 350w, https:\/\/vandalvan.com\/wp-content\/uploads\/2022\/09\/DSCF1340-300x200.jpg 300w, https:\/\/vandalvan.com\/wp-content\/uploads\/2022\/09\/DSCF1340-768x512.jpg 768w, https:\/\/vandalvan.com\/wp-content\/uploads\/2022\/09\/DSCF1340-1536x1024.jpg 1536w, https:\/\/vandalvan.com\/wp-content\/uploads\/2022\/09\/DSCF1340-2048x1365.jpg 2048w\" sizes=\"auto, (max-width: 706px) 89vw, (max-width: 767px) 82vw, 740px\" \/><\/figure>\n\n\n\n<figure class=\"wp-block-image size-large\"><img loading=\"lazy\" decoding=\"async\" width=\"683\" height=\"1024\" data-id=\"1273\" src=\"https:\/\/vandalvan.com\/wp-content\/uploads\/2022\/09\/DSCF1486-683x1024.jpg\" alt=\"\" class=\"wp-image-1273\" srcset=\"https:\/\/vandalvan.com\/wp-content\/uploads\/2022\/09\/DSCF1486-683x1024.jpg 683w, https:\/\/vandalvan.com\/wp-content\/uploads\/2022\/09\/DSCF1486-scaled-350x525.jpg 350w, https:\/\/vandalvan.com\/wp-content\/uploads\/2022\/09\/DSCF1486-200x300.jpg 200w, https:\/\/vandalvan.com\/wp-content\/uploads\/2022\/09\/DSCF1486-768x1152.jpg 768w, https:\/\/vandalvan.com\/wp-content\/uploads\/2022\/09\/DSCF1486-1024x1536.jpg 1024w, https:\/\/vandalvan.com\/wp-content\/uploads\/2022\/09\/DSCF1486-1365x2048.jpg 1365w, https:\/\/vandalvan.com\/wp-content\/uploads\/2022\/09\/DSCF1486-scaled.jpg 1706w\" sizes=\"auto, (max-width: 683px) 100vw, 683px\" \/><\/figure>\n\n\n\n<figure class=\"wp-block-image size-large\"><img loading=\"lazy\" decoding=\"async\" width=\"1024\" height=\"692\" data-id=\"1281\" src=\"https:\/\/vandalvan.com\/wp-content\/uploads\/2022\/09\/DSCF1595-1024x692.jpg\" alt=\"\" class=\"wp-image-1281\" srcset=\"https:\/\/vandalvan.com\/wp-content\/uploads\/2022\/09\/DSCF1595-1024x692.jpg 1024w, https:\/\/vandalvan.com\/wp-content\/uploads\/2022\/09\/DSCF1595-scaled-350x237.jpg 350w, https:\/\/vandalvan.com\/wp-content\/uploads\/2022\/09\/DSCF1595-300x203.jpg 300w, https:\/\/vandalvan.com\/wp-content\/uploads\/2022\/09\/DSCF1595-768x519.jpg 768w, https:\/\/vandalvan.com\/wp-content\/uploads\/2022\/09\/DSCF1595-1536x1038.jpg 1536w, https:\/\/vandalvan.com\/wp-content\/uploads\/2022\/09\/DSCF1595-2048x1384.jpg 2048w\" sizes=\"auto, (max-width: 706px) 89vw, (max-width: 767px) 82vw, 740px\" \/><\/figure>\n\n\n\n<figure class=\"wp-block-image size-large\"><img loading=\"lazy\" decoding=\"async\" width=\"1024\" height=\"683\" data-id=\"1274\" src=\"https:\/\/vandalvan.com\/wp-content\/uploads\/2022\/09\/DSCF1604-1024x683.jpg\" alt=\"\" class=\"wp-image-1274\" srcset=\"https:\/\/vandalvan.com\/wp-content\/uploads\/2022\/09\/DSCF1604-1024x683.jpg 1024w, https:\/\/vandalvan.com\/wp-content\/uploads\/2022\/09\/DSCF1604-scaled-350x233.jpg 350w, https:\/\/vandalvan.com\/wp-content\/uploads\/2022\/09\/DSCF1604-300x200.jpg 300w, https:\/\/vandalvan.com\/wp-content\/uploads\/2022\/09\/DSCF1604-768x512.jpg 768w, https:\/\/vandalvan.com\/wp-content\/uploads\/2022\/09\/DSCF1604-1536x1024.jpg 1536w, https:\/\/vandalvan.com\/wp-content\/uploads\/2022\/09\/DSCF1604-2048x1365.jpg 2048w\" sizes=\"auto, (max-width: 706px) 89vw, (max-width: 767px) 82vw, 740px\" \/><\/figure>\n<\/figure>\n\n\n\n<div class=\"wp-block-buttons is-content-justification-center is-layout-flex wp-container-core-buttons-is-layout-28206b41 wp-block-buttons-is-layout-flex\">\n<div class=\"wp-block-button has-custom-width wp-block-button__width-50\"><a class=\"wp-block-button__link has-black-color has-luminous-vivid-amber-background-color has-text-color has-background wp-element-button\" href=\"https:\/\/vandalvan.com\/index.php\/wynajem-kampera-wynajem-campervana\/\">Wybierz kampera na przygod\u0119!<\/a><\/div>\n<\/div>\n\n\n\n<p class=\"has-white-color has-text-color\">|<\/p>\n\n\n\n<figure class=\"wp-block-embed is-type-video is-provider-youtube wp-block-embed-youtube wp-embed-aspect-16-9 wp-has-aspect-ratio\"><div class=\"wp-block-embed__wrapper\">\n<iframe loading=\"lazy\" title=\"\ud83d\ude90\u2728 Jak wygl\u0105da najnowszy VANDALVAN? - Zobacz VAN TOUR i ruszaj w drog\u0119! \ud83c\udf0d\" width=\"525\" height=\"295\" src=\"https:\/\/www.youtube.com\/embed\/DL5Fxwnc3wk?feature=oembed\" frameborder=\"0\" allow=\"accelerometer; autoplay; clipboard-write; encrypted-media; gyroscope; picture-in-picture; web-share\" referrerpolicy=\"strict-origin-when-cross-origin\" allowfullscreen><\/iframe>\n<\/div><\/figure>\n\n\n","protected":false},"excerpt":{"rendered":"<p>Projektuj\u0105c wn\u0119trze kampera zale\u017ca\u0142o nam, \u017ceby by\u0142o w nim przytulnie i komfortowo. U\u017cywali\u015bmy naturalnych materia\u0142\u00f3w w po\u0142\u0105czeniu z jasnymi kolorami. Ceramika w przestrzeni kuchennej, sklejkowe blaty czy ciep\u0142e \u015bwiat\u0142o o regulowanym nat\u0119\u017ceniu sprawiaj\u0105, \u017ce mo\u017cna poczu\u0107 si\u0119 tu jak w domu. W zale\u017cno\u015bci od modelu vana &#8211; wn\u0119trze zosta\u0142o zaprojektowany z my\u015bl\u0105 o komfortowej podr\u00f3\u017cy &hellip; <\/p>\n<p class=\"link-more\"><a href=\"https:\/\/vandalvan.com\/index.php\/wnetrze-campervan-wynajem-kampera\/\" class=\"more-link\">Czytaj dalej<span class=\"screen-reader-text\"> \u201eWn\u0119trze\u201d<\/span><\/a><\/p>\n","protected":false},"author":1,"featured_media":935,"parent":0,"menu_order":0,"comment_status":"closed","ping_status":"closed","template":"","meta":{"footnotes":""},"class_list":["post-215","page","type-page","status-publish","has-post-thumbnail","hentry"],"yoast_head":"<!-- This site is optimized with the Yoast SEO plugin v26.8 - https:\/\/yoast.com\/product\/yoast-seo-wordpress\/ -->\n<title>Wn\u0119trze kampera - VANDALVAN - kamper na wynajem<\/title>\n<meta name=\"description\" content=\"Wn\u0119trze kampera projektowali\u015bmy z my\u015bl\u0105 o tym aby czu\u0107 si\u0119 w nim jak w domu. Zale\u017ca\u0142o nam na minimalizmie i maksymalnej przestronno\u015bci wn\u0119trza.\" \/>\n<meta name=\"robots\" content=\"index, follow, max-snippet:-1, max-image-preview:large, max-video-preview:-1\" \/>\n<link rel=\"canonical\" href=\"https:\/\/vandalvan.com\/index.php\/wnetrze-campervan-wynajem-kampera\/\" \/>\n<meta property=\"og:locale\" content=\"pl_PL\" \/>\n<meta property=\"og:type\" content=\"article\" \/>\n<meta property=\"og:title\" content=\"Wn\u0119trze kampera\" \/>\n<meta property=\"og:description\" content=\"Wn\u0119trze naszego campervana projektowali\u015bmy z my\u015bl\u0105 o tym aby czu\u0107 si\u0119 w nim jak w domu. Zale\u017ca\u0142o nam na minimalizmie i maksymalnej przestronno\u015bci wn\u0119trza.\" \/>\n<meta property=\"og:url\" content=\"https:\/\/vandalvan.com\/index.php\/wnetrze-campervan-wynajem-kampera\/\" \/>\n<meta property=\"og:site_name\" content=\"VANDALVAN\" \/>\n<meta property=\"article:modified_time\" content=\"2025-06-03T07:42:11+00:00\" \/>\n<meta property=\"og:image\" content=\"https:\/\/vandalvan.com\/wp-content\/uploads\/2022\/06\/DSCF1330-scaled.jpg\" \/>\n\t<meta property=\"og:image:width\" content=\"2560\" \/>\n\t<meta property=\"og:image:height\" content=\"1706\" \/>\n\t<meta property=\"og:image:type\" content=\"image\/jpeg\" \/>\n<meta name=\"twitter:card\" content=\"summary_large_image\" \/>\n<script type=\"application\/ld+json\" class=\"yoast-schema-graph\">{\"@context\":\"https:\/\/schema.org\",\"@graph\":[{\"@type\":\"WebPage\",\"@id\":\"https:\/\/vandalvan.com\/index.php\/wnetrze-campervan-wynajem-kampera\/\",\"url\":\"https:\/\/vandalvan.com\/index.php\/wnetrze-campervan-wynajem-kampera\/\",\"name\":\"Wn\u0119trze kampera - VANDALVAN - kamper na wynajem\",\"isPartOf\":{\"@id\":\"https:\/\/vandalvan.com\/#website\"},\"primaryImageOfPage\":{\"@id\":\"https:\/\/vandalvan.com\/index.php\/wnetrze-campervan-wynajem-kampera\/#primaryimage\"},\"image\":{\"@id\":\"https:\/\/vandalvan.com\/index.php\/wnetrze-campervan-wynajem-kampera\/#primaryimage\"},\"thumbnailUrl\":\"https:\/\/vandalvan.com\/wp-content\/uploads\/2022\/06\/DSCF1330-scaled.jpg\",\"datePublished\":\"2019-10-16T14:16:32+00:00\",\"dateModified\":\"2025-06-03T07:42:11+00:00\",\"description\":\"Wn\u0119trze kampera projektowali\u015bmy z my\u015bl\u0105 o tym aby czu\u0107 si\u0119 w nim jak w domu. Zale\u017ca\u0142o nam na minimalizmie i maksymalnej przestronno\u015bci wn\u0119trza.\",\"breadcrumb\":{\"@id\":\"https:\/\/vandalvan.com\/index.php\/wnetrze-campervan-wynajem-kampera\/#breadcrumb\"},\"inLanguage\":\"pl-PL\",\"potentialAction\":[{\"@type\":\"ReadAction\",\"target\":[\"https:\/\/vandalvan.com\/index.php\/wnetrze-campervan-wynajem-kampera\/\"]}]},{\"@type\":\"ImageObject\",\"inLanguage\":\"pl-PL\",\"@id\":\"https:\/\/vandalvan.com\/index.php\/wnetrze-campervan-wynajem-kampera\/#primaryimage\",\"url\":\"https:\/\/vandalvan.com\/wp-content\/uploads\/2022\/06\/DSCF1330-scaled.jpg\",\"contentUrl\":\"https:\/\/vandalvan.com\/wp-content\/uploads\/2022\/06\/DSCF1330-scaled.jpg\",\"width\":2560,\"height\":1706},{\"@type\":\"BreadcrumbList\",\"@id\":\"https:\/\/vandalvan.com\/index.php\/wnetrze-campervan-wynajem-kampera\/#breadcrumb\",\"itemListElement\":[{\"@type\":\"ListItem\",\"position\":1,\"name\":\"Strona g\u0142\u00f3wna\",\"item\":\"https:\/\/vandalvan.com\/\"},{\"@type\":\"ListItem\",\"position\":2,\"name\":\"Wn\u0119trze\"}]},{\"@type\":\"WebSite\",\"@id\":\"https:\/\/vandalvan.com\/#website\",\"url\":\"https:\/\/vandalvan.com\/\",\"name\":\"VANDALVAN\",\"description\":\"Feels like home\",\"publisher\":{\"@id\":\"https:\/\/vandalvan.com\/#organization\"},\"potentialAction\":[{\"@type\":\"SearchAction\",\"target\":{\"@type\":\"EntryPoint\",\"urlTemplate\":\"https:\/\/vandalvan.com\/?s={search_term_string}\"},\"query-input\":{\"@type\":\"PropertyValueSpecification\",\"valueRequired\":true,\"valueName\":\"search_term_string\"}}],\"inLanguage\":\"pl-PL\"},{\"@type\":\"Organization\",\"@id\":\"https:\/\/vandalvan.com\/#organization\",\"name\":\"VANDALVAN\",\"url\":\"https:\/\/vandalvan.com\/\",\"logo\":{\"@type\":\"ImageObject\",\"inLanguage\":\"pl-PL\",\"@id\":\"https:\/\/vandalvan.com\/#\/schema\/logo\/image\/\",\"url\":\"https:\/\/vandalvan.com\/wp-content\/uploads\/2022\/08\/cropped-VANDALVAN-logo-haslo_biale.png\",\"contentUrl\":\"https:\/\/vandalvan.com\/wp-content\/uploads\/2022\/08\/cropped-VANDALVAN-logo-haslo_biale.png\",\"width\":631,\"height\":250,\"caption\":\"VANDALVAN\"},\"image\":{\"@id\":\"https:\/\/vandalvan.com\/#\/schema\/logo\/image\/\"}}]}<\/script>\n<!-- \/ Yoast SEO plugin. -->","yoast_head_json":{"title":"Wn\u0119trze kampera - VANDALVAN - kamper na wynajem","description":"Wn\u0119trze kampera projektowali\u015bmy z my\u015bl\u0105 o tym aby czu\u0107 si\u0119 w nim jak w domu. Zale\u017ca\u0142o nam na minimalizmie i maksymalnej przestronno\u015bci wn\u0119trza.","robots":{"index":"index","follow":"follow","max-snippet":"max-snippet:-1","max-image-preview":"max-image-preview:large","max-video-preview":"max-video-preview:-1"},"canonical":"https:\/\/vandalvan.com\/index.php\/wnetrze-campervan-wynajem-kampera\/","og_locale":"pl_PL","og_type":"article","og_title":"Wn\u0119trze kampera","og_description":"Wn\u0119trze naszego campervana projektowali\u015bmy z my\u015bl\u0105 o tym aby czu\u0107 si\u0119 w nim jak w domu. Zale\u017ca\u0142o nam na minimalizmie i maksymalnej przestronno\u015bci wn\u0119trza.","og_url":"https:\/\/vandalvan.com\/index.php\/wnetrze-campervan-wynajem-kampera\/","og_site_name":"VANDALVAN","article_modified_time":"2025-06-03T07:42:11+00:00","og_image":[{"width":2560,"height":1706,"url":"https:\/\/vandalvan.com\/wp-content\/uploads\/2022\/06\/DSCF1330-scaled.jpg","type":"image\/jpeg"}],"twitter_card":"summary_large_image","schema":{"@context":"https:\/\/schema.org","@graph":[{"@type":"WebPage","@id":"https:\/\/vandalvan.com\/index.php\/wnetrze-campervan-wynajem-kampera\/","url":"https:\/\/vandalvan.com\/index.php\/wnetrze-campervan-wynajem-kampera\/","name":"Wn\u0119trze kampera - VANDALVAN - kamper na wynajem","isPartOf":{"@id":"https:\/\/vandalvan.com\/#website"},"primaryImageOfPage":{"@id":"https:\/\/vandalvan.com\/index.php\/wnetrze-campervan-wynajem-kampera\/#primaryimage"},"image":{"@id":"https:\/\/vandalvan.com\/index.php\/wnetrze-campervan-wynajem-kampera\/#primaryimage"},"thumbnailUrl":"https:\/\/vandalvan.com\/wp-content\/uploads\/2022\/06\/DSCF1330-scaled.jpg","datePublished":"2019-10-16T14:16:32+00:00","dateModified":"2025-06-03T07:42:11+00:00","description":"Wn\u0119trze kampera projektowali\u015bmy z my\u015bl\u0105 o tym aby czu\u0107 si\u0119 w nim jak w domu. Zale\u017ca\u0142o nam na minimalizmie i maksymalnej przestronno\u015bci wn\u0119trza.","breadcrumb":{"@id":"https:\/\/vandalvan.com\/index.php\/wnetrze-campervan-wynajem-kampera\/#breadcrumb"},"inLanguage":"pl-PL","potentialAction":[{"@type":"ReadAction","target":["https:\/\/vandalvan.com\/index.php\/wnetrze-campervan-wynajem-kampera\/"]}]},{"@type":"ImageObject","inLanguage":"pl-PL","@id":"https:\/\/vandalvan.com\/index.php\/wnetrze-campervan-wynajem-kampera\/#primaryimage","url":"https:\/\/vandalvan.com\/wp-content\/uploads\/2022\/06\/DSCF1330-scaled.jpg","contentUrl":"https:\/\/vandalvan.com\/wp-content\/uploads\/2022\/06\/DSCF1330-scaled.jpg","width":2560,"height":1706},{"@type":"BreadcrumbList","@id":"https:\/\/vandalvan.com\/index.php\/wnetrze-campervan-wynajem-kampera\/#breadcrumb","itemListElement":[{"@type":"ListItem","position":1,"name":"Strona g\u0142\u00f3wna","item":"https:\/\/vandalvan.com\/"},{"@type":"ListItem","position":2,"name":"Wn\u0119trze"}]},{"@type":"WebSite","@id":"https:\/\/vandalvan.com\/#website","url":"https:\/\/vandalvan.com\/","name":"VANDALVAN","description":"Feels like home","publisher":{"@id":"https:\/\/vandalvan.com\/#organization"},"potentialAction":[{"@type":"SearchAction","target":{"@type":"EntryPoint","urlTemplate":"https:\/\/vandalvan.com\/?s={search_term_string}"},"query-input":{"@type":"PropertyValueSpecification","valueRequired":true,"valueName":"search_term_string"}}],"inLanguage":"pl-PL"},{"@type":"Organization","@id":"https:\/\/vandalvan.com\/#organization","name":"VANDALVAN","url":"https:\/\/vandalvan.com\/","logo":{"@type":"ImageObject","inLanguage":"pl-PL","@id":"https:\/\/vandalvan.com\/#\/schema\/logo\/image\/","url":"https:\/\/vandalvan.com\/wp-content\/uploads\/2022\/08\/cropped-VANDALVAN-logo-haslo_biale.png","contentUrl":"https:\/\/vandalvan.com\/wp-content\/uploads\/2022\/08\/cropped-VANDALVAN-logo-haslo_biale.png","width":631,"height":250,"caption":"VANDALVAN"},"image":{"@id":"https:\/\/vandalvan.com\/#\/schema\/logo\/image\/"}}]}},"_links":{"self":[{"href":"https:\/\/vandalvan.com\/index.php\/wp-json\/wp\/v2\/pages\/215","targetHints":{"allow":["GET"]}}],"collection":[{"href":"https:\/\/vandalvan.com\/index.php\/wp-json\/wp\/v2\/pages"}],"about":[{"href":"https:\/\/vandalvan.com\/index.php\/wp-json\/wp\/v2\/types\/page"}],"author":[{"embeddable":true,"href":"https:\/\/vandalvan.com\/index.php\/wp-json\/wp\/v2\/users\/1"}],"replies":[{"embeddable":true,"href":"https:\/\/vandalvan.com\/index.php\/wp-json\/wp\/v2\/comments?post=215"}],"version-history":[{"count":0,"href":"https:\/\/vandalvan.com\/index.php\/wp-json\/wp\/v2\/pages\/215\/revisions"}],"wp:featuredmedia":[{"embeddable":true,"href":"https:\/\/vandalvan.com\/index.php\/wp-json\/wp\/v2\/media\/935"}],"wp:attachment":[{"href":"https:\/\/vandalvan.com\/index.php\/wp-json\/wp\/v2\/media?parent=215"}],"curies":[{"name":"wp","href":"https:\/\/api.w.org\/{rel}","templated":true}]}}