{"id":1399,"date":"2022-11-24T11:06:54","date_gmt":"2022-11-24T11:06:54","guid":{"rendered":"https:\/\/vandalvan.com\/?page_id=1399"},"modified":"2024-09-29T18:16:31","modified_gmt":"2024-09-29T18:16:31","slug":"budowa-kampera","status":"publish","type":"page","link":"https:\/\/vandalvan.com\/index.php\/budowa-kampera\/","title":{"rendered":"Budowa kampera"},"content":{"rendered":"\n<div class=\"wp-block-columns is-layout-flex wp-container-core-columns-is-layout-9d6595d7 wp-block-columns-is-layout-flex\">\n<div class=\"wp-block-column is-layout-flow wp-block-column-is-layout-flow\">\n<p><strong>Pobierz darmowy PDF w kt\u00f3rym przygotowa\u0142em: <\/strong><\/p>\n\n\n\n<p>\ud83d\udc49 schemat instalacji elektrycznej<br>\ud83d\udc49 schemat instalacji wodnej<br>\ud83d\udc49 bud\u017cet budowy kampera<br>\ud83d\udc49 informacje jak taniej zbudowa\u0107 kampera<\/p>\n\n\n\n<div class=\"wp-block-buttons is-content-justification-center is-layout-flex wp-container-core-buttons-is-layout-16018d1d wp-block-buttons-is-layout-flex\">\n<div class=\"wp-block-button has-custom-width wp-block-button__width-75 has-custom-font-size\" style=\"font-size:15px\"><a class=\"wp-block-button__link has-vivid-cyan-blue-background-color has-background wp-element-button\" href=\"https:\/\/dashboard.mailerlite.com\/forms\/831566\/126469299755812791\/share\"><strong>Pobierz PDF<\/strong><\/a><\/div>\n<\/div>\n<\/div>\n\n\n\n<div class=\"wp-block-column is-layout-flow wp-block-column-is-layout-flow\">\n<figure class=\"wp-block-image size-full\"><a href=\"https:\/\/dashboard.mailerlite.com\/forms\/831566\/126469299755812791\/share\"><img loading=\"lazy\" decoding=\"async\" width=\"1598\" height=\"898\" src=\"https:\/\/vandalvan.com\/wp-content\/uploads\/2024\/09\/Zrzut-ekranu-2024-09-29-o-20.09.57.png\" alt=\"\" class=\"wp-image-2473\" srcset=\"https:\/\/vandalvan.com\/wp-content\/uploads\/2024\/09\/Zrzut-ekranu-2024-09-29-o-20.09.57.png 1598w, https:\/\/vandalvan.com\/wp-content\/uploads\/2024\/09\/Zrzut-ekranu-2024-09-29-o-20.09.57-300x169.png 300w, https:\/\/vandalvan.com\/wp-content\/uploads\/2024\/09\/Zrzut-ekranu-2024-09-29-o-20.09.57-1024x575.png 1024w, https:\/\/vandalvan.com\/wp-content\/uploads\/2024\/09\/Zrzut-ekranu-2024-09-29-o-20.09.57-768x432.png 768w, https:\/\/vandalvan.com\/wp-content\/uploads\/2024\/09\/Zrzut-ekranu-2024-09-29-o-20.09.57-1536x863.png 1536w, https:\/\/vandalvan.com\/wp-content\/uploads\/2024\/09\/Zrzut-ekranu-2024-09-29-o-20.09.57-350x197.png 350w\" sizes=\"auto, (max-width: 706px) 89vw, (max-width: 767px) 82vw, 740px\" \/><\/a><\/figure>\n<\/div>\n<\/div>\n\n\n\n<p class=\"has-white-color has-text-color has-link-color wp-elements-9ed033d2afebb58115a65689ac385268\">I<\/p>\n\n\n\n<div class=\"wp-block-columns is-layout-flex wp-container-core-columns-is-layout-9d6595d7 wp-block-columns-is-layout-flex\">\n<div class=\"wp-block-column is-layout-flow wp-block-column-is-layout-flow\">\n<figure class=\"wp-block-image size-large\"><a href=\"https:\/\/vanclan.pl\/\"><img loading=\"lazy\" decoding=\"async\" width=\"949\" height=\"1024\" src=\"https:\/\/vandalvan.com\/wp-content\/uploads\/2024\/09\/Zrzut-ekranu-2024-09-29-o-20.03.55-949x1024.png\" alt=\"\" class=\"wp-image-2471\" srcset=\"https:\/\/vandalvan.com\/wp-content\/uploads\/2024\/09\/Zrzut-ekranu-2024-09-29-o-20.03.55-949x1024.png 949w, https:\/\/vandalvan.com\/wp-content\/uploads\/2024\/09\/Zrzut-ekranu-2024-09-29-o-20.03.55-278x300.png 278w, https:\/\/vandalvan.com\/wp-content\/uploads\/2024\/09\/Zrzut-ekranu-2024-09-29-o-20.03.55-768x828.png 768w, https:\/\/vandalvan.com\/wp-content\/uploads\/2024\/09\/Zrzut-ekranu-2024-09-29-o-20.03.55-350x377.png 350w, https:\/\/vandalvan.com\/wp-content\/uploads\/2024\/09\/Zrzut-ekranu-2024-09-29-o-20.03.55.png 1044w\" sizes=\"auto, (max-width: 706px) 89vw, (max-width: 767px) 82vw, 740px\" \/><\/a><\/figure>\n<\/div>\n\n\n\n<div class=\"wp-block-column is-vertically-aligned-center is-layout-flow wp-block-column-is-layout-flow\">\n<p><strong>VANClan! \ud83d\udc99<\/strong><br>\ud83d\udc49 spotkania LIVE &#8211; Q&amp;A, eksperci i podr\u00f3\u017cnicy<br>\ud83d\udc49 zamkni\u0119te, ustrukturyzowane Forum<br>\ud83d\udc49<strong> <\/strong>dost\u0119p do zni\u017cek tylko dla Patron\u00f3w<br>\ud83d\udc49 dodatkowo &#8211; wspierasz produkcj\u0119 ksi\u0105\u017cki nt. budowy kampera, kt\u00f3r\u0105 otrzymasz w prezencie!<\/p>\n\n\n\n<div class=\"wp-block-buttons is-content-justification-center is-layout-flex wp-container-core-buttons-is-layout-16018d1d wp-block-buttons-is-layout-flex\">\n<div class=\"wp-block-button has-custom-width wp-block-button__width-75 has-custom-font-size\" style=\"font-size:15px\"><a class=\"wp-block-button__link has-vivid-cyan-blue-background-color has-background wp-element-button\" href=\"https:\/\/vanclan.pl\/\"><strong>Poznaj VANClan!<\/strong><\/a><\/div>\n<\/div>\n<\/div>\n<\/div>\n","protected":false},"excerpt":{"rendered":"<p>Pobierz darmowy PDF w kt\u00f3rym przygotowa\u0142em: \ud83d\udc49 schemat instalacji elektrycznej\ud83d\udc49 schemat instalacji wodnej\ud83d\udc49 bud\u017cet budowy kampera\ud83d\udc49 informacje jak taniej zbudowa\u0107 kampera I VANClan! \ud83d\udc99\ud83d\udc49 spotkania LIVE &#8211; Q&amp;A, eksperci i podr\u00f3\u017cnicy\ud83d\udc49 zamkni\u0119te, ustrukturyzowane Forum\ud83d\udc49 dost\u0119p do zni\u017cek tylko dla Patron\u00f3w\ud83d\udc49 dodatkowo &#8211; wspierasz produkcj\u0119 ksi\u0105\u017cki nt. budowy kampera, kt\u00f3r\u0105 otrzymasz w prezencie!<\/p>\n","protected":false},"author":1,"featured_media":0,"parent":0,"menu_order":0,"comment_status":"closed","ping_status":"closed","template":"","meta":{"footnotes":""},"class_list":["post-1399","page","type-page","status-publish","hentry"],"yoast_head":"<!-- This site is optimized with the Yoast SEO plugin v26.8 - https:\/\/yoast.com\/product\/yoast-seo-wordpress\/ -->\n<title>Budowa kampera - VANDALVAN<\/title>\n<meta name=\"robots\" content=\"index, follow, max-snippet:-1, max-image-preview:large, max-video-preview:-1\" \/>\n<link rel=\"canonical\" href=\"https:\/\/vandalvan.com\/index.php\/budowa-kampera\/\" \/>\n<meta property=\"og:locale\" content=\"pl_PL\" \/>\n<meta property=\"og:type\" content=\"article\" \/>\n<meta property=\"og:title\" content=\"Budowa kampera - VANDALVAN\" \/>\n<meta property=\"og:description\" content=\"Pobierz darmowy PDF w kt\u00f3rym przygotowa\u0142em: \ud83d\udc49 schemat instalacji elektrycznej\ud83d\udc49 schemat instalacji wodnej\ud83d\udc49 bud\u017cet budowy kampera\ud83d\udc49 informacje jak taniej zbudowa\u0107 kampera I VANClan! \ud83d\udc99\ud83d\udc49 spotkania LIVE &#8211; Q&amp;A, eksperci i podr\u00f3\u017cnicy\ud83d\udc49 zamkni\u0119te, ustrukturyzowane Forum\ud83d\udc49 dost\u0119p do zni\u017cek tylko dla Patron\u00f3w\ud83d\udc49 dodatkowo &#8211; wspierasz produkcj\u0119 ksi\u0105\u017cki nt. budowy kampera, kt\u00f3r\u0105 otrzymasz w prezencie!\" \/>\n<meta property=\"og:url\" content=\"https:\/\/vandalvan.com\/index.php\/budowa-kampera\/\" \/>\n<meta property=\"og:site_name\" content=\"VANDALVAN\" \/>\n<meta property=\"article:modified_time\" content=\"2024-09-29T18:16:31+00:00\" \/>\n<meta property=\"og:image\" content=\"https:\/\/vandalvan.com\/wp-content\/uploads\/2024\/09\/Zrzut-ekranu-2024-09-29-o-20.09.57.png\" \/>\n\t<meta property=\"og:image:width\" content=\"1598\" \/>\n\t<meta property=\"og:image:height\" content=\"898\" \/>\n\t<meta property=\"og:image:type\" content=\"image\/png\" \/>\n<meta name=\"twitter:card\" content=\"summary_large_image\" \/>\n<script type=\"application\/ld+json\" class=\"yoast-schema-graph\">{\"@context\":\"https:\/\/schema.org\",\"@graph\":[{\"@type\":\"WebPage\",\"@id\":\"https:\/\/vandalvan.com\/index.php\/budowa-kampera\/\",\"url\":\"https:\/\/vandalvan.com\/index.php\/budowa-kampera\/\",\"name\":\"Budowa kampera - VANDALVAN\",\"isPartOf\":{\"@id\":\"https:\/\/vandalvan.com\/#website\"},\"primaryImageOfPage\":{\"@id\":\"https:\/\/vandalvan.com\/index.php\/budowa-kampera\/#primaryimage\"},\"image\":{\"@id\":\"https:\/\/vandalvan.com\/index.php\/budowa-kampera\/#primaryimage\"},\"thumbnailUrl\":\"https:\/\/vandalvan.com\/wp-content\/uploads\/2024\/09\/Zrzut-ekranu-2024-09-29-o-20.09.57.png\",\"datePublished\":\"2022-11-24T11:06:54+00:00\",\"dateModified\":\"2024-09-29T18:16:31+00:00\",\"breadcrumb\":{\"@id\":\"https:\/\/vandalvan.com\/index.php\/budowa-kampera\/#breadcrumb\"},\"inLanguage\":\"pl-PL\",\"potentialAction\":[{\"@type\":\"ReadAction\",\"target\":[\"https:\/\/vandalvan.com\/index.php\/budowa-kampera\/\"]}]},{\"@type\":\"ImageObject\",\"inLanguage\":\"pl-PL\",\"@id\":\"https:\/\/vandalvan.com\/index.php\/budowa-kampera\/#primaryimage\",\"url\":\"https:\/\/vandalvan.com\/wp-content\/uploads\/2024\/09\/Zrzut-ekranu-2024-09-29-o-20.09.57.png\",\"contentUrl\":\"https:\/\/vandalvan.com\/wp-content\/uploads\/2024\/09\/Zrzut-ekranu-2024-09-29-o-20.09.57.png\",\"width\":1598,\"height\":898},{\"@type\":\"BreadcrumbList\",\"@id\":\"https:\/\/vandalvan.com\/index.php\/budowa-kampera\/#breadcrumb\",\"itemListElement\":[{\"@type\":\"ListItem\",\"position\":1,\"name\":\"Strona g\u0142\u00f3wna\",\"item\":\"https:\/\/vandalvan.com\/\"},{\"@type\":\"ListItem\",\"position\":2,\"name\":\"Budowa kampera\"}]},{\"@type\":\"WebSite\",\"@id\":\"https:\/\/vandalvan.com\/#website\",\"url\":\"https:\/\/vandalvan.com\/\",\"name\":\"VANDALVAN\",\"description\":\"Feels like home\",\"publisher\":{\"@id\":\"https:\/\/vandalvan.com\/#organization\"},\"potentialAction\":[{\"@type\":\"SearchAction\",\"target\":{\"@type\":\"EntryPoint\",\"urlTemplate\":\"https:\/\/vandalvan.com\/?s={search_term_string}\"},\"query-input\":{\"@type\":\"PropertyValueSpecification\",\"valueRequired\":true,\"valueName\":\"search_term_string\"}}],\"inLanguage\":\"pl-PL\"},{\"@type\":\"Organization\",\"@id\":\"https:\/\/vandalvan.com\/#organization\",\"name\":\"VANDALVAN\",\"url\":\"https:\/\/vandalvan.com\/\",\"logo\":{\"@type\":\"ImageObject\",\"inLanguage\":\"pl-PL\",\"@id\":\"https:\/\/vandalvan.com\/#\/schema\/logo\/image\/\",\"url\":\"https:\/\/vandalvan.com\/wp-content\/uploads\/2022\/08\/cropped-VANDALVAN-logo-haslo_biale.png\",\"contentUrl\":\"https:\/\/vandalvan.com\/wp-content\/uploads\/2022\/08\/cropped-VANDALVAN-logo-haslo_biale.png\",\"width\":631,\"height\":250,\"caption\":\"VANDALVAN\"},\"image\":{\"@id\":\"https:\/\/vandalvan.com\/#\/schema\/logo\/image\/\"}}]}<\/script>\n<!-- \/ Yoast SEO plugin. -->","yoast_head_json":{"title":"Budowa kampera - VANDALVAN","robots":{"index":"index","follow":"follow","max-snippet":"max-snippet:-1","max-image-preview":"max-image-preview:large","max-video-preview":"max-video-preview:-1"},"canonical":"https:\/\/vandalvan.com\/index.php\/budowa-kampera\/","og_locale":"pl_PL","og_type":"article","og_title":"Budowa kampera - VANDALVAN","og_description":"Pobierz darmowy PDF w kt\u00f3rym przygotowa\u0142em: \ud83d\udc49 schemat instalacji elektrycznej\ud83d\udc49 schemat instalacji wodnej\ud83d\udc49 bud\u017cet budowy kampera\ud83d\udc49 informacje jak taniej zbudowa\u0107 kampera I VANClan! \ud83d\udc99\ud83d\udc49 spotkania LIVE &#8211; Q&amp;A, eksperci i podr\u00f3\u017cnicy\ud83d\udc49 zamkni\u0119te, ustrukturyzowane Forum\ud83d\udc49 dost\u0119p do zni\u017cek tylko dla Patron\u00f3w\ud83d\udc49 dodatkowo &#8211; wspierasz produkcj\u0119 ksi\u0105\u017cki nt. budowy kampera, kt\u00f3r\u0105 otrzymasz w prezencie!","og_url":"https:\/\/vandalvan.com\/index.php\/budowa-kampera\/","og_site_name":"VANDALVAN","article_modified_time":"2024-09-29T18:16:31+00:00","og_image":[{"width":1598,"height":898,"url":"https:\/\/vandalvan.com\/wp-content\/uploads\/2024\/09\/Zrzut-ekranu-2024-09-29-o-20.09.57.png","type":"image\/png"}],"twitter_card":"summary_large_image","schema":{"@context":"https:\/\/schema.org","@graph":[{"@type":"WebPage","@id":"https:\/\/vandalvan.com\/index.php\/budowa-kampera\/","url":"https:\/\/vandalvan.com\/index.php\/budowa-kampera\/","name":"Budowa kampera - VANDALVAN","isPartOf":{"@id":"https:\/\/vandalvan.com\/#website"},"primaryImageOfPage":{"@id":"https:\/\/vandalvan.com\/index.php\/budowa-kampera\/#primaryimage"},"image":{"@id":"https:\/\/vandalvan.com\/index.php\/budowa-kampera\/#primaryimage"},"thumbnailUrl":"https:\/\/vandalvan.com\/wp-content\/uploads\/2024\/09\/Zrzut-ekranu-2024-09-29-o-20.09.57.png","datePublished":"2022-11-24T11:06:54+00:00","dateModified":"2024-09-29T18:16:31+00:00","breadcrumb":{"@id":"https:\/\/vandalvan.com\/index.php\/budowa-kampera\/#breadcrumb"},"inLanguage":"pl-PL","potentialAction":[{"@type":"ReadAction","target":["https:\/\/vandalvan.com\/index.php\/budowa-kampera\/"]}]},{"@type":"ImageObject","inLanguage":"pl-PL","@id":"https:\/\/vandalvan.com\/index.php\/budowa-kampera\/#primaryimage","url":"https:\/\/vandalvan.com\/wp-content\/uploads\/2024\/09\/Zrzut-ekranu-2024-09-29-o-20.09.57.png","contentUrl":"https:\/\/vandalvan.com\/wp-content\/uploads\/2024\/09\/Zrzut-ekranu-2024-09-29-o-20.09.57.png","width":1598,"height":898},{"@type":"BreadcrumbList","@id":"https:\/\/vandalvan.com\/index.php\/budowa-kampera\/#breadcrumb","itemListElement":[{"@type":"ListItem","position":1,"name":"Strona g\u0142\u00f3wna","item":"https:\/\/vandalvan.com\/"},{"@type":"ListItem","position":2,"name":"Budowa kampera"}]},{"@type":"WebSite","@id":"https:\/\/vandalvan.com\/#website","url":"https:\/\/vandalvan.com\/","name":"VANDALVAN","description":"Feels like home","publisher":{"@id":"https:\/\/vandalvan.com\/#organization"},"potentialAction":[{"@type":"SearchAction","target":{"@type":"EntryPoint","urlTemplate":"https:\/\/vandalvan.com\/?s={search_term_string}"},"query-input":{"@type":"PropertyValueSpecification","valueRequired":true,"valueName":"search_term_string"}}],"inLanguage":"pl-PL"},{"@type":"Organization","@id":"https:\/\/vandalvan.com\/#organization","name":"VANDALVAN","url":"https:\/\/vandalvan.com\/","logo":{"@type":"ImageObject","inLanguage":"pl-PL","@id":"https:\/\/vandalvan.com\/#\/schema\/logo\/image\/","url":"https:\/\/vandalvan.com\/wp-content\/uploads\/2022\/08\/cropped-VANDALVAN-logo-haslo_biale.png","contentUrl":"https:\/\/vandalvan.com\/wp-content\/uploads\/2022\/08\/cropped-VANDALVAN-logo-haslo_biale.png","width":631,"height":250,"caption":"VANDALVAN"},"image":{"@id":"https:\/\/vandalvan.com\/#\/schema\/logo\/image\/"}}]}},"_links":{"self":[{"href":"https:\/\/vandalvan.com\/index.php\/wp-json\/wp\/v2\/pages\/1399","targetHints":{"allow":["GET"]}}],"collection":[{"href":"https:\/\/vandalvan.com\/index.php\/wp-json\/wp\/v2\/pages"}],"about":[{"href":"https:\/\/vandalvan.com\/index.php\/wp-json\/wp\/v2\/types\/page"}],"author":[{"embeddable":true,"href":"https:\/\/vandalvan.com\/index.php\/wp-json\/wp\/v2\/users\/1"}],"replies":[{"embeddable":true,"href":"https:\/\/vandalvan.com\/index.php\/wp-json\/wp\/v2\/comments?post=1399"}],"version-history":[{"count":0,"href":"https:\/\/vandalvan.com\/index.php\/wp-json\/wp\/v2\/pages\/1399\/revisions"}],"wp:attachment":[{"href":"https:\/\/vandalvan.com\/index.php\/wp-json\/wp\/v2\/media?parent=1399"}],"curies":[{"name":"wp","href":"https:\/\/api.w.org\/{rel}","templated":true}]}}