{"id":1317,"date":"2022-10-31T12:47:25","date_gmt":"2022-10-31T12:47:25","guid":{"rendered":"https:\/\/vandalvan.com\/index.php\/strona-glowna-2\/"},"modified":"2023-10-17T07:51:14","modified_gmt":"2023-10-17T07:51:14","slug":"strona-glowna-2","status":"publish","type":"page","link":"https:\/\/vandalvan.com\/","title":{"rendered":"VANDALVAN to marka tworzona z pasji do podr\u00f3\u017cy!"},"content":{"rendered":"\n<p>Od 5 lat podr\u00f3\u017cujemy i wynajmujemy nasze kampery. Podr\u00f3\u017ce i wspania\u0142e relacje z Wami motywuj\u0105 nas do rozwijania naszej dzia\u0142alno\u015bci. Rozgo\u015b\u0107cie si\u0119 u nas!<\/p>\n\n\n\n<p>Na stronie opr\u00f3cz mo\u017cliwo\u015bci rezerwacji, znajdziecie informacje pomocne przy budowie w\u0142asnego domu na ko\u0142ach \ud83d\ude90\ud83c\udf43<\/p>\n","protected":false},"excerpt":{"rendered":"<p>Od 5 lat podr\u00f3\u017cujemy i wynajmujemy nasze kampery. Podr\u00f3\u017ce i wspania\u0142e relacje z Wami motywuj\u0105 nas do rozwijania naszej dzia\u0142alno\u015bci. Rozgo\u015b\u0107cie si\u0119 u nas! Na stronie opr\u00f3cz mo\u017cliwo\u015bci rezerwacji, znajdziecie informacje pomocne przy budowie w\u0142asnego domu na ko\u0142ach \ud83d\ude90\ud83c\udf43<\/p>\n","protected":false},"author":1,"featured_media":0,"parent":0,"menu_order":0,"comment_status":"closed","ping_status":"closed","template":"","meta":{"footnotes":""},"class_list":["post-1317","page","type-page","status-publish","hentry"],"yoast_head":"<!-- This site is optimized with the Yoast SEO plugin v26.8 - https:\/\/yoast.com\/product\/yoast-seo-wordpress\/ -->\n<title>VANDALVAN to marka tworzona z pasji do podr\u00f3\u017cy! wynajem kampera<\/title>\n<meta name=\"description\" content=\"Stawiamy na dobry design i ekologi\u0119 zgodnie z ide\u0105 carsharing. Marzysz o podr\u00f3\u017cy pe\u0142nej wolno\u015bci i kontaktu z natur\u0105? Jeste\u015b w dobrym miejscu!\" \/>\n<meta name=\"robots\" content=\"index, follow, max-snippet:-1, max-image-preview:large, max-video-preview:-1\" \/>\n<link rel=\"canonical\" href=\"https:\/\/vandalvan.com\/\" \/>\n<meta property=\"og:locale\" content=\"pl_PL\" \/>\n<meta property=\"og:type\" content=\"article\" \/>\n<meta property=\"og:title\" content=\"VANDALVAN to marka tworzona z pasji do podr\u00f3\u017cy! wynajem kampera\" \/>\n<meta property=\"og:description\" content=\"Stawiamy na dobry design i ekologi\u0119 zgodnie z ide\u0105 carsharing. Marzysz o podr\u00f3\u017cy pe\u0142nej wolno\u015bci i kontaktu z natur\u0105? Jeste\u015b w dobrym miejscu!\" \/>\n<meta property=\"og:url\" content=\"https:\/\/vandalvan.com\/\" \/>\n<meta property=\"og:site_name\" content=\"VANDALVAN\" \/>\n<meta property=\"article:modified_time\" content=\"2023-10-17T07:51:14+00:00\" \/>\n<meta name=\"twitter:card\" content=\"summary_large_image\" \/>\n<script type=\"application\/ld+json\" class=\"yoast-schema-graph\">{\"@context\":\"https:\/\/schema.org\",\"@graph\":[{\"@type\":\"WebPage\",\"@id\":\"https:\/\/vandalvan.com\/\",\"url\":\"https:\/\/vandalvan.com\/\",\"name\":\"VANDALVAN to marka tworzona z pasji do podr\u00f3\u017cy! wynajem kampera\",\"isPartOf\":{\"@id\":\"https:\/\/vandalvan.com\/#website\"},\"datePublished\":\"2022-10-31T12:47:25+00:00\",\"dateModified\":\"2023-10-17T07:51:14+00:00\",\"description\":\"Stawiamy na dobry design i ekologi\u0119 zgodnie z ide\u0105 carsharing. Marzysz o podr\u00f3\u017cy pe\u0142nej wolno\u015bci i kontaktu z natur\u0105? Jeste\u015b w dobrym miejscu!\",\"breadcrumb\":{\"@id\":\"https:\/\/vandalvan.com\/#breadcrumb\"},\"inLanguage\":\"pl-PL\",\"potentialAction\":[{\"@type\":\"ReadAction\",\"target\":[\"https:\/\/vandalvan.com\/\"]}]},{\"@type\":\"BreadcrumbList\",\"@id\":\"https:\/\/vandalvan.com\/#breadcrumb\",\"itemListElement\":[{\"@type\":\"ListItem\",\"position\":1,\"name\":\"Strona g\u0142\u00f3wna\",\"item\":\"https:\/\/vandalvan.com\/\"},{\"@type\":\"ListItem\",\"position\":2,\"name\":\"VANDALVAN to marka tworzona z pasji do podr\u00f3\u017cy!\"}]},{\"@type\":\"WebSite\",\"@id\":\"https:\/\/vandalvan.com\/#website\",\"url\":\"https:\/\/vandalvan.com\/\",\"name\":\"VANDALVAN\",\"description\":\"Feels like home\",\"publisher\":{\"@id\":\"https:\/\/vandalvan.com\/#organization\"},\"potentialAction\":[{\"@type\":\"SearchAction\",\"target\":{\"@type\":\"EntryPoint\",\"urlTemplate\":\"https:\/\/vandalvan.com\/?s={search_term_string}\"},\"query-input\":{\"@type\":\"PropertyValueSpecification\",\"valueRequired\":true,\"valueName\":\"search_term_string\"}}],\"inLanguage\":\"pl-PL\"},{\"@type\":\"Organization\",\"@id\":\"https:\/\/vandalvan.com\/#organization\",\"name\":\"VANDALVAN\",\"url\":\"https:\/\/vandalvan.com\/\",\"logo\":{\"@type\":\"ImageObject\",\"inLanguage\":\"pl-PL\",\"@id\":\"https:\/\/vandalvan.com\/#\/schema\/logo\/image\/\",\"url\":\"https:\/\/vandalvan.com\/wp-content\/uploads\/2022\/08\/cropped-VANDALVAN-logo-haslo_biale.png\",\"contentUrl\":\"https:\/\/vandalvan.com\/wp-content\/uploads\/2022\/08\/cropped-VANDALVAN-logo-haslo_biale.png\",\"width\":631,\"height\":250,\"caption\":\"VANDALVAN\"},\"image\":{\"@id\":\"https:\/\/vandalvan.com\/#\/schema\/logo\/image\/\"}}]}<\/script>\n<!-- \/ Yoast SEO plugin. -->","yoast_head_json":{"title":"VANDALVAN to marka tworzona z pasji do podr\u00f3\u017cy! wynajem kampera","description":"Stawiamy na dobry design i ekologi\u0119 zgodnie z ide\u0105 carsharing. Marzysz o podr\u00f3\u017cy pe\u0142nej wolno\u015bci i kontaktu z natur\u0105? Jeste\u015b w dobrym miejscu!","robots":{"index":"index","follow":"follow","max-snippet":"max-snippet:-1","max-image-preview":"max-image-preview:large","max-video-preview":"max-video-preview:-1"},"canonical":"https:\/\/vandalvan.com\/","og_locale":"pl_PL","og_type":"article","og_title":"VANDALVAN to marka tworzona z pasji do podr\u00f3\u017cy! wynajem kampera","og_description":"Stawiamy na dobry design i ekologi\u0119 zgodnie z ide\u0105 carsharing. Marzysz o podr\u00f3\u017cy pe\u0142nej wolno\u015bci i kontaktu z natur\u0105? Jeste\u015b w dobrym miejscu!","og_url":"https:\/\/vandalvan.com\/","og_site_name":"VANDALVAN","article_modified_time":"2023-10-17T07:51:14+00:00","twitter_card":"summary_large_image","schema":{"@context":"https:\/\/schema.org","@graph":[{"@type":"WebPage","@id":"https:\/\/vandalvan.com\/","url":"https:\/\/vandalvan.com\/","name":"VANDALVAN to marka tworzona z pasji do podr\u00f3\u017cy! wynajem kampera","isPartOf":{"@id":"https:\/\/vandalvan.com\/#website"},"datePublished":"2022-10-31T12:47:25+00:00","dateModified":"2023-10-17T07:51:14+00:00","description":"Stawiamy na dobry design i ekologi\u0119 zgodnie z ide\u0105 carsharing. Marzysz o podr\u00f3\u017cy pe\u0142nej wolno\u015bci i kontaktu z natur\u0105? Jeste\u015b w dobrym miejscu!","breadcrumb":{"@id":"https:\/\/vandalvan.com\/#breadcrumb"},"inLanguage":"pl-PL","potentialAction":[{"@type":"ReadAction","target":["https:\/\/vandalvan.com\/"]}]},{"@type":"BreadcrumbList","@id":"https:\/\/vandalvan.com\/#breadcrumb","itemListElement":[{"@type":"ListItem","position":1,"name":"Strona g\u0142\u00f3wna","item":"https:\/\/vandalvan.com\/"},{"@type":"ListItem","position":2,"name":"VANDALVAN to marka tworzona z pasji do podr\u00f3\u017cy!"}]},{"@type":"WebSite","@id":"https:\/\/vandalvan.com\/#website","url":"https:\/\/vandalvan.com\/","name":"VANDALVAN","description":"Feels like home","publisher":{"@id":"https:\/\/vandalvan.com\/#organization"},"potentialAction":[{"@type":"SearchAction","target":{"@type":"EntryPoint","urlTemplate":"https:\/\/vandalvan.com\/?s={search_term_string}"},"query-input":{"@type":"PropertyValueSpecification","valueRequired":true,"valueName":"search_term_string"}}],"inLanguage":"pl-PL"},{"@type":"Organization","@id":"https:\/\/vandalvan.com\/#organization","name":"VANDALVAN","url":"https:\/\/vandalvan.com\/","logo":{"@type":"ImageObject","inLanguage":"pl-PL","@id":"https:\/\/vandalvan.com\/#\/schema\/logo\/image\/","url":"https:\/\/vandalvan.com\/wp-content\/uploads\/2022\/08\/cropped-VANDALVAN-logo-haslo_biale.png","contentUrl":"https:\/\/vandalvan.com\/wp-content\/uploads\/2022\/08\/cropped-VANDALVAN-logo-haslo_biale.png","width":631,"height":250,"caption":"VANDALVAN"},"image":{"@id":"https:\/\/vandalvan.com\/#\/schema\/logo\/image\/"}}]}},"_links":{"self":[{"href":"https:\/\/vandalvan.com\/index.php\/wp-json\/wp\/v2\/pages\/1317","targetHints":{"allow":["GET"]}}],"collection":[{"href":"https:\/\/vandalvan.com\/index.php\/wp-json\/wp\/v2\/pages"}],"about":[{"href":"https:\/\/vandalvan.com\/index.php\/wp-json\/wp\/v2\/types\/page"}],"author":[{"embeddable":true,"href":"https:\/\/vandalvan.com\/index.php\/wp-json\/wp\/v2\/users\/1"}],"replies":[{"embeddable":true,"href":"https:\/\/vandalvan.com\/index.php\/wp-json\/wp\/v2\/comments?post=1317"}],"version-history":[{"count":0,"href":"https:\/\/vandalvan.com\/index.php\/wp-json\/wp\/v2\/pages\/1317\/revisions"}],"wp:attachment":[{"href":"https:\/\/vandalvan.com\/index.php\/wp-json\/wp\/v2\/media?parent=1317"}],"curies":[{"name":"wp","href":"https:\/\/api.w.org\/{rel}","templated":true}]}}