{"id":12,"date":"2019-07-26T10:16:14","date_gmt":"2019-07-26T10:16:14","guid":{"rendered":"http:\/\/vandalvan.com\/?page_id=12"},"modified":"2022-09-14T20:23:07","modified_gmt":"2022-09-14T20:23:07","slug":"sekcja-strony-glownej","status":"publish","type":"page","link":"https:\/\/vandalvan.com\/index.php\/sekcja-strony-glownej\/","title":{"rendered":"Dlaczego VANDAL?"},"content":{"rendered":"\n<p style=\"font-size:15px\"><strong>Inspiracj\u0105 nazwy by\u0142o plemie Wandali, wywodz\u0105ce si\u0119 podobnie jak my z teren\u00f3w po\u0142udniowej Polski.<\/strong> To oni trzy wieki p.n.e rozpocz\u0119li Wielk\u0105 W\u0119dr\u00f3wk\u0119 Lud\u00f3w po Europie, staj\u0105c si\u0119 niejako \u00f3wczesnymi nomadami.<\/p>\n\n\n\n<p style=\"font-size:15px\">Eksploracja, ciekawo\u015b\u0107 \u015bwiata i bliski kontakt z natur\u0105 &#8211; to co\u015b, czego do\u015bwiadczali.  Nasz #vanlife to r\u00f3wnie\u017c do\u015bwiadczanie drogi i wolno\u015bci &#8211; nie rozrabiamy tylko jak oni \ud83d\ude42<\/p>\n","protected":false},"excerpt":{"rendered":"<p>Inspiracj\u0105 nazwy by\u0142o plemie Wandali, wywodz\u0105ce si\u0119 podobnie jak my z teren\u00f3w po\u0142udniowej Polski. To oni trzy wieki p.n.e rozpocz\u0119li Wielk\u0105 W\u0119dr\u00f3wk\u0119 Lud\u00f3w po Europie, staj\u0105c si\u0119 niejako \u00f3wczesnymi nomadami. Eksploracja, ciekawo\u015b\u0107 \u015bwiata i bliski kontakt z natur\u0105 &#8211; to co\u015b, czego do\u015bwiadczali. Nasz #vanlife to r\u00f3wnie\u017c do\u015bwiadczanie drogi i wolno\u015bci &#8211; nie rozrabiamy tylko &hellip; <\/p>\n<p class=\"link-more\"><a href=\"https:\/\/vandalvan.com\/index.php\/sekcja-strony-glownej\/\" class=\"more-link\">Czytaj dalej<span class=\"screen-reader-text\"> \u201eDlaczego VANDAL?\u201d<\/span><\/a><\/p>\n","protected":false},"author":1,"featured_media":937,"parent":0,"menu_order":0,"comment_status":"closed","ping_status":"closed","template":"","meta":{"footnotes":""},"class_list":["post-12","page","type-page","status-publish","has-post-thumbnail","hentry"],"yoast_head":"<!-- This site is optimized with the Yoast SEO plugin v26.8 - https:\/\/yoast.com\/product\/yoast-seo-wordpress\/ -->\n<title>Dlaczego VANDAL? - VANDALVAN<\/title>\n<meta name=\"description\" content=\"Eksploracja, do\u015bwiadczanie drogi, bliski kontakt z natur\u0105 tego do\u015bwiadczali Wandalowie na swojej drodze i z tym w\u0142a\u015bnie kojarzy nam si\u0119 podr\u00f3\u017cowanie vanem\" \/>\n<meta name=\"robots\" content=\"index, follow, max-snippet:-1, max-image-preview:large, max-video-preview:-1\" \/>\n<link rel=\"canonical\" href=\"https:\/\/vandalvan.com\/index.php\/sekcja-strony-glownej\/\" \/>\n<meta property=\"og:locale\" content=\"pl_PL\" \/>\n<meta property=\"og:type\" content=\"article\" \/>\n<meta property=\"og:title\" content=\"Dlaczego VANDAL? - VANDALVAN\" \/>\n<meta property=\"og:description\" content=\"Eksploracja, do\u015bwiadczanie drogi, bliski kontakt z natur\u0105 tego do\u015bwiadczali Wandalowie na swojej drodze i z tym w\u0142a\u015bnie kojarzy nam si\u0119 podr\u00f3\u017cowanie vanem\" \/>\n<meta property=\"og:url\" content=\"https:\/\/vandalvan.com\/index.php\/sekcja-strony-glownej\/\" \/>\n<meta property=\"og:site_name\" content=\"VANDALVAN\" \/>\n<meta property=\"article:modified_time\" content=\"2022-09-14T20:23:07+00:00\" \/>\n<meta property=\"og:image\" content=\"https:\/\/vandalvan.com\/wp-content\/uploads\/2022\/06\/DSCF1218-scaled.jpg\" \/>\n\t<meta property=\"og:image:width\" content=\"2560\" \/>\n\t<meta property=\"og:image:height\" content=\"1706\" \/>\n\t<meta property=\"og:image:type\" content=\"image\/jpeg\" \/>\n<meta name=\"twitter:card\" content=\"summary_large_image\" \/>\n<script type=\"application\/ld+json\" class=\"yoast-schema-graph\">{\"@context\":\"https:\/\/schema.org\",\"@graph\":[{\"@type\":\"WebPage\",\"@id\":\"https:\/\/vandalvan.com\/index.php\/sekcja-strony-glownej\/\",\"url\":\"https:\/\/vandalvan.com\/index.php\/sekcja-strony-glownej\/\",\"name\":\"Dlaczego VANDAL? - VANDALVAN\",\"isPartOf\":{\"@id\":\"https:\/\/vandalvan.com\/#website\"},\"primaryImageOfPage\":{\"@id\":\"https:\/\/vandalvan.com\/index.php\/sekcja-strony-glownej\/#primaryimage\"},\"image\":{\"@id\":\"https:\/\/vandalvan.com\/index.php\/sekcja-strony-glownej\/#primaryimage\"},\"thumbnailUrl\":\"https:\/\/vandalvan.com\/wp-content\/uploads\/2022\/06\/DSCF1218-scaled.jpg\",\"datePublished\":\"2019-07-26T10:16:14+00:00\",\"dateModified\":\"2022-09-14T20:23:07+00:00\",\"description\":\"Eksploracja, do\u015bwiadczanie drogi, bliski kontakt z natur\u0105 tego do\u015bwiadczali Wandalowie na swojej drodze i z tym w\u0142a\u015bnie kojarzy nam si\u0119 podr\u00f3\u017cowanie vanem\",\"breadcrumb\":{\"@id\":\"https:\/\/vandalvan.com\/index.php\/sekcja-strony-glownej\/#breadcrumb\"},\"inLanguage\":\"pl-PL\",\"potentialAction\":[{\"@type\":\"ReadAction\",\"target\":[\"https:\/\/vandalvan.com\/index.php\/sekcja-strony-glownej\/\"]}]},{\"@type\":\"ImageObject\",\"inLanguage\":\"pl-PL\",\"@id\":\"https:\/\/vandalvan.com\/index.php\/sekcja-strony-glownej\/#primaryimage\",\"url\":\"https:\/\/vandalvan.com\/wp-content\/uploads\/2022\/06\/DSCF1218-scaled.jpg\",\"contentUrl\":\"https:\/\/vandalvan.com\/wp-content\/uploads\/2022\/06\/DSCF1218-scaled.jpg\",\"width\":2560,\"height\":1706},{\"@type\":\"BreadcrumbList\",\"@id\":\"https:\/\/vandalvan.com\/index.php\/sekcja-strony-glownej\/#breadcrumb\",\"itemListElement\":[{\"@type\":\"ListItem\",\"position\":1,\"name\":\"Strona g\u0142\u00f3wna\",\"item\":\"https:\/\/vandalvan.com\/\"},{\"@type\":\"ListItem\",\"position\":2,\"name\":\"Dlaczego VANDAL?\"}]},{\"@type\":\"WebSite\",\"@id\":\"https:\/\/vandalvan.com\/#website\",\"url\":\"https:\/\/vandalvan.com\/\",\"name\":\"VANDALVAN\",\"description\":\"Feels like home\",\"publisher\":{\"@id\":\"https:\/\/vandalvan.com\/#organization\"},\"potentialAction\":[{\"@type\":\"SearchAction\",\"target\":{\"@type\":\"EntryPoint\",\"urlTemplate\":\"https:\/\/vandalvan.com\/?s={search_term_string}\"},\"query-input\":{\"@type\":\"PropertyValueSpecification\",\"valueRequired\":true,\"valueName\":\"search_term_string\"}}],\"inLanguage\":\"pl-PL\"},{\"@type\":\"Organization\",\"@id\":\"https:\/\/vandalvan.com\/#organization\",\"name\":\"VANDALVAN\",\"url\":\"https:\/\/vandalvan.com\/\",\"logo\":{\"@type\":\"ImageObject\",\"inLanguage\":\"pl-PL\",\"@id\":\"https:\/\/vandalvan.com\/#\/schema\/logo\/image\/\",\"url\":\"https:\/\/vandalvan.com\/wp-content\/uploads\/2022\/08\/cropped-VANDALVAN-logo-haslo_biale.png\",\"contentUrl\":\"https:\/\/vandalvan.com\/wp-content\/uploads\/2022\/08\/cropped-VANDALVAN-logo-haslo_biale.png\",\"width\":631,\"height\":250,\"caption\":\"VANDALVAN\"},\"image\":{\"@id\":\"https:\/\/vandalvan.com\/#\/schema\/logo\/image\/\"}}]}<\/script>\n<!-- \/ Yoast SEO plugin. -->","yoast_head_json":{"title":"Dlaczego VANDAL? - VANDALVAN","description":"Eksploracja, do\u015bwiadczanie drogi, bliski kontakt z natur\u0105 tego do\u015bwiadczali Wandalowie na swojej drodze i z tym w\u0142a\u015bnie kojarzy nam si\u0119 podr\u00f3\u017cowanie vanem","robots":{"index":"index","follow":"follow","max-snippet":"max-snippet:-1","max-image-preview":"max-image-preview:large","max-video-preview":"max-video-preview:-1"},"canonical":"https:\/\/vandalvan.com\/index.php\/sekcja-strony-glownej\/","og_locale":"pl_PL","og_type":"article","og_title":"Dlaczego VANDAL? - VANDALVAN","og_description":"Eksploracja, do\u015bwiadczanie drogi, bliski kontakt z natur\u0105 tego do\u015bwiadczali Wandalowie na swojej drodze i z tym w\u0142a\u015bnie kojarzy nam si\u0119 podr\u00f3\u017cowanie vanem","og_url":"https:\/\/vandalvan.com\/index.php\/sekcja-strony-glownej\/","og_site_name":"VANDALVAN","article_modified_time":"2022-09-14T20:23:07+00:00","og_image":[{"width":2560,"height":1706,"url":"https:\/\/vandalvan.com\/wp-content\/uploads\/2022\/06\/DSCF1218-scaled.jpg","type":"image\/jpeg"}],"twitter_card":"summary_large_image","schema":{"@context":"https:\/\/schema.org","@graph":[{"@type":"WebPage","@id":"https:\/\/vandalvan.com\/index.php\/sekcja-strony-glownej\/","url":"https:\/\/vandalvan.com\/index.php\/sekcja-strony-glownej\/","name":"Dlaczego VANDAL? - VANDALVAN","isPartOf":{"@id":"https:\/\/vandalvan.com\/#website"},"primaryImageOfPage":{"@id":"https:\/\/vandalvan.com\/index.php\/sekcja-strony-glownej\/#primaryimage"},"image":{"@id":"https:\/\/vandalvan.com\/index.php\/sekcja-strony-glownej\/#primaryimage"},"thumbnailUrl":"https:\/\/vandalvan.com\/wp-content\/uploads\/2022\/06\/DSCF1218-scaled.jpg","datePublished":"2019-07-26T10:16:14+00:00","dateModified":"2022-09-14T20:23:07+00:00","description":"Eksploracja, do\u015bwiadczanie drogi, bliski kontakt z natur\u0105 tego do\u015bwiadczali Wandalowie na swojej drodze i z tym w\u0142a\u015bnie kojarzy nam si\u0119 podr\u00f3\u017cowanie vanem","breadcrumb":{"@id":"https:\/\/vandalvan.com\/index.php\/sekcja-strony-glownej\/#breadcrumb"},"inLanguage":"pl-PL","potentialAction":[{"@type":"ReadAction","target":["https:\/\/vandalvan.com\/index.php\/sekcja-strony-glownej\/"]}]},{"@type":"ImageObject","inLanguage":"pl-PL","@id":"https:\/\/vandalvan.com\/index.php\/sekcja-strony-glownej\/#primaryimage","url":"https:\/\/vandalvan.com\/wp-content\/uploads\/2022\/06\/DSCF1218-scaled.jpg","contentUrl":"https:\/\/vandalvan.com\/wp-content\/uploads\/2022\/06\/DSCF1218-scaled.jpg","width":2560,"height":1706},{"@type":"BreadcrumbList","@id":"https:\/\/vandalvan.com\/index.php\/sekcja-strony-glownej\/#breadcrumb","itemListElement":[{"@type":"ListItem","position":1,"name":"Strona g\u0142\u00f3wna","item":"https:\/\/vandalvan.com\/"},{"@type":"ListItem","position":2,"name":"Dlaczego VANDAL?"}]},{"@type":"WebSite","@id":"https:\/\/vandalvan.com\/#website","url":"https:\/\/vandalvan.com\/","name":"VANDALVAN","description":"Feels like home","publisher":{"@id":"https:\/\/vandalvan.com\/#organization"},"potentialAction":[{"@type":"SearchAction","target":{"@type":"EntryPoint","urlTemplate":"https:\/\/vandalvan.com\/?s={search_term_string}"},"query-input":{"@type":"PropertyValueSpecification","valueRequired":true,"valueName":"search_term_string"}}],"inLanguage":"pl-PL"},{"@type":"Organization","@id":"https:\/\/vandalvan.com\/#organization","name":"VANDALVAN","url":"https:\/\/vandalvan.com\/","logo":{"@type":"ImageObject","inLanguage":"pl-PL","@id":"https:\/\/vandalvan.com\/#\/schema\/logo\/image\/","url":"https:\/\/vandalvan.com\/wp-content\/uploads\/2022\/08\/cropped-VANDALVAN-logo-haslo_biale.png","contentUrl":"https:\/\/vandalvan.com\/wp-content\/uploads\/2022\/08\/cropped-VANDALVAN-logo-haslo_biale.png","width":631,"height":250,"caption":"VANDALVAN"},"image":{"@id":"https:\/\/vandalvan.com\/#\/schema\/logo\/image\/"}}]}},"_links":{"self":[{"href":"https:\/\/vandalvan.com\/index.php\/wp-json\/wp\/v2\/pages\/12","targetHints":{"allow":["GET"]}}],"collection":[{"href":"https:\/\/vandalvan.com\/index.php\/wp-json\/wp\/v2\/pages"}],"about":[{"href":"https:\/\/vandalvan.com\/index.php\/wp-json\/wp\/v2\/types\/page"}],"author":[{"embeddable":true,"href":"https:\/\/vandalvan.com\/index.php\/wp-json\/wp\/v2\/users\/1"}],"replies":[{"embeddable":true,"href":"https:\/\/vandalvan.com\/index.php\/wp-json\/wp\/v2\/comments?post=12"}],"version-history":[{"count":0,"href":"https:\/\/vandalvan.com\/index.php\/wp-json\/wp\/v2\/pages\/12\/revisions"}],"wp:featuredmedia":[{"embeddable":true,"href":"https:\/\/vandalvan.com\/index.php\/wp-json\/wp\/v2\/media\/937"}],"wp:attachment":[{"href":"https:\/\/vandalvan.com\/index.php\/wp-json\/wp\/v2\/media?parent=12"}],"curies":[{"name":"wp","href":"https:\/\/api.w.org\/{rel}","templated":true}]}}