{"id":1102,"date":"2022-09-15T11:14:47","date_gmt":"2022-09-15T11:14:47","guid":{"rendered":"https:\/\/vandalvan.com\/?page_id=1102"},"modified":"2025-11-19T14:39:48","modified_gmt":"2025-11-19T14:39:48","slug":"indywidualne-konsultacje","status":"publish","type":"page","link":"https:\/\/vandalvan.com\/index.php\/indywidualne-konsultacje\/","title":{"rendered":"Indywidualne konsultacje"},"content":{"rendered":"\n<div class=\"wp-block-group\"><div class=\"wp-block-group__inner-container is-layout-flow wp-block-group-is-layout-flow\">\n<div class=\"wp-block-columns are-vertically-aligned-center is-layout-flex wp-container-core-columns-is-layout-9d6595d7 wp-block-columns-is-layout-flex\">\n<div class=\"wp-block-column is-vertically-aligned-center is-layout-flow wp-block-column-is-layout-flow\" style=\"flex-basis:100%\">\n<div class=\"wp-block-group\"><div class=\"wp-block-group__inner-container is-layout-flow wp-block-group-is-layout-flow\">\n<div class=\"wp-block-columns is-layout-flex wp-container-core-columns-is-layout-9d6595d7 wp-block-columns-is-layout-flex\">\n<div class=\"wp-block-column is-layout-flow wp-block-column-is-layout-flow\">\n<p><strong>Buduj\u0105c kampera mo\u017cesz mie\u0107 w\u0105tpliwo\u015bci dotycz\u0105cych wyboru rozwi\u0105za\u0144. <\/strong><\/p>\n\n\n\n<p>Moje do\u015bwiadczenie w budowie i znajomo\u015b\u0107 rynku &#8211; pozwoli <strong>zaoszcz\u0119dzi\u0107 Ci czas i pieni\u0105dze.<\/strong><\/p>\n\n\n\n<p>Szykuj\u0105c si\u0119 do budowy kampera, kt\u00f3ry b\u0119dzie kosztowa\u0107 od 80 do 200 tysi\u0119cy z\u0142 warto zainwestowa\u0107 w zdobycie wiedzy.<\/p>\n\n\n\n<p><\/p>\n<\/div>\n\n\n\n<div class=\"wp-block-column is-layout-flow wp-block-column-is-layout-flow\">\n<figure class=\"wp-block-image size-large\"><img loading=\"lazy\" decoding=\"async\" width=\"768\" height=\"1024\" src=\"https:\/\/vandalvan.com\/wp-content\/uploads\/2023\/10\/Budujesz-kampera-3-768x1024.jpg\" alt=\"\" class=\"wp-image-2165\" srcset=\"https:\/\/vandalvan.com\/wp-content\/uploads\/2023\/10\/Budujesz-kampera-3-768x1024.jpg 768w, https:\/\/vandalvan.com\/wp-content\/uploads\/2023\/10\/Budujesz-kampera-3-225x300.jpg 225w, https:\/\/vandalvan.com\/wp-content\/uploads\/2023\/10\/Budujesz-kampera-3-350x467.jpg 350w, https:\/\/vandalvan.com\/wp-content\/uploads\/2023\/10\/Budujesz-kampera-3.jpg 960w\" sizes=\"auto, (max-width: 706px) 89vw, (max-width: 767px) 82vw, 740px\" \/><\/figure>\n<\/div>\n<\/div>\n\n\n\n<h4 class=\"wp-block-heading\" style=\"font-size:15px\">W CZYM MOG\u0118 CI POM\u00d3C?<\/h4>\n\n\n\n<p style=\"font-size:15px\"><strong><strong>\u2714\ufe0f<\/strong> <\/strong>know-how z zakresu materia\u0142\u00f3w, technologii i rozwi\u0105za\u0144 dost\u0119pnych na rynku<br><strong>\u2714\ufe0f <\/strong>propozycje optymalizacji kosztowych<br><strong>\u2714\ufe0f <\/strong>pomoc w zaplanowaniu samodzielnej budowy &#8211; kolejno\u015b\u0107 i zakres prac, wsparcie wykonawc\u00f3w<\/p>\n\n\n\n<h4 class=\"wp-block-heading wp-embed-aspect-16-9 wp-has-aspect-ratio\" style=\"font-size:15px\">PRZYK\u0141ADOWE ZAGADNIENIA<\/h4>\n\n\n\n<p class=\"wp-embed-aspect-16-9 wp-has-aspect-ratio\" style=\"font-size:15px\"><strong>\u2714\ufe0f <\/strong>baza pod budow\u0119 kampera<br><strong>\u2714\ufe0f <\/strong>wyb\u00f3r wyposa\u017cenia i urz\u0105dze\u0144 w kamperze<br><strong>\u2714\ufe0f <\/strong>pomoc przy projektowaniu (instalacja elektryczna\/wodna\/gazowa)<br><strong>\u2714\ufe0f<\/strong> wyb\u00f3r wykonawcy zabudowy &#8211; stworzenie specyfikacji, analiza ofert \/ umowy<br><strong>\u2714\ufe0f <\/strong>wynajem kampera (ubezpieczenie, forma rozliczenia, umowa najmu)<\/p>\n\n\n\n<h4 class=\"wp-block-heading\" style=\"font-size:15px\">CO W RAMACH P\u0141ATNEJ KONSULTACJI?<\/h4>\n\n\n\n<p style=\"font-size:15px\"><strong>\u2714\ufe0f <\/strong>godzinne spotkanie online (Google Meet) <br><strong>\u2714\ufe0f <\/strong>mailowe podsumowanie konsultacji <br><strong>\u2714\ufe0f<\/strong> <strong>EXTRA BONUS<\/strong> sta\u0142y dost\u0119p do spo\u0142eczno\u015bci i forum <a href=\"https:\/\/vanclan.pl\/\" target=\"_blank\" rel=\"noreferrer noopener\">VANClan<\/a><br><strong>\u2714\ufe0f <\/strong>dost\u0119p do ponad 50h nagra\u0144 rozm\u00f3w z ekspertami i podr\u00f3\u017cnikami kt\u00f3rzy zbudowali swoje pojazdy kempingowe<br><br><strong>380 z\u0142 &#8211; p\u0142atno\u015b\u0107 po spotkaniu na podstawie faktury\/rachunku.<\/strong><\/p>\n\n\n\n<div class=\"wp-block-buttons is-content-justification-center is-layout-flex wp-container-core-buttons-is-layout-16018d1d wp-block-buttons-is-layout-flex\">\n<div class=\"wp-block-button\"><a class=\"wp-block-button__link has-vivid-green-cyan-background-color has-background has-medium-font-size has-custom-font-size wp-element-button\" href=\"https:\/\/calendly.com\/rwajer\/konsultacje-vandalvan\" style=\"border-radius:19px\">Zarezerwuj termin<\/a><\/div>\n<\/div>\n\n\n\n<p class=\"has-white-color has-text-color has-link-color wp-elements-1a3e0b927102dad3525a9095264cdb83\">*<\/p>\n\n\n<style type='text\/css' media='all'>#tss-container-193195434.tss-wrapper .tss-layout10 .item-content-wrapper,\r\n\t\t\t\t\t#tss-container-193195434.tss-wrapper .tss-isotope3 .item-content-wrapper,\r\n\t\t\t\t\t#tss-container-193195434.tss-wrapper .tss-isotope5 .item-content-wrapper,\r\n\t\t\t\t\t#tss-container-193195434.tss-wrapper .tss-carousel10 .item-content-wrapper{background: transparent;}#tss-container-193195434.tss-wrapper .tss-carousel-main .swiper-arrow:hover,\r\n\t\t\t\t\t\t\t#tss-container-193195434.tss-wrapper .tss-carousel-main .swiper-pagination-bullet:hover,\r\n\t\t\t\t\t\t\t#tss-container-193195434.tss-wrapper .tss-carousel .swiper-arrow:hover,\r\n\t\t\t\t\t\t\t#tss-container-193195434.tss-wrapper .tss-carousel .swiper-pagination-bullet:hover,\r\n\t\t\t\t\t\t\t#tss-container-193195434.tss-wrapper .tss-utility button:hover,\r\n\t\t\t\t\t\t\t#tss-container-193195434.tss-wrapper .tss-utility .rt-button:hover,\r\n\t\t\t\t\t\t\t#tss-container-193195434.tss-wrapper .tss-pagination ul.pagination-list li a:hover,\r\n\t\t\t\t\t\t\t#tss-container-193195434.tss-wrapper .tss-isotope-button-wrapper .rt-iso-button:hover{background-color: #000000;}#tss-container-193195434.tss-wrapper .single-item-wrapper h3.author-name,\r\n\t\t\t\t\t\t#tss-container-193195434.tss-wrapper .single-item-wrapper h3.author-name a{color:#000000;font-weight:bold;}<\/style><div class='rt-container-fluid tss-wrapper ' id='tss-container-193195434'  data-layout='layout1' data-desktop-col='1'  data-tab-col='2'  data-mobile-col='1'><div data-title='Loading ...' class='rt-row tss-layout1 tss-even '><div class='rt-col-md-12 rt-col-sm-6 rt-col-xs-12 even-grid-item tss-grid-item even-grid-item default-margin'><div class=\"single-item-wrapper\"><div class=\"tss-meta-info tss-left\"><h3 class='author-name'>Zofia<\/h3><div class=\"rating-wrapper\"><span data-star='1' class='star-1 dashicons dashicons-star-filled' aria-hidden='true'><\/span><span data-star='2' class='star-2 dashicons dashicons-star-filled' aria-hidden='true'><\/span><span data-star='3' class='star-3 dashicons dashicons-star-filled' aria-hidden='true'><\/span><span data-star='4' class='star-4 dashicons dashicons-star-filled' aria-hidden='true'><\/span><span data-star='5' class='star-5 dashicons dashicons-star-filled' aria-hidden='true'><\/span><\/div><\/div><div class=\"item-content-wrapper tss-right\"><div class='item-content'>Spotkanie przeros\u0142o moje oczekiwania. Rafa\u0142 ma obszern\u0105 wiedz\u0119 i do\u015bwiadczenie. W godzin\u0119 stworzy\u0142 realny do zrealizowania i praktyczny plan rozbudowy vana. Dodatkowo udost\u0119pni\u0142 mi ogromn\u0105 ilo\u015b\u0107 link\u00f3w do gotowych rozwi\u0105za\u0144. Mega wdzi\u0119czno\u015b\u0107!<\/div><\/div><\/div><\/div><div class='rt-col-md-12 rt-col-sm-6 rt-col-xs-12 even-grid-item tss-grid-item even-grid-item default-margin'><div class=\"single-item-wrapper\"><div class=\"tss-meta-info tss-left\"><h3 class='author-name'>Emilia<\/h3><div class=\"rating-wrapper\"><span data-star='1' class='star-1 dashicons dashicons-star-filled' aria-hidden='true'><\/span><span data-star='2' class='star-2 dashicons dashicons-star-filled' aria-hidden='true'><\/span><span data-star='3' class='star-3 dashicons dashicons-star-filled' aria-hidden='true'><\/span><span data-star='4' class='star-4 dashicons dashicons-star-filled' aria-hidden='true'><\/span><span data-star='5' class='star-5 dashicons dashicons-star-filled' aria-hidden='true'><\/span><\/div><\/div><div class=\"item-content-wrapper tss-right\"><div class='item-content'><p>Konsultacja z Rafa\u0142em by\u0142a przegenialna! Bez \u017cadnego skr\u0119powania mog\u0142am zada\u0107 ka\u017cde, nawet najbardziej naiwne pytanie. Dodatkowo dosta\u0142am ca\u0142e morze link\u00f3w do samodzielnej eksploracji. Naprawd\u0119 taka godzinna rozmowa jest trampolin\u0105 w stron\u0119 spe\u0142nienia marzenia o campervanie:)<br \/>\nWielkie dzi\u0119ki!<\/p>\n<\/div><\/div><\/div><\/div><div class='rt-col-md-12 rt-col-sm-6 rt-col-xs-12 even-grid-item tss-grid-item even-grid-item default-margin'><div class=\"single-item-wrapper\"><div class=\"tss-meta-info tss-left\"><h3 class='author-name'>Piotr<\/h3><div class=\"rating-wrapper\"><span data-star='1' class='star-1 dashicons dashicons-star-filled' aria-hidden='true'><\/span><span data-star='2' class='star-2 dashicons dashicons-star-filled' aria-hidden='true'><\/span><span data-star='3' class='star-3 dashicons dashicons-star-filled' aria-hidden='true'><\/span><span data-star='4' class='star-4 dashicons dashicons-star-filled' aria-hidden='true'><\/span><span data-star='5' class='star-5 dashicons dashicons-star-filled' aria-hidden='true'><\/span><\/div><\/div><div class=\"item-content-wrapper tss-right\"><div class='item-content'><p>Polecam wszystkim, kt\u00f3rzy zastanawiaj\u0105 si\u0119 nad budow\u0105. Warto skorzysta\u0107 z do\u015bwiadcze\u0144 osoby kt\u00f3ra siedzi w temacie znacznie d\u0142u\u017cej od nas<\/p>\n<\/div><\/div><\/div><\/div><div class='rt-col-md-12 rt-col-sm-6 rt-col-xs-12 even-grid-item tss-grid-item even-grid-item default-margin'><div class=\"single-item-wrapper\"><div class=\"tss-meta-info tss-left\"><h3 class='author-name'>Maciej<\/h3><div class=\"rating-wrapper\"><span data-star='1' class='star-1 dashicons dashicons-star-filled' aria-hidden='true'><\/span><span data-star='2' class='star-2 dashicons dashicons-star-filled' aria-hidden='true'><\/span><span data-star='3' class='star-3 dashicons dashicons-star-filled' aria-hidden='true'><\/span><span data-star='4' class='star-4 dashicons dashicons-star-filled' aria-hidden='true'><\/span><span data-star='5' class='star-5 dashicons dashicons-star-filled' aria-hidden='true'><\/span><\/div><\/div><div class=\"item-content-wrapper tss-right\"><div class='item-content'><p>[&#8230;] Rafa\u0142 podczas konsultacji cierpliwie wszystko t\u0142umaczy\u0142 i rozwiewa\u0142 wszelkie w\u0105tpliwo\u015bci podpieraj\u0105c je argumentami. Konsultacja naszym zdaniem jest konieczna je\u015bli kto\u015b chce zaoszcz\u0119dzi\u0107 sobie niepotrzebnej nerw\u00f3wki na etapie planowania ca\u0142ej technologi, kt\u00f3r\u0105 warto zastosowa\u0107, czy to jak zagospodarowa\u0107 miejsce pod swoje indywidualne potrzeby. Nie do\u015b\u0107, \u017ce wszystko w mi\u0142ej atmosferze, to cz\u0142owiek ko\u0144czy rozmowy m\u0105drzejszy o bardzo wa\u017cne aspekty, kt\u00f3re mog\u0142y si\u0119 wydawa\u0107 nieistotne \ud83d\ude42 polecamy!<\/p>\n<\/div><\/div><\/div><\/div><div class='rt-col-md-12 rt-col-sm-6 rt-col-xs-12 even-grid-item tss-grid-item even-grid-item default-margin'><div class=\"single-item-wrapper\"><div class=\"tss-meta-info tss-left\"><h3 class='author-name'>Jan<\/h3><div class=\"rating-wrapper\"><span data-star='1' class='star-1 dashicons dashicons-star-filled' aria-hidden='true'><\/span><span data-star='2' class='star-2 dashicons dashicons-star-filled' aria-hidden='true'><\/span><span data-star='3' class='star-3 dashicons dashicons-star-filled' aria-hidden='true'><\/span><span data-star='4' class='star-4 dashicons dashicons-star-filled' aria-hidden='true'><\/span><span data-star='5' class='star-5 dashicons dashicons-star-filled' aria-hidden='true'><\/span><\/div><\/div><div class=\"item-content-wrapper tss-right\"><div class='item-content'><p>Rekomenduj\u0119 kontakt z P. Rafa\u0142em i konsultacje z nim w sprawie budowy kampera. Osobi\u015bcie jestem bardzo zadowolony z dotychczasowej wsp\u00f3\u0142pracy i porad. Bardzo mi to pomog\u0142o w tworzeniu w\u0142asnego kampera i oczywi\u015bcie wiele skorzysta\u0142em z prowadzonych konsultacji [&#8230;]<\/p>\n<\/div><\/div><\/div><\/div><\/div><\/div>\n\n\n\n<div class=\"wp-block-columns has-background is-layout-flex wp-container-core-columns-is-layout-9d6595d7 wp-block-columns-is-layout-flex\" style=\"background-color:#fcfc0080\">\n<div class=\"wp-block-column is-layout-flow wp-block-column-is-layout-flow\" style=\"flex-basis:60%\">\n<p style=\"font-size:15px\"><strong>O MNIE<\/strong><br><br>Nazywam si\u0119 Rafa\u0142 Wajer. Z wykszta\u0142cenia jestem in\u017cynierem budownictwa. <br><br>Przez ponad 12 lat &#8211; pracowa\u0142em w bran\u017cy budowlanej w Polsce i Hiszpanii, realizuj\u0105c wielomilionowe inwestycje. Odpowiada\u0142em r\u00f3wnie\u017c za bud\u017cety portfela inwestycji w du\u017cej korporacji. <br><br><strong>W 2018 zbudowa\u0142em pierwszego kampera, kt\u00f3ry otworzy\u0142 mnie na now\u0105 bran\u017c\u0119 i zapocz\u0105tkowa\u0142 zmian\u0119 zawodowej drogi. Obecnie wraz zespo\u0142em realizujemy kolejne projekty w VANDALVAN.<\/strong><\/p>\n<\/div>\n\n\n\n<div class=\"wp-block-column is-vertically-aligned-center is-layout-flow wp-block-column-is-layout-flow\">\n<figure class=\"wp-block-image size-full\"><img loading=\"lazy\" decoding=\"async\" width=\"800\" height=\"800\" src=\"https:\/\/vandalvan.com\/wp-content\/uploads\/2020\/04\/rafal_png.png\" alt=\"\" class=\"wp-image-1184\" srcset=\"https:\/\/vandalvan.com\/wp-content\/uploads\/2020\/04\/rafal_png.png 800w, https:\/\/vandalvan.com\/wp-content\/uploads\/2020\/04\/rafal_png-250x250.png 250w, https:\/\/vandalvan.com\/wp-content\/uploads\/2020\/04\/rafal_png-100x100.png 100w, https:\/\/vandalvan.com\/wp-content\/uploads\/2020\/04\/rafal_png-350x350.png 350w, https:\/\/vandalvan.com\/wp-content\/uploads\/2020\/04\/rafal_png-300x300.png 300w, https:\/\/vandalvan.com\/wp-content\/uploads\/2020\/04\/rafal_png-150x150.png 150w, https:\/\/vandalvan.com\/wp-content\/uploads\/2020\/04\/rafal_png-768x768.png 768w\" sizes=\"auto, (max-width: 706px) 89vw, (max-width: 767px) 82vw, 740px\" \/><\/figure>\n<\/div>\n<\/div>\n<\/div><\/div>\n<\/div>\n<\/div>\n<\/div><\/div>\n\n\n\n<figure class=\"wp-block-embed is-type-video is-provider-youtube wp-block-embed-youtube wp-embed-aspect-16-9 wp-has-aspect-ratio\"><div class=\"wp-block-embed__wrapper\">\n<iframe loading=\"lazy\" title=\"OSZCZ\u0118DNO\u015aCI przy budowie kampera? \ud83d\ude90\ud83d\udcb0\" width=\"525\" height=\"295\" src=\"https:\/\/www.youtube.com\/embed\/eRxc3aORj2k?feature=oembed\" frameborder=\"0\" allow=\"accelerometer; autoplay; clipboard-write; encrypted-media; gyroscope; picture-in-picture; web-share\" referrerpolicy=\"strict-origin-when-cross-origin\" allowfullscreen><\/iframe>\n<\/div><\/figure>\n","protected":false},"excerpt":{"rendered":"<p>Buduj\u0105c kampera mo\u017cesz mie\u0107 w\u0105tpliwo\u015bci dotycz\u0105cych wyboru rozwi\u0105za\u0144. Moje do\u015bwiadczenie w budowie i znajomo\u015b\u0107 rynku &#8211; pozwoli zaoszcz\u0119dzi\u0107 Ci czas i pieni\u0105dze. Szykuj\u0105c si\u0119 do budowy kampera, kt\u00f3ry b\u0119dzie kosztowa\u0107 od 80 do 200 tysi\u0119cy z\u0142 warto zainwestowa\u0107 w zdobycie wiedzy. W CZYM MOG\u0118 CI POM\u00d3C? \u2714\ufe0f know-how z zakresu materia\u0142\u00f3w, technologii i rozwi\u0105za\u0144 dost\u0119pnych &hellip; <\/p>\n<p class=\"link-more\"><a href=\"https:\/\/vandalvan.com\/index.php\/testimonial\/jan\/\" class=\"more-link\">Czytaj dalej<span class=\"screen-reader-text\"> \u201eJan\u201d<\/span><\/a><\/p>\n","protected":false},"author":1,"featured_media":0,"parent":0,"menu_order":0,"comment_status":"closed","ping_status":"closed","template":"","meta":{"footnotes":""},"class_list":["post-1102","page","type-page","status-publish","hentry"],"yoast_head":"<!-- This site is optimized with the Yoast SEO plugin v26.8 - https:\/\/yoast.com\/product\/yoast-seo-wordpress\/ -->\n<title>Indywidualne konsultacje - VANDALVAN<\/title>\n<meta name=\"robots\" content=\"index, follow, max-snippet:-1, max-image-preview:large, max-video-preview:-1\" \/>\n<link rel=\"canonical\" href=\"https:\/\/vandalvan.com\/index.php\/indywidualne-konsultacje\/\" \/>\n<meta property=\"og:locale\" content=\"pl_PL\" \/>\n<meta property=\"og:type\" content=\"article\" \/>\n<meta property=\"og:title\" content=\"Indywidualne konsultacje - VANDALVAN\" \/>\n<meta property=\"og:description\" content=\"Buduj\u0105c kampera mo\u017cesz mie\u0107 w\u0105tpliwo\u015bci dotycz\u0105cych wyboru rozwi\u0105za\u0144. Moje do\u015bwiadczenie w budowie i znajomo\u015b\u0107 rynku &#8211; pozwoli zaoszcz\u0119dzi\u0107 Ci czas i pieni\u0105dze. Szykuj\u0105c si\u0119 do budowy kampera, kt\u00f3ry b\u0119dzie kosztowa\u0107 od 80 do 200 tysi\u0119cy z\u0142 warto zainwestowa\u0107 w zdobycie wiedzy. W CZYM MOG\u0118 CI POM\u00d3C? \u2714\ufe0f know-how z zakresu materia\u0142\u00f3w, technologii i rozwi\u0105za\u0144 dost\u0119pnych &hellip; Czytaj dalej \u201eJan\u201d\" \/>\n<meta property=\"og:url\" content=\"https:\/\/vandalvan.com\/index.php\/indywidualne-konsultacje\/\" \/>\n<meta property=\"og:site_name\" content=\"VANDALVAN\" \/>\n<meta property=\"article:modified_time\" content=\"2025-11-19T14:39:48+00:00\" \/>\n<meta property=\"og:image\" content=\"https:\/\/vandalvan.com\/wp-content\/uploads\/2023\/10\/Budujesz-kampera-3.jpg\" \/>\n\t<meta property=\"og:image:width\" content=\"960\" \/>\n\t<meta property=\"og:image:height\" content=\"1280\" \/>\n\t<meta property=\"og:image:type\" content=\"image\/jpeg\" \/>\n<meta name=\"twitter:card\" content=\"summary_large_image\" \/>\n<meta name=\"twitter:label1\" content=\"Szacowany czas czytania\" \/>\n\t<meta name=\"twitter:data1\" content=\"1 minuta\" \/>\n<script type=\"application\/ld+json\" class=\"yoast-schema-graph\">{\"@context\":\"https:\/\/schema.org\",\"@graph\":[{\"@type\":\"WebPage\",\"@id\":\"https:\/\/vandalvan.com\/index.php\/indywidualne-konsultacje\/\",\"url\":\"https:\/\/vandalvan.com\/index.php\/indywidualne-konsultacje\/\",\"name\":\"Indywidualne konsultacje - VANDALVAN\",\"isPartOf\":{\"@id\":\"https:\/\/vandalvan.com\/#website\"},\"primaryImageOfPage\":{\"@id\":\"https:\/\/vandalvan.com\/index.php\/indywidualne-konsultacje\/#primaryimage\"},\"image\":{\"@id\":\"https:\/\/vandalvan.com\/index.php\/indywidualne-konsultacje\/#primaryimage\"},\"thumbnailUrl\":\"https:\/\/vandalvan.com\/wp-content\/uploads\/2023\/10\/Budujesz-kampera-3-768x1024.jpg\",\"datePublished\":\"2022-09-15T11:14:47+00:00\",\"dateModified\":\"2025-11-19T14:39:48+00:00\",\"breadcrumb\":{\"@id\":\"https:\/\/vandalvan.com\/index.php\/indywidualne-konsultacje\/#breadcrumb\"},\"inLanguage\":\"pl-PL\",\"potentialAction\":[{\"@type\":\"ReadAction\",\"target\":[\"https:\/\/vandalvan.com\/index.php\/indywidualne-konsultacje\/\"]}]},{\"@type\":\"ImageObject\",\"inLanguage\":\"pl-PL\",\"@id\":\"https:\/\/vandalvan.com\/index.php\/indywidualne-konsultacje\/#primaryimage\",\"url\":\"https:\/\/vandalvan.com\/wp-content\/uploads\/2023\/10\/Budujesz-kampera-3.jpg\",\"contentUrl\":\"https:\/\/vandalvan.com\/wp-content\/uploads\/2023\/10\/Budujesz-kampera-3.jpg\",\"width\":960,\"height\":1280},{\"@type\":\"BreadcrumbList\",\"@id\":\"https:\/\/vandalvan.com\/index.php\/indywidualne-konsultacje\/#breadcrumb\",\"itemListElement\":[{\"@type\":\"ListItem\",\"position\":1,\"name\":\"Strona g\u0142\u00f3wna\",\"item\":\"https:\/\/vandalvan.com\/\"},{\"@type\":\"ListItem\",\"position\":2,\"name\":\"Indywidualne konsultacje\"}]},{\"@type\":\"WebSite\",\"@id\":\"https:\/\/vandalvan.com\/#website\",\"url\":\"https:\/\/vandalvan.com\/\",\"name\":\"VANDALVAN\",\"description\":\"Feels like home\",\"publisher\":{\"@id\":\"https:\/\/vandalvan.com\/#organization\"},\"potentialAction\":[{\"@type\":\"SearchAction\",\"target\":{\"@type\":\"EntryPoint\",\"urlTemplate\":\"https:\/\/vandalvan.com\/?s={search_term_string}\"},\"query-input\":{\"@type\":\"PropertyValueSpecification\",\"valueRequired\":true,\"valueName\":\"search_term_string\"}}],\"inLanguage\":\"pl-PL\"},{\"@type\":\"Organization\",\"@id\":\"https:\/\/vandalvan.com\/#organization\",\"name\":\"VANDALVAN\",\"url\":\"https:\/\/vandalvan.com\/\",\"logo\":{\"@type\":\"ImageObject\",\"inLanguage\":\"pl-PL\",\"@id\":\"https:\/\/vandalvan.com\/#\/schema\/logo\/image\/\",\"url\":\"https:\/\/vandalvan.com\/wp-content\/uploads\/2022\/08\/cropped-VANDALVAN-logo-haslo_biale.png\",\"contentUrl\":\"https:\/\/vandalvan.com\/wp-content\/uploads\/2022\/08\/cropped-VANDALVAN-logo-haslo_biale.png\",\"width\":631,\"height\":250,\"caption\":\"VANDALVAN\"},\"image\":{\"@id\":\"https:\/\/vandalvan.com\/#\/schema\/logo\/image\/\"}}]}<\/script>\n<!-- \/ Yoast SEO plugin. -->","yoast_head_json":{"title":"Indywidualne konsultacje - VANDALVAN","robots":{"index":"index","follow":"follow","max-snippet":"max-snippet:-1","max-image-preview":"max-image-preview:large","max-video-preview":"max-video-preview:-1"},"canonical":"https:\/\/vandalvan.com\/index.php\/indywidualne-konsultacje\/","og_locale":"pl_PL","og_type":"article","og_title":"Indywidualne konsultacje - VANDALVAN","og_description":"Buduj\u0105c kampera mo\u017cesz mie\u0107 w\u0105tpliwo\u015bci dotycz\u0105cych wyboru rozwi\u0105za\u0144. Moje do\u015bwiadczenie w budowie i znajomo\u015b\u0107 rynku &#8211; pozwoli zaoszcz\u0119dzi\u0107 Ci czas i pieni\u0105dze. Szykuj\u0105c si\u0119 do budowy kampera, kt\u00f3ry b\u0119dzie kosztowa\u0107 od 80 do 200 tysi\u0119cy z\u0142 warto zainwestowa\u0107 w zdobycie wiedzy. W CZYM MOG\u0118 CI POM\u00d3C? \u2714\ufe0f know-how z zakresu materia\u0142\u00f3w, technologii i rozwi\u0105za\u0144 dost\u0119pnych &hellip; Czytaj dalej \u201eJan\u201d","og_url":"https:\/\/vandalvan.com\/index.php\/indywidualne-konsultacje\/","og_site_name":"VANDALVAN","article_modified_time":"2025-11-19T14:39:48+00:00","og_image":[{"width":960,"height":1280,"url":"https:\/\/vandalvan.com\/wp-content\/uploads\/2023\/10\/Budujesz-kampera-3.jpg","type":"image\/jpeg"}],"twitter_card":"summary_large_image","twitter_misc":{"Szacowany czas czytania":"1 minuta"},"schema":{"@context":"https:\/\/schema.org","@graph":[{"@type":"WebPage","@id":"https:\/\/vandalvan.com\/index.php\/indywidualne-konsultacje\/","url":"https:\/\/vandalvan.com\/index.php\/indywidualne-konsultacje\/","name":"Indywidualne konsultacje - VANDALVAN","isPartOf":{"@id":"https:\/\/vandalvan.com\/#website"},"primaryImageOfPage":{"@id":"https:\/\/vandalvan.com\/index.php\/indywidualne-konsultacje\/#primaryimage"},"image":{"@id":"https:\/\/vandalvan.com\/index.php\/indywidualne-konsultacje\/#primaryimage"},"thumbnailUrl":"https:\/\/vandalvan.com\/wp-content\/uploads\/2023\/10\/Budujesz-kampera-3-768x1024.jpg","datePublished":"2022-09-15T11:14:47+00:00","dateModified":"2025-11-19T14:39:48+00:00","breadcrumb":{"@id":"https:\/\/vandalvan.com\/index.php\/indywidualne-konsultacje\/#breadcrumb"},"inLanguage":"pl-PL","potentialAction":[{"@type":"ReadAction","target":["https:\/\/vandalvan.com\/index.php\/indywidualne-konsultacje\/"]}]},{"@type":"ImageObject","inLanguage":"pl-PL","@id":"https:\/\/vandalvan.com\/index.php\/indywidualne-konsultacje\/#primaryimage","url":"https:\/\/vandalvan.com\/wp-content\/uploads\/2023\/10\/Budujesz-kampera-3.jpg","contentUrl":"https:\/\/vandalvan.com\/wp-content\/uploads\/2023\/10\/Budujesz-kampera-3.jpg","width":960,"height":1280},{"@type":"BreadcrumbList","@id":"https:\/\/vandalvan.com\/index.php\/indywidualne-konsultacje\/#breadcrumb","itemListElement":[{"@type":"ListItem","position":1,"name":"Strona g\u0142\u00f3wna","item":"https:\/\/vandalvan.com\/"},{"@type":"ListItem","position":2,"name":"Indywidualne konsultacje"}]},{"@type":"WebSite","@id":"https:\/\/vandalvan.com\/#website","url":"https:\/\/vandalvan.com\/","name":"VANDALVAN","description":"Feels like home","publisher":{"@id":"https:\/\/vandalvan.com\/#organization"},"potentialAction":[{"@type":"SearchAction","target":{"@type":"EntryPoint","urlTemplate":"https:\/\/vandalvan.com\/?s={search_term_string}"},"query-input":{"@type":"PropertyValueSpecification","valueRequired":true,"valueName":"search_term_string"}}],"inLanguage":"pl-PL"},{"@type":"Organization","@id":"https:\/\/vandalvan.com\/#organization","name":"VANDALVAN","url":"https:\/\/vandalvan.com\/","logo":{"@type":"ImageObject","inLanguage":"pl-PL","@id":"https:\/\/vandalvan.com\/#\/schema\/logo\/image\/","url":"https:\/\/vandalvan.com\/wp-content\/uploads\/2022\/08\/cropped-VANDALVAN-logo-haslo_biale.png","contentUrl":"https:\/\/vandalvan.com\/wp-content\/uploads\/2022\/08\/cropped-VANDALVAN-logo-haslo_biale.png","width":631,"height":250,"caption":"VANDALVAN"},"image":{"@id":"https:\/\/vandalvan.com\/#\/schema\/logo\/image\/"}}]}},"_links":{"self":[{"href":"https:\/\/vandalvan.com\/index.php\/wp-json\/wp\/v2\/pages\/1102","targetHints":{"allow":["GET"]}}],"collection":[{"href":"https:\/\/vandalvan.com\/index.php\/wp-json\/wp\/v2\/pages"}],"about":[{"href":"https:\/\/vandalvan.com\/index.php\/wp-json\/wp\/v2\/types\/page"}],"author":[{"embeddable":true,"href":"https:\/\/vandalvan.com\/index.php\/wp-json\/wp\/v2\/users\/1"}],"replies":[{"embeddable":true,"href":"https:\/\/vandalvan.com\/index.php\/wp-json\/wp\/v2\/comments?post=1102"}],"version-history":[{"count":0,"href":"https:\/\/vandalvan.com\/index.php\/wp-json\/wp\/v2\/pages\/1102\/revisions"}],"wp:attachment":[{"href":"https:\/\/vandalvan.com\/index.php\/wp-json\/wp\/v2\/media?parent=1102"}],"curies":[{"name":"wp","href":"https:\/\/api.w.org\/{rel}","templated":true}]}}