{"id":10,"date":"2019-07-26T10:16:14","date_gmt":"2019-07-26T10:16:14","guid":{"rendered":"http:\/\/vandalvan.com\/?page_id=10"},"modified":"2021-02-17T18:47:09","modified_gmt":"2021-02-17T18:47:09","slug":"kontakt","status":"publish","type":"page","link":"https:\/\/vandalvan.com\/index.php\/kontakt\/","title":{"rendered":"Kontakt"},"content":{"rendered":"<p>Je\u017celi interesuje Ci\u0119 wynajem campervana, chcia\u0142by\u015b spr\u00f3bowa\u0107 vanlife-u lub my\u015blisz o budowie swojego domu na k\u00f3\u0142kach napisz do nas na <strong><a href=\"https:\/\/www.facebook.com\/vandalvancom\">FB<\/a><\/strong> lub <a href=\"https:\/\/www.instagram.com\/vandal.van\/\"><strong>Instagramie<\/strong><\/a>.<\/p>\n<p>Mo\u017cesz r\u00f3wnie\u017c do nas napisa\u0107 maila:<br \/><strong>rafal@vandalvan.com<\/strong><br \/><strong>kasia@vandalvan.com<\/strong><\/p>\n<p>[mailmunch-form id=&#8221;1003191&#8243;]<\/p>\n\n\n<p><\/p>\n","protected":false},"excerpt":{"rendered":"<p>Je\u017celi interesuje Ci\u0119 wynajem campervana, chcia\u0142by\u015b spr\u00f3bowa\u0107 vanlife-u lub my\u015blisz o budowie swojego domu na k\u00f3\u0142kach napisz do nas na FB lub Instagramie. Mo\u017cesz r\u00f3wnie\u017c do nas napisa\u0107 maila:rafal@vandalvan.comkasia@vandalvan.com [mailmunch-form id=&#8221;1003191&#8243;]<\/p>\n","protected":false},"author":1,"featured_media":319,"parent":0,"menu_order":0,"comment_status":"closed","ping_status":"closed","template":"","meta":{"footnotes":""},"class_list":["post-10","page","type-page","status-publish","has-post-thumbnail","hentry"],"yoast_head":"<!-- This site is optimized with the Yoast SEO plugin v26.8 - https:\/\/yoast.com\/product\/yoast-seo-wordpress\/ -->\n<title>Kontakt - VANDALVAN<\/title>\n<meta name=\"description\" content=\"Je\u017celi chcia\u0142by\u015b spr\u00f3bowa\u0107 podr\u00f3\u017cy w campervanie, sam my\u015blisz o przebudowie vana na kampera skontaktuj si\u0119 z nami - z ch\u0119ci\u0105 pomo\u017cemy.\" \/>\n<meta name=\"robots\" content=\"index, follow, max-snippet:-1, max-image-preview:large, max-video-preview:-1\" \/>\n<link rel=\"canonical\" href=\"https:\/\/vandalvan.com\/index.php\/kontakt\/\" \/>\n<meta property=\"og:locale\" content=\"pl_PL\" \/>\n<meta property=\"og:type\" content=\"article\" \/>\n<meta property=\"og:title\" content=\"Kontakt - VANDALVAN\" \/>\n<meta property=\"og:description\" content=\"Je\u017celi chcia\u0142by\u015b spr\u00f3bowa\u0107 podr\u00f3\u017cy w campervanie, sam my\u015blisz o przebudowie vana na kampera skontaktuj si\u0119 z nami - z ch\u0119ci\u0105 pomo\u017cemy.\" \/>\n<meta property=\"og:url\" content=\"https:\/\/vandalvan.com\/index.php\/kontakt\/\" \/>\n<meta property=\"og:site_name\" content=\"VANDALVAN\" \/>\n<meta property=\"article:modified_time\" content=\"2021-02-17T18:47:09+00:00\" \/>\n<meta property=\"og:image\" content=\"https:\/\/vandalvan.com\/wp-content\/uploads\/2019\/11\/rowery-scaled.jpg\" \/>\n\t<meta property=\"og:image:width\" content=\"2560\" \/>\n\t<meta property=\"og:image:height\" content=\"1868\" \/>\n\t<meta property=\"og:image:type\" content=\"image\/jpeg\" \/>\n<meta name=\"twitter:card\" content=\"summary_large_image\" \/>\n<script type=\"application\/ld+json\" class=\"yoast-schema-graph\">{\"@context\":\"https:\/\/schema.org\",\"@graph\":[{\"@type\":\"WebPage\",\"@id\":\"https:\/\/vandalvan.com\/index.php\/kontakt\/\",\"url\":\"https:\/\/vandalvan.com\/index.php\/kontakt\/\",\"name\":\"Kontakt - VANDALVAN\",\"isPartOf\":{\"@id\":\"https:\/\/vandalvan.com\/#website\"},\"primaryImageOfPage\":{\"@id\":\"https:\/\/vandalvan.com\/index.php\/kontakt\/#primaryimage\"},\"image\":{\"@id\":\"https:\/\/vandalvan.com\/index.php\/kontakt\/#primaryimage\"},\"thumbnailUrl\":\"https:\/\/vandalvan.com\/wp-content\/uploads\/2019\/11\/rowery-scaled.jpg\",\"datePublished\":\"2019-07-26T10:16:14+00:00\",\"dateModified\":\"2021-02-17T18:47:09+00:00\",\"description\":\"Je\u017celi chcia\u0142by\u015b spr\u00f3bowa\u0107 podr\u00f3\u017cy w campervanie, sam my\u015blisz o przebudowie vana na kampera skontaktuj si\u0119 z nami - z ch\u0119ci\u0105 pomo\u017cemy.\",\"breadcrumb\":{\"@id\":\"https:\/\/vandalvan.com\/index.php\/kontakt\/#breadcrumb\"},\"inLanguage\":\"pl-PL\",\"potentialAction\":[{\"@type\":\"ReadAction\",\"target\":[\"https:\/\/vandalvan.com\/index.php\/kontakt\/\"]}]},{\"@type\":\"ImageObject\",\"inLanguage\":\"pl-PL\",\"@id\":\"https:\/\/vandalvan.com\/index.php\/kontakt\/#primaryimage\",\"url\":\"https:\/\/vandalvan.com\/wp-content\/uploads\/2019\/11\/rowery-scaled.jpg\",\"contentUrl\":\"https:\/\/vandalvan.com\/wp-content\/uploads\/2019\/11\/rowery-scaled.jpg\",\"width\":2560,\"height\":1868},{\"@type\":\"BreadcrumbList\",\"@id\":\"https:\/\/vandalvan.com\/index.php\/kontakt\/#breadcrumb\",\"itemListElement\":[{\"@type\":\"ListItem\",\"position\":1,\"name\":\"Strona g\u0142\u00f3wna\",\"item\":\"https:\/\/vandalvan.com\/\"},{\"@type\":\"ListItem\",\"position\":2,\"name\":\"Kontakt\"}]},{\"@type\":\"WebSite\",\"@id\":\"https:\/\/vandalvan.com\/#website\",\"url\":\"https:\/\/vandalvan.com\/\",\"name\":\"VANDALVAN\",\"description\":\"Feels like home\",\"publisher\":{\"@id\":\"https:\/\/vandalvan.com\/#organization\"},\"potentialAction\":[{\"@type\":\"SearchAction\",\"target\":{\"@type\":\"EntryPoint\",\"urlTemplate\":\"https:\/\/vandalvan.com\/?s={search_term_string}\"},\"query-input\":{\"@type\":\"PropertyValueSpecification\",\"valueRequired\":true,\"valueName\":\"search_term_string\"}}],\"inLanguage\":\"pl-PL\"},{\"@type\":\"Organization\",\"@id\":\"https:\/\/vandalvan.com\/#organization\",\"name\":\"VANDALVAN\",\"url\":\"https:\/\/vandalvan.com\/\",\"logo\":{\"@type\":\"ImageObject\",\"inLanguage\":\"pl-PL\",\"@id\":\"https:\/\/vandalvan.com\/#\/schema\/logo\/image\/\",\"url\":\"https:\/\/vandalvan.com\/wp-content\/uploads\/2022\/08\/cropped-VANDALVAN-logo-haslo_biale.png\",\"contentUrl\":\"https:\/\/vandalvan.com\/wp-content\/uploads\/2022\/08\/cropped-VANDALVAN-logo-haslo_biale.png\",\"width\":631,\"height\":250,\"caption\":\"VANDALVAN\"},\"image\":{\"@id\":\"https:\/\/vandalvan.com\/#\/schema\/logo\/image\/\"}}]}<\/script>\n<!-- \/ Yoast SEO plugin. -->","yoast_head_json":{"title":"Kontakt - VANDALVAN","description":"Je\u017celi chcia\u0142by\u015b spr\u00f3bowa\u0107 podr\u00f3\u017cy w campervanie, sam my\u015blisz o przebudowie vana na kampera skontaktuj si\u0119 z nami - z ch\u0119ci\u0105 pomo\u017cemy.","robots":{"index":"index","follow":"follow","max-snippet":"max-snippet:-1","max-image-preview":"max-image-preview:large","max-video-preview":"max-video-preview:-1"},"canonical":"https:\/\/vandalvan.com\/index.php\/kontakt\/","og_locale":"pl_PL","og_type":"article","og_title":"Kontakt - VANDALVAN","og_description":"Je\u017celi chcia\u0142by\u015b spr\u00f3bowa\u0107 podr\u00f3\u017cy w campervanie, sam my\u015blisz o przebudowie vana na kampera skontaktuj si\u0119 z nami - z ch\u0119ci\u0105 pomo\u017cemy.","og_url":"https:\/\/vandalvan.com\/index.php\/kontakt\/","og_site_name":"VANDALVAN","article_modified_time":"2021-02-17T18:47:09+00:00","og_image":[{"width":2560,"height":1868,"url":"https:\/\/vandalvan.com\/wp-content\/uploads\/2019\/11\/rowery-scaled.jpg","type":"image\/jpeg"}],"twitter_card":"summary_large_image","schema":{"@context":"https:\/\/schema.org","@graph":[{"@type":"WebPage","@id":"https:\/\/vandalvan.com\/index.php\/kontakt\/","url":"https:\/\/vandalvan.com\/index.php\/kontakt\/","name":"Kontakt - VANDALVAN","isPartOf":{"@id":"https:\/\/vandalvan.com\/#website"},"primaryImageOfPage":{"@id":"https:\/\/vandalvan.com\/index.php\/kontakt\/#primaryimage"},"image":{"@id":"https:\/\/vandalvan.com\/index.php\/kontakt\/#primaryimage"},"thumbnailUrl":"https:\/\/vandalvan.com\/wp-content\/uploads\/2019\/11\/rowery-scaled.jpg","datePublished":"2019-07-26T10:16:14+00:00","dateModified":"2021-02-17T18:47:09+00:00","description":"Je\u017celi chcia\u0142by\u015b spr\u00f3bowa\u0107 podr\u00f3\u017cy w campervanie, sam my\u015blisz o przebudowie vana na kampera skontaktuj si\u0119 z nami - z ch\u0119ci\u0105 pomo\u017cemy.","breadcrumb":{"@id":"https:\/\/vandalvan.com\/index.php\/kontakt\/#breadcrumb"},"inLanguage":"pl-PL","potentialAction":[{"@type":"ReadAction","target":["https:\/\/vandalvan.com\/index.php\/kontakt\/"]}]},{"@type":"ImageObject","inLanguage":"pl-PL","@id":"https:\/\/vandalvan.com\/index.php\/kontakt\/#primaryimage","url":"https:\/\/vandalvan.com\/wp-content\/uploads\/2019\/11\/rowery-scaled.jpg","contentUrl":"https:\/\/vandalvan.com\/wp-content\/uploads\/2019\/11\/rowery-scaled.jpg","width":2560,"height":1868},{"@type":"BreadcrumbList","@id":"https:\/\/vandalvan.com\/index.php\/kontakt\/#breadcrumb","itemListElement":[{"@type":"ListItem","position":1,"name":"Strona g\u0142\u00f3wna","item":"https:\/\/vandalvan.com\/"},{"@type":"ListItem","position":2,"name":"Kontakt"}]},{"@type":"WebSite","@id":"https:\/\/vandalvan.com\/#website","url":"https:\/\/vandalvan.com\/","name":"VANDALVAN","description":"Feels like home","publisher":{"@id":"https:\/\/vandalvan.com\/#organization"},"potentialAction":[{"@type":"SearchAction","target":{"@type":"EntryPoint","urlTemplate":"https:\/\/vandalvan.com\/?s={search_term_string}"},"query-input":{"@type":"PropertyValueSpecification","valueRequired":true,"valueName":"search_term_string"}}],"inLanguage":"pl-PL"},{"@type":"Organization","@id":"https:\/\/vandalvan.com\/#organization","name":"VANDALVAN","url":"https:\/\/vandalvan.com\/","logo":{"@type":"ImageObject","inLanguage":"pl-PL","@id":"https:\/\/vandalvan.com\/#\/schema\/logo\/image\/","url":"https:\/\/vandalvan.com\/wp-content\/uploads\/2022\/08\/cropped-VANDALVAN-logo-haslo_biale.png","contentUrl":"https:\/\/vandalvan.com\/wp-content\/uploads\/2022\/08\/cropped-VANDALVAN-logo-haslo_biale.png","width":631,"height":250,"caption":"VANDALVAN"},"image":{"@id":"https:\/\/vandalvan.com\/#\/schema\/logo\/image\/"}}]}},"_links":{"self":[{"href":"https:\/\/vandalvan.com\/index.php\/wp-json\/wp\/v2\/pages\/10","targetHints":{"allow":["GET"]}}],"collection":[{"href":"https:\/\/vandalvan.com\/index.php\/wp-json\/wp\/v2\/pages"}],"about":[{"href":"https:\/\/vandalvan.com\/index.php\/wp-json\/wp\/v2\/types\/page"}],"author":[{"embeddable":true,"href":"https:\/\/vandalvan.com\/index.php\/wp-json\/wp\/v2\/users\/1"}],"replies":[{"embeddable":true,"href":"https:\/\/vandalvan.com\/index.php\/wp-json\/wp\/v2\/comments?post=10"}],"version-history":[{"count":0,"href":"https:\/\/vandalvan.com\/index.php\/wp-json\/wp\/v2\/pages\/10\/revisions"}],"wp:featuredmedia":[{"embeddable":true,"href":"https:\/\/vandalvan.com\/index.php\/wp-json\/wp\/v2\/media\/319"}],"wp:attachment":[{"href":"https:\/\/vandalvan.com\/index.php\/wp-json\/wp\/v2\/media?parent=10"}],"curies":[{"name":"wp","href":"https:\/\/api.w.org\/{rel}","templated":true}]}}